{"id":1289,"date":"2011-07-11T18:01:34","date_gmt":"2011-07-11T16:01:34","guid":{"rendered":"https:\/\/webs.uab.cat\/workshopmrama\/colaboradores\/"},"modified":"2026-04-17T18:18:34","modified_gmt":"2026-04-17T16:18:34","slug":"colaboradores","status":"publish","type":"page","link":"https:\/\/webs.uab.cat\/workshopmrama\/colaboradores\/","title":{"rendered":"Colaboradores"},"content":{"rendered":"<p><span style=\"color: #7030a0\"><strong>EMPRESAS DE MICROBIOLOG\u00cdA<\/strong><\/span><\/p>\n<p><strong>\u2022<\/strong> <a href=\"https:\/\/arquea.bio\/es\/\" target=\"_blank\" rel=\"noopener\"><em>Arquea Biological Innovations<\/em><\/a><\/p>\n<p><strong>\u2022<\/strong> <a style=\"font-size: revert;letter-spacing: 0.05rem\" href=\"https:\/\/es.vwr.com\/store\/\" target=\"_blank\" rel=\"noopener\"><em>Avantor (VWR International Eurolab)<\/em><\/a><\/p>\n<p><strong>\u2022<\/strong>\u00a0<em style=\"font-size: revert;letter-spacing: 0.05rem\"><a href=\"https:\/\/www.biomerieux-industry.com\/es\" target=\"_blank\" rel=\"noopener\">bioM\u00e9rieux Iberia<\/a><\/em><\/p>\n<p><strong>\u2022<\/strong>\u00a0<em style=\"font-size: revert;letter-spacing: 0.05rem\"><a href=\"https:\/\/www.bioser.com\" target=\"_blank\" rel=\"noopener\">Bioser<\/a><\/em><\/p>\n<p><strong>\u2022<\/strong>\u00a0<em style=\"font-size: revert;letter-spacing: 0.05rem\"><a href=\"https:\/\/www.biosystems.es\" target=\"_blank\" rel=\"noopener\">BioSystems<\/a><\/em><\/p>\n<p><strong>\u2022<\/strong>\u00a0<em><a href=\"https:\/\/www.bisdetection.com\/\" target=\"_blank\" rel=\"noopener\">BisDetection<\/a><\/em><\/p>\n<p><strong>\u2022<\/strong>\u00a0<a href=\"https:\/\/www.bwt-pharma.com\/es\/productos\/tecnologias-principales\/aqua-sense-mb\" target=\"_blank\" rel=\"noopener\"><em>BWT Pharma &amp; Biotech Ib\u00e9rica<\/em><\/a><\/p>\n<p><strong>\u2022<\/strong>\u00a0<em><a href=\"https:\/\/www.christeyns.com\/es-es\" target=\"_blank\" rel=\"noopener\">Christeyns Espa\u00f1a<\/a><\/em><\/p>\n<p><strong>\u2022<\/strong>\u00a0<em style=\"font-size: revert;letter-spacing: 0.05rem\"><a href=\"https:\/\/www.condalab.com\" target=\"_blank\" rel=\"noopener\">Condalab<\/a><\/em><\/p>\n<p><strong>\u2022<\/strong> <em style=\"font-size: revert;letter-spacing: 0.05rem\"><a href=\"https:\/\/www.deltalabgroup.com\/\" target=\"_blank\" rel=\"noopener\">Deltalab member of SCGP<\/a><\/em><\/p>\n<p><strong>\u2022<\/strong> <a href=\"https:\/\/labnovasl.com\/programa-de-ensayos-de-aptitud-ecuante\/\" target=\"_blank\" rel=\"noopener\"><em>Ecuante Ensayos de Aptitud<\/em><\/a><\/p>\n<p><strong>\u2022<\/strong> <a href=\"http:\/\/www.epicasl.com\/\" target=\"_blank\" rel=\"noopener\"><em>EPICA<\/em><\/a><\/p>\n<p><strong>\u2022<\/strong>\u00a0<em><a href=\"https:\/\/www.hygiena.com\/\" target=\"_blank\" rel=\"noopener\">Hygiena<\/a><\/em><\/p>\n<p><strong>\u2022<\/strong>\u00a0<em style=\"font-size: revert;letter-spacing: 0.05rem\"><a href=\"https:\/\/www.idexx.es\" target=\"_blank\" rel=\"noopener\">IDEXX Laboratorios<\/a><\/em><\/p>\n<p><strong>\u2022<\/strong>\u00a0<em style=\"font-size: revert;letter-spacing: 0.05rem\"><a href=\"https:\/\/www.illumina.com\" target=\"_blank\" rel=\"noopener\">Illumina Productos Espa\u00f1a<\/a><\/em><\/p>\n<p><strong>\u2022<\/strong>\u00a0<em style=\"font-size: revert;letter-spacing: 0.05rem\"><a href=\"https:\/\/webs.uab.cat\/workshopmrama\/interscience\/\" target=\"_blank\" rel=\"noopener\">Interscience<\/a><\/em><\/p>\n<p><strong>\u2022<\/strong>\u00a0<em style=\"font-size: revert;letter-spacing: 0.05rem\"><a href=\"https:\/\/iul-instruments.com\" target=\"_blank\" rel=\"noopener\">IUL<\/a><\/em><\/p>\n<p><strong>\u2022<\/strong>\u00a0<a style=\"font-size: revert;letter-spacing: 0.05rem\" href=\"https:\/\/www.kersia-group.com\/es-es\/\" target=\"_blank\" rel=\"noopener\"><em>Kersia Ib\u00e9rica<\/em><\/a><\/p>\n<p><strong>\u2022<\/strong>\u00a0<em style=\"font-size: revert;letter-spacing: 0.05rem\"><a href=\"https:\/\/www.lgcstandards.com\/ES\/es\" target=\"_blank\" rel=\"noopener\">LGC Standards<\/a><\/em><\/p>\n<p><strong>\u2022<\/strong>\u00a0<em style=\"font-size: revert;letter-spacing: 0.05rem\"><a href=\"https:\/\/dna.macrogen.com\" target=\"_blank\" rel=\"noopener\">Macrogen Spain<\/a><\/em><\/p>\n<p><strong>\u2022<\/strong>\u00a0<em style=\"font-size: revert;letter-spacing: 0.05rem\"><a href=\"https:\/\/www.sigmaaldrich.com\/ES\/es\/applications\/microbiological-testing\" target=\"_blank\" rel=\"noopener\">Merck Life Science<\/a><\/em><\/p>\n<p><strong>\u2022<\/strong>\u00a0<em style=\"font-size: revert;letter-spacing: 0.05rem\"><a href=\"https:\/\/www.microkit.es\" target=\"_blank\" rel=\"noopener\">Laboratorios Microkit<\/a><\/em><\/p>\n<p><strong>\u2022<\/strong> <a href=\"https:\/\/microlitix.com\" target=\"_blank\" rel=\"noopener\"><em>Microlitix<\/em><\/a><\/p>\n<p><strong>\u2022<\/strong>\u00a0<em style=\"font-size: revert;letter-spacing: 0.05rem\"><a href=\"https:\/\/www.microplanet-psl.com\/es\" target=\"_blank\" rel=\"noopener\">MicroPlanet Laboratorios<\/a><\/em><\/p>\n<p><strong>\u2022<\/strong> <a href=\"https:\/\/www.neogen.com\/es\" target=\"_blank\" rel=\"noopener\"><em>Neogen<\/em><\/a><\/p>\n<p><strong>\u2022<\/strong> <em><a href=\"http:\/\/www.olobion.ai\" target=\"_blank\" rel=\"noopener\">oloBion<\/a><\/em><\/p>\n<p><strong>\u2022 <\/strong><em><a style=\"font-size: revert;letter-spacing: 0.05rem\" href=\"https:\/\/www.itwreagents.com\/iberia\/es\/home\" target=\"_blank\" rel=\"noreferrer noopener\">PanReac AppliChem<\/a><\/em><\/p>\n<p><strong>\u2022\u00a0<\/strong><em style=\"font-size: revert;letter-spacing: 0.05rem\"><a href=\"https:\/\/www.quimivita.es\/\" target=\"_blank\" rel=\"noreferrer noopener\">Quimivita<\/a><\/em><\/p>\n<p><strong>\u2022<\/strong> <a href=\"https:\/\/www.scharlab.com\/es\/es\/\" target=\"_blank\" rel=\"noopener\"><em>Scharlab<\/em><\/a><\/p>\n<p><strong>\u2022<\/strong>\u00a0<a style=\"font-size: revert;letter-spacing: 0.05rem\" href=\"https:\/\/www.thermofisher.com\/es\/es\/home\/industrial\/microbiology.html\" target=\"_blank\" rel=\"noopener\"><em>Thermo Fisher Scientific<\/em><\/a><\/p>\n<p><strong>\u2022<\/strong>\u00a0<em style=\"font-size: revert;letter-spacing: 0.05rem\"><a href=\"https:\/\/www.werfen.com\/es\/es\/biologia-molecular\" target=\"_blank\" rel=\"noopener\">Werfen<\/a><\/em><\/p>\n<p><span style=\"color: #7030a0\">Los patrocinadores del <em>workshop <\/em>MRAMA:<\/span> <a href=\"https:\/\/webs.uab.cat\/workshopmrama\/wp-content\/uploads\/sites\/312\/2011\/07\/Patrocinadores_IV_workshop_MRAMA.pdf\" target=\"_blank\" rel=\"noopener\">IV<\/a> \/ <a href=\"https:\/\/webs.uab.cat\/workshopmrama\/wp-content\/uploads\/sites\/312\/2011\/07\/Patrocinadores_V_workshop_MRAMA.pdf\" target=\"_blank\" rel=\"noopener\">V<\/a> \/ <a href=\"https:\/\/webs.uab.cat\/workshopmrama\/wp-content\/uploads\/sites\/312\/2011\/07\/Patrocinadores_VI_workshop_MRAMA.pdf\" target=\"_blank\" rel=\"noopener\">VI<\/a> \/ <a href=\"https:\/\/webs.uab.cat\/workshopmrama\/wp-content\/uploads\/sites\/312\/2011\/07\/Patrocinadores_VII_workshop_MRAMA.pdf\" target=\"_blank\" rel=\"noopener\">VII<\/a> \/ <a href=\"https:\/\/webs.uab.cat\/workshopmrama\/wp-content\/uploads\/sites\/312\/2011\/07\/Patrocinadores_VIII_workshop_MRAMA.pdf\" target=\"_blank\" rel=\"noopener\">VIII<\/a> \/ <a href=\"https:\/\/webs.uab.cat\/workshopmrama\/wp-content\/uploads\/sites\/312\/2011\/07\/Patrocinadores_IX_workshop_MRAMA.pdf\" target=\"_blank\" rel=\"noopener\">IX<\/a> \/ <a href=\"https:\/\/webs.uab.cat\/workshopmrama\/wp-content\/uploads\/sites\/312\/2011\/07\/Patrocinadores_X_workshop_MRAMA.pdf\" target=\"_blank\" rel=\"noopener\">X<\/a> \/ <a href=\"https:\/\/webs.uab.cat\/workshopmrama\/wp-content\/uploads\/sites\/312\/2011\/07\/Patrocinadores_XI_workshop_MRAMA.pdf\" target=\"_blank\" rel=\"noopener\">XI<\/a> \/ <a href=\"https:\/\/webs.uab.cat\/workshopmrama\/wp-content\/uploads\/sites\/312\/2011\/07\/Patrocinadores_XII_workshop_MRAMA.pdf\" target=\"_blank\" rel=\"noopener\">XII<\/a> \/ <a href=\"https:\/\/webs.uab.cat\/workshopmrama\/wp-content\/uploads\/sites\/312\/2011\/07\/Patrocinadores_XIII_workshop_MRAMA.pdf\" target=\"_blank\" rel=\"noopener\">XIII<\/a> \/ <a href=\"https:\/\/webs.uab.cat\/workshopmrama\/wp-content\/uploads\/sites\/312\/2011\/07\/Patrocinadores_XIV_workshop_MRAMA.pdf\" target=\"_blank\" rel=\"noopener\">XIV<\/a> \/ <a href=\"https:\/\/webs.uab.cat\/workshopmrama\/wp-content\/uploads\/sites\/312\/2011\/07\/Patrocinadores_XV_workshop_MRAMA.pdf\" target=\"_blank\" rel=\"noopener\">XV<\/a> \/ <a href=\"https:\/\/webs.uab.cat\/workshopmrama\/wp-content\/uploads\/sites\/312\/2011\/07\/patrocinadores_xvi_workshop_mrama.pdf\" target=\"_blank\" rel=\"noopener\">XVI<\/a>\u00a0\/ <a href=\"https:\/\/webs.uab.cat\/workshopmrama\/wp-content\/uploads\/sites\/312\/2011\/07\/patrocinadores_xvii_workshop_mrama.pdf\" target=\"_blank\" rel=\"noopener\">XVII<\/a>\u00a0\/ <a href=\"https:\/\/webs.uab.cat\/workshopmrama\/wp-content\/uploads\/sites\/312\/2011\/07\/patrocinadores_xviii_workshop_mrama.pdf\" target=\"_blank\" rel=\"noopener\">XVIII<\/a>\u00a0\/ <a href=\"https:\/\/webs.uab.cat\/workshopmrama\/wp-content\/uploads\/sites\/312\/2011\/07\/patrocinadores_xix_workshop_mrama.pdf\" target=\"_blank\" rel=\"noopener\">XIX<\/a>\u00a0\/\u00a0<a href=\"https:\/\/webs.uab.cat\/workshopmrama\/wp-content\/uploads\/sites\/312\/2011\/07\/patrocinadores_xix.2_workshop_mrama.pdf\" target=\"_blank\" rel=\"noopener\">XIX.2<\/a>\u00a0\/\u00a0<a href=\"https:\/\/webs.uab.cat\/workshopmrama\/wp-content\/uploads\/sites\/312\/2011\/07\/patrocinadores_xx_workshop_mrama.pdf\" target=\"_blank\" rel=\"noopener\">XX<\/a> \/ <a href=\"https:\/\/webs.uab.cat\/workshopmrama\/wp-content\/uploads\/sites\/312\/2023\/11\/patrocinadores_xxi_workshop_mrama.pdf\" target=\"_blank\" rel=\"noopener\">XXI<\/a>\u00a0\/ <a href=\"https:\/\/webs.uab.cat\/workshopmrama\/wp-content\/uploads\/sites\/312\/2024\/12\/patrocinadores_xxii_workshop_mrama.pdf\" target=\"_blank\" rel=\"noopener\">XXII<\/a>\u00a0\/ <a href=\"https:\/\/webs.uab.cat\/workshopmrama\/wp-content\/uploads\/sites\/312\/2025\/11\/patrocinadores_xxiii_workshop_mrama.pdf\" target=\"_blank\" rel=\"noopener\">XXIII<\/a><\/p>\n<p><span style=\"color: #7030a0\"><strong>OTRAS ENTIDADES<\/strong><\/span><\/p>\n<p><strong>\u2022<\/strong> <em><a href=\"https:\/\/www.aenor.com\" target=\"_blank\" rel=\"noopener\">AENOR<\/a><\/em><\/p>\n<p><strong>\u2022<\/strong>\u00a0<a href=\"https:\/\/www.aspb.cat\/es\" target=\"_blank\" rel=\"noopener\">Ag\u00e8ncia de Salut P\u00fablica de Barcelona <em>(ASPB)<\/em><\/a><\/p>\n<p><strong>\u2022<\/strong>\u00a0<a href=\"https:\/\/salutpublica.gencat.cat\/ca\/inici\/index.html#googtrans(ca|es)\" target=\"_blank\" rel=\"noopener\">Ag\u00e8ncia de Salut P\u00fablica de Catalunya <em>(ASPCAT)<\/em><\/a><\/p>\n<p><strong>\u2022<\/strong> <em><a href=\"https:\/\/www.ainia.es\" target=\"_blank\" rel=\"noopener\">AINIA<\/a><\/em><\/p>\n<p><strong>\u2022<\/strong>\u00a0<em><a href=\"http:\/\/www.acofesal.org\/\" target=\"_blank\" rel=\"noopener\">Asociaci\u00f3n de Consultores y Formadores de Espa\u00f1a en Calidad y Seguridad Alimentaria (ACOFESAL)<\/a><\/em><\/p>\n<p><strong>\u2022<\/strong>\u00a0<a href=\"https:\/\/acca.iec.cat\" target=\"_blank\" rel=\"noopener\">Associaci\u00f3 Catalana de Ci\u00e8ncies de l\u2019Alimentaci\u00f3 <em>(ACCA)<\/em><\/a><\/p>\n<p><strong>\u2022<\/strong>\u00a0<a href=\"https:\/\/es.associaciocta.com\" target=\"_blank\" rel=\"noopener\">Associaci\u00f3 Catalana de Cient\u00edfics i Tecn\u00f2legs dels Aliments <em>(ACCTA)<\/em><\/a><\/p>\n<p><strong>\u2022<\/strong>\u00a0<a href=\"https:\/\/avhic.com\/es\" target=\"_blank\" rel=\"noopener\">Associaci\u00f3 de Veterinaris i Higienistes de Catalunya <em>(AVHIC)<\/em><\/a><\/p>\n<p><strong>\u2022<\/strong>\u00a0<em><a href=\"https:\/\/www.cnta.es\" target=\"_blank\" rel=\"noopener\">Centro Nacional de Tecnolog\u00eda y Seguridad Alimentaria (CNTA)<\/a><\/em><\/p>\n<p><strong>\u2022<\/strong> <em><a href=\"https:\/\/www.elenemigoentucocina.com\" target=\"_blank\" rel=\"noopener\">El Enemigo en tu Cocina<\/a><\/em><\/p>\n<p><strong>\u2022<\/strong>\u00a0<em><a href=\"https:\/\/www.semicrobiologia.org\" target=\"_blank\" rel=\"noopener\">Sociedad Espa\u00f1ola de Microbiolog\u00eda (SEM)<\/a><\/em><\/p>\n<p><strong>\u2022<\/strong>\u00a0<em><a href=\"https:\/\/www.e-seqc.org\" target=\"_blank\" rel=\"noopener\">Sociedad Espa\u00f1ola de Qu\u00edmicos Cosm\u00e9ticos (SEQC)<\/a><\/em><\/p>\n<p><strong>\u2022<\/strong>\u00a0<em><a href=\"https:\/\/www.sesal.org\" target=\"_blank\" rel=\"noopener\">Sociedad Espa\u00f1ola de Seguridad y Calidad Alimentarias\u00a0(SESAL)<\/a><\/em><\/p>\n<p><span style=\"color: #7030a0\"><strong>PUBLICACIONES<\/strong><\/span><\/p>\n<p><strong>\u2022<\/strong>\u00a0<a href=\"https:\/\/www.eurocarnedigital.com\" target=\"_blank\" rel=\"noopener\"><em>Estrategias Alimentarias\u00a0<\/em>\u2013 eurocarne<\/a><\/p>\n<p><strong>\u2022<\/strong> <a href=\"https:\/\/techpress.es\/\" target=\"_blank\" rel=\"noopener\"><em>Prensa Profesional <\/em>\u2013 Tecnifood<\/a><\/p>\n<p><strong>\u2022<\/strong>\u00a0<a href=\"https:\/\/www.publica.es\/index.php?revista=7&amp;lang=es\" target=\"_blank\" rel=\"noopener\"><em>Publica\u00a0<\/em>\u2013 T\u00e9cnicas de Laboratorio<\/a><\/p>\n<p><strong>\u2022<\/strong>\u00a0<a href=\"https:\/\/webs.uab.cat\/workshopmrama\/wp-content\/uploads\/sites\/312\/2024\/11\/rapidmicrobiology.pdf\" target=\"_blank\" rel=\"noopener\"><em>Rapid Test Methods <\/em><em>\u2013<\/em>\u00a0rapidmicrobiology<\/a><\/p>\n<p><strong>\u2022<\/strong>\u00a0<a href=\"https:\/\/webs.uab.cat\/workshopmrama\/microbiology-focus\/\" target=\"_blank\" rel=\"noopener\"><em>Sigma-Aldrich Chemie\u00a0<\/em>\u2013 Microbiology Focus<\/a><\/p>\n<p><span style=\"color: #7030a0\"><strong>EMPRESAS ALIMENTARIAS<\/strong><\/span><\/p>\n<p><strong>\u2022<\/strong> <a href=\"https:\/\/juanola.es\/\" target=\"_blank\" rel=\"noopener\"><em>Angelini Pharma Espa\u00f1a (Juanola)<\/em><\/a><\/p>\n<p><strong>\u2022<\/strong> <em><a href=\"https:\/\/www.bonarea-agrupa.com\/es\" target=\"_blank\" rel=\"noopener\">bon\u00c0rea Agrupa<\/a><\/em><\/p>\n<p><strong>\u2022<\/strong>\u00a0<a href=\"https:\/\/www.suntorybeverageandfood-europe.com\" target=\"_blank\" rel=\"noopener\"><em>C\u00edtricos y Refrescantes\u00a0\u2013 Suntory Beverage &amp; Food Europe<\/em><\/a><\/p>\n<p><strong>\u2022<\/strong>\u00a0<em><a href=\"https:\/\/www.ccepiberia.com\" target=\"_blank\" rel=\"noopener\">Coca-Cola Europacific\u00a0Partners<\/a><\/em><\/p>\n<p><strong>\u2022<\/strong>\u00a0<em><a href=\"https:\/\/www.damm.com\/es?idioma=\/en\" target=\"_blank\" rel=\"noopener\">Damm<\/a><\/em><\/p>\n<p><strong>\u2022<\/strong> <em><a href=\"https:\/\/www.entrepinares.es\/es\" target=\"_blank\" rel=\"noopener\">Grupo Entrepinares<\/a><\/em><\/p>\n<p><strong>\u2022<\/strong>\u00a0<em><a href=\"https:\/\/www.europastry.com\" target=\"_blank\" rel=\"noopener\">Europastry<\/a><\/em><\/p>\n<p><strong>\u2022<\/strong>\u00a0<em><a href=\"https:\/\/www.xn--seorpollo-m6a.es\" target=\"_blank\" rel=\"noopener\">Productos Florida<\/a><\/em><\/p>\n<p><strong>\u2022<\/strong>\u00a0<em><a href=\"https:\/\/www.fritravich.com\" target=\"_blank\" rel=\"noopener\">Frit Ravich<\/a><\/em><\/p>\n<p><strong>\u2022<\/strong>\u00a0<em><a href=\"https:\/\/www.monesxocolata.com\/\" target=\"_blank\" rel=\"noopener\">Genesc\u00e0 Xocolaters 1928<\/a><\/em><\/p>\n<p><strong>\u2022<\/strong> <em><a href=\"https:\/\/www.ibktropic.com\/\" target=\"_blank\" rel=\"noopener\">IBK Tropic<\/a><\/em><\/p>\n<p><strong>\u2022<\/strong>\u00a0<em><a href=\"https:\/\/www.idilia.es\" target=\"_blank\" rel=\"noopener\">Idilia Foods<\/a><\/em><\/p>\n<p><strong>\u2022<\/strong>\u00a0<em><a href=\"https:\/\/www.lacasa.es\" target=\"_blank\" rel=\"noopener\">Comercial Chocolates Lacasa<\/a><\/em><\/p>\n<p><strong>\u2022<\/strong>\u00a0<a href=\"https:\/\/munkombucha.com\" target=\"_blank\" rel=\"noopener\"><em>M\u016bn Ferments<\/em><\/a><\/p>\n<p><strong>\u2022<\/strong>\u00a0<a href=\"https:\/\/www.palacios.es\" target=\"_blank\" rel=\"noopener\"><em>Grupo Empresarial Palacios Alimentaci\u00f3n<\/em><\/a><\/p>\n<p><strong>\u2022<\/strong>\u00a0<a href=\"https:\/\/liven.es\" target=\"_blank\" rel=\"noopener\"><em>Paulig Spain \u2013 Liven<\/em><\/a><\/p>\n<p><strong>\u2022<\/strong>\u00a0<em><a href=\"https:\/\/www.capsafood.com\/es\/compania\/historia\" target=\"_blank\" rel=\"noopener\">Corporaci\u00f3n Alimentaria Pe\u00f1asanta (CAPSA)<\/a><\/em><\/p>\n<p><strong>\u2022<\/strong>\u00a0<a href=\"https:\/\/serhsfood.com\/es\" target=\"_blank\" rel=\"noopener\"><em>SERHS Food<\/em><\/a><\/p>\n<p><strong>\u2022<\/strong>\u00a0<a href=\"https:\/\/www.simoncoll.com\/es\" target=\"_blank\" rel=\"noopener\"><em>Chocolates Sim\u00f3n Coll<\/em><\/a><\/p>\n<p><strong>\u2022<\/strong>\u00a0<em><a href=\"https:\/\/www.torres.es\/es\" target=\"_blank\" rel=\"noopener\">Miguel Torres<\/a><\/em><\/p>\n<p><strong>\u2022<\/strong>\u00a0<a href=\"https:\/\/www.valor.es\" target=\"_blank\" rel=\"noopener\"><em>Chocolates Valor<\/em><\/a><\/p>\n<p><em><strong>\u2022<\/strong>\u00a0<a href=\"https:\/\/www.veri.es\">Aguas de San Mart\u00edn de Veri<\/a><\/em><\/p>\n<p><strong>\u2022<\/strong>\u00a0<em><a href=\"https:\/\/www.grupovidela.com\" target=\"_blank\" rel=\"noopener\">Grupo Videla<\/a><\/em><\/p>\n","protected":false},"excerpt":{"rendered":"<p>EMPRESAS DE MICROBIOLOG\u00cdA \u2022 Arquea Biological Innovations \u2022 Avantor (VWR International Eurolab) \u2022\u00a0bioM\u00e9rieux Iberia \u2022\u00a0Bioser \u2022\u00a0BioSystems \u2022\u00a0BisDetection \u2022\u00a0BWT Pharma &amp; Biotech Ib\u00e9rica \u2022\u00a0Christeyns Espa\u00f1a \u2022\u00a0Condalab \u2022 Deltalab member of SCGP \u2022 Ecuante Ensayos de Aptitud \u2022 EPICA \u2022\u00a0Hygiena \u2022\u00a0IDEXX Laboratorios \u2022\u00a0Illumina Productos Espa\u00f1a \u2022\u00a0Interscience \u2022\u00a0IUL \u2022\u00a0Kersia Ib\u00e9rica \u2022\u00a0LGC Standards \u2022\u00a0Macrogen Spain \u2022\u00a0Merck Life Science \u2022\u00a0Laboratorios [&hellip;]<\/p>\n","protected":false},"author":20,"featured_media":0,"parent":0,"menu_order":0,"comment_status":"closed","ping_status":"closed","template":"","meta":{"footnotes":""},"class_list":["post-1289","page","type-page","status-publish","hentry"],"_links":{"self":[{"href":"https:\/\/webs.uab.cat\/workshopmrama\/wp-json\/wp\/v2\/pages\/1289","targetHints":{"allow":["GET"]}}],"collection":[{"href":"https:\/\/webs.uab.cat\/workshopmrama\/wp-json\/wp\/v2\/pages"}],"about":[{"href":"https:\/\/webs.uab.cat\/workshopmrama\/wp-json\/wp\/v2\/types\/page"}],"author":[{"embeddable":true,"href":"https:\/\/webs.uab.cat\/workshopmrama\/wp-json\/wp\/v2\/users\/20"}],"replies":[{"embeddable":true,"href":"https:\/\/webs.uab.cat\/workshopmrama\/wp-json\/wp\/v2\/comments?post=1289"}],"version-history":[{"count":99,"href":"https:\/\/webs.uab.cat\/workshopmrama\/wp-json\/wp\/v2\/pages\/1289\/revisions"}],"predecessor-version":[{"id":8218,"href":"https:\/\/webs.uab.cat\/workshopmrama\/wp-json\/wp\/v2\/pages\/1289\/revisions\/8218"}],"wp:attachment":[{"href":"https:\/\/webs.uab.cat\/workshopmrama\/wp-json\/wp\/v2\/media?parent=1289"}],"curies":[{"name":"wp","href":"https:\/\/api.w.org\/{rel}","templated":true}]}}