{"id":1294,"date":"2011-07-11T19:00:23","date_gmt":"2011-07-11T17:00:23","guid":{"rendered":"https:\/\/webs.uab.cat\/workshopmrama\/talleres\/"},"modified":"2026-03-20T10:26:21","modified_gmt":"2026-03-20T09:26:21","slug":"talleres","status":"publish","type":"page","link":"https:\/\/webs.uab.cat\/workshopmrama\/talleres\/","title":{"rendered":"Talleres"},"content":{"rendered":"<p>2 de los 4 talleres son compatibles con las sesiones pr\u00e1cticas. La asistencia est\u00e1 limitada a 15 personas por grupo.<\/p>\n<p style=\"text-align: center\"><a href=\"https:\/\/webs.uab.cat\/workshopmrama\/wp-content\/uploads\/sites\/312\/2025\/11\/talleres_xxiv_workshop_mrama.pdf\" target=\"_blank\" rel=\"noopener\">HORARIOS de los PARTICIPANTES (descargar PDF)<\/a><\/p>\n<p><span style=\"text-decoration: underline;color: #7030a0\">Mi\u00e9rcoles, 25 de noviembre \u00b7 9:15-12:05 h<\/span><\/p>\n<p><strong>\u2022<\/strong> <em>Aplicaciones de la microbiolog\u00eda predictiva: uso pr\u00e1ctico de recursos disponibles<\/em>\u00a0(<strong><a href=\"https:\/\/webs.uab.cat\/workshopmrama\/perfiles\/\" target=\"_blank\" rel=\"noopener\">Dra. Montse Vila Brugalla<\/a><\/strong>,\u00a0<em>Ag\u00e8ncia de Salut P\u00fablica de Barcelona <\/em>\u2013ASPB\u2013, Barcelona) 1 h 30 min de duraci\u00f3n<\/p>\n<p><strong>\u2022<\/strong> <em>\u00bfPeligros microbiol\u00f3gicos en los sistemas APPCC? \u00a1Por fin, identif\u00edcalos correctamente en tu empresa!<\/em>\u00a0(<strong><a href=\"https:\/\/webs.uab.cat\/workshopmrama\/perfiles\/\" target=\"_blank\" rel=\"noopener\">Sr. Jon Basagoiti Azpitarte<\/a><\/strong>, <em>El Enemigo en tu Cocina<\/em>, Ermua) 1 h 15 min de duraci\u00f3n<\/p>\n<p><span style=\"text-decoration: underline;color: #7030a0\">Jueves, 26 de noviembre \u00b7 9:15-11:55 h<\/span><\/p>\n<p><strong>\u2022<\/strong> <em>Calidad y seguridad alimentarias: c\u00f3mo pasar de un enfoque reactivo a una gesti\u00f3n proactiva del riesgo<\/em> (bioM\u00e9rieux Iberia, Madrid) 1 h 15 min de duraci\u00f3n<\/p>\n<p><strong>\u2022<\/strong> <em>Desviaciones relacionadas con el control microbiol\u00f3gico en la industria alimentaria: gesti\u00f3n, acciones correctivas y medidas preventivas<\/em> (AENOR, Madrid) 1 h 15 min de duraci\u00f3n<\/p>\n<p><span style=\"text-decoration: underline;color: #7030a0\">Viernes, 27 de noviembre \u00b7 11:20-14 h<\/span><\/p>\n<p><strong>\u2022<\/strong> <em>Calidad y seguridad alimentarias: c\u00f3mo pasar de un enfoque reactivo a una gesti\u00f3n proactiva del riesgo<\/em> (bioM\u00e9rieux Iberia, Madrid) 1 h 15 min de duraci\u00f3n<\/p>\n<p><strong>\u2022<\/strong> <em>Desviaciones relacionadas con el control microbiol\u00f3gico en la industria alimentaria: gesti\u00f3n, acciones correctivas y medidas preventivas<\/em> (AENOR, Madrid) 1 h 15 min de duraci\u00f3n<\/p>\n","protected":false},"excerpt":{"rendered":"<p>2 de los 4 talleres son compatibles con las sesiones pr\u00e1cticas. La asistencia est\u00e1 limitada a 15 personas por grupo. HORARIOS de los PARTICIPANTES (descargar PDF) Mi\u00e9rcoles, 25 de noviembre \u00b7 9:15-12:05 h \u2022 Aplicaciones de la microbiolog\u00eda predictiva: uso pr\u00e1ctico de recursos disponibles\u00a0(Dra. Montse Vila Brugalla,\u00a0Ag\u00e8ncia de Salut P\u00fablica de Barcelona \u2013ASPB\u2013, Barcelona) 1 [&hellip;]<\/p>\n","protected":false},"author":20,"featured_media":0,"parent":0,"menu_order":0,"comment_status":"closed","ping_status":"closed","template":"","meta":{"footnotes":""},"class_list":["post-1294","page","type-page","status-publish","hentry"],"_links":{"self":[{"href":"https:\/\/webs.uab.cat\/workshopmrama\/wp-json\/wp\/v2\/pages\/1294","targetHints":{"allow":["GET"]}}],"collection":[{"href":"https:\/\/webs.uab.cat\/workshopmrama\/wp-json\/wp\/v2\/pages"}],"about":[{"href":"https:\/\/webs.uab.cat\/workshopmrama\/wp-json\/wp\/v2\/types\/page"}],"author":[{"embeddable":true,"href":"https:\/\/webs.uab.cat\/workshopmrama\/wp-json\/wp\/v2\/users\/20"}],"replies":[{"embeddable":true,"href":"https:\/\/webs.uab.cat\/workshopmrama\/wp-json\/wp\/v2\/comments?post=1294"}],"version-history":[{"count":81,"href":"https:\/\/webs.uab.cat\/workshopmrama\/wp-json\/wp\/v2\/pages\/1294\/revisions"}],"predecessor-version":[{"id":8175,"href":"https:\/\/webs.uab.cat\/workshopmrama\/wp-json\/wp\/v2\/pages\/1294\/revisions\/8175"}],"wp:attachment":[{"href":"https:\/\/webs.uab.cat\/workshopmrama\/wp-json\/wp\/v2\/media?parent=1294"}],"curies":[{"name":"wp","href":"https:\/\/api.w.org\/{rel}","templated":true}]}}