{"id":1351,"date":"2011-09-23T21:54:22","date_gmt":"2011-09-23T19:54:22","guid":{"rendered":"https:\/\/webs.uab.cat\/workshopmrama\/neogen\/"},"modified":"2026-02-20T11:34:39","modified_gmt":"2026-02-20T10:34:39","slug":"neogen","status":"publish","type":"page","link":"https:\/\/webs.uab.cat\/workshopmrama\/neogen\/","title":{"rendered":""},"content":{"rendered":"<p><a href=\"https:\/\/www.neogen.com\/es\" target=\"_blank\" rel=\"noopener\"><strong>Neogen<\/strong><\/a>: distribuido por <a href=\"http:\/\/www.bioser.com\/\" target=\"_blank\" rel=\"noopener\">Bioser<\/a><\/p>\n<ul>\n<li><a href=\"https:\/\/webs.uab.cat\/workshopmrama\/wp-content\/uploads\/sites\/312\/2026\/02\/neogen_portfolio.pdf\" target=\"_blank\" rel=\"noopener\">Cat\u00e1logo <em>Aportando soluciones para proteger nuestros alimentos<\/em><\/a><\/li>\n<li><em><a href=\"https:\/\/webs.uab.cat\/workshopmrama\/wp-content\/uploads\/sites\/312\/2023\/10\/petrifilm.pdf\" target=\"_blank\" rel=\"noreferrer noopener\" data-type=\"attachment\" data-id=\"2666\">Petrifilm<\/a><\/em><\/li>\n<li><a href=\"https:\/\/webs.uab.cat\/workshopmrama\/wp-content\/uploads\/sites\/312\/2026\/02\/clean_trace.pdf\" target=\"_blank\" rel=\"noreferrer noopener\" data-type=\"attachment\" data-id=\"2664\"><em>Clean-Trace<\/em><\/a><\/li>\n<li><a href=\"https:\/\/webs.uab.cat\/workshopmrama\/wp-content\/uploads\/sites\/312\/2026\/02\/soleris.pdf\" target=\"_blank\" rel=\"noopener\"><em>Soleris<\/em><\/a><\/li>\n<li><a href=\"https:\/\/webs.uab.cat\/workshopmrama\/wp-content\/uploads\/sites\/312\/2011\/09\/Reveal_AccuScan_Gold.pdf\" target=\"_blank\" rel=\"noopener\"><em>Reveal 2.0<\/em>, <em>Reveal Q+<\/em> y AccuScan Gold<\/a><\/li>\n<li><a href=\"https:\/\/webs.uab.cat\/workshopmrama\/wp-content\/uploads\/sites\/312\/2011\/09\/reveal_raptor.pdf\" target=\"_blank\" rel=\"noopener\"><em>Reveal Q+<\/em> y <em>Raptor<\/em><\/a><\/li>\n<li><a href=\"https:\/\/webs.uab.cat\/workshopmrama\/wp-content\/uploads\/sites\/312\/2011\/09\/reveal_3d.pdf\" target=\"_blank\" rel=\"noopener\"><em>Reveal 3D<\/em><\/a><\/li>\n<li><a href=\"https:\/\/webs.uab.cat\/workshopmrama\/wp-content\/uploads\/sites\/312\/2011\/09\/Reveal_3_D_milk_proteins_poster.pdf\" target=\"_blank\" rel=\"noopener\"><em>Reveal 3D<\/em> para prote\u00ednas l\u00e1cteas (p\u00f3ster)<\/a><\/li>\n<li><a href=\"https:\/\/webs.uab.cat\/workshopmrama\/wp-content\/uploads\/sites\/312\/2023\/10\/mds.pdf\" target=\"_blank\" rel=\"noreferrer noopener\" data-type=\"attachment\" data-id=\"2658\"><em>Sistema de Detecci\u00f3n Molecular<\/em>\u00a0(<em>MDS<\/em>) para pat\u00f3genos<\/a><\/li>\n<li><a href=\"https:\/\/webs.uab.cat\/workshopmrama\/wp-content\/uploads\/sites\/312\/2020\/12\/neogen_2.pdf\" target=\"_blank\" rel=\"noopener\">One Broth One Plate: nuevos m\u00e9todos microbiol\u00f3gicos convencionales r\u00e1pidos para <em>Listeria<\/em> spp. y <em>Salmonella<\/em> spp. (presentaci\u00f3n multimedia)<\/a><\/li>\n<\/ul>\n","protected":false},"excerpt":{"rendered":"<p>Neogen: distribuido por Bioser Cat\u00e1logo Aportando soluciones para proteger nuestros alimentos Petrifilm Clean-Trace Soleris Reveal 2.0, Reveal Q+ y AccuScan Gold Reveal Q+ y Raptor Reveal 3D Reveal 3D para prote\u00ednas l\u00e1cteas (p\u00f3ster) Sistema de Detecci\u00f3n Molecular\u00a0(MDS) para pat\u00f3genos One Broth One Plate: nuevos m\u00e9todos microbiol\u00f3gicos convencionales r\u00e1pidos para Listeria spp. y Salmonella spp. (presentaci\u00f3n [&hellip;]<\/p>\n","protected":false},"author":20,"featured_media":0,"parent":0,"menu_order":0,"comment_status":"closed","ping_status":"closed","template":"","meta":{"footnotes":""},"class_list":["post-1351","page","type-page","status-publish","hentry"],"_links":{"self":[{"href":"https:\/\/webs.uab.cat\/workshopmrama\/wp-json\/wp\/v2\/pages\/1351","targetHints":{"allow":["GET"]}}],"collection":[{"href":"https:\/\/webs.uab.cat\/workshopmrama\/wp-json\/wp\/v2\/pages"}],"about":[{"href":"https:\/\/webs.uab.cat\/workshopmrama\/wp-json\/wp\/v2\/types\/page"}],"author":[{"embeddable":true,"href":"https:\/\/webs.uab.cat\/workshopmrama\/wp-json\/wp\/v2\/users\/20"}],"replies":[{"embeddable":true,"href":"https:\/\/webs.uab.cat\/workshopmrama\/wp-json\/wp\/v2\/comments?post=1351"}],"version-history":[{"count":20,"href":"https:\/\/webs.uab.cat\/workshopmrama\/wp-json\/wp\/v2\/pages\/1351\/revisions"}],"predecessor-version":[{"id":8066,"href":"https:\/\/webs.uab.cat\/workshopmrama\/wp-json\/wp\/v2\/pages\/1351\/revisions\/8066"}],"wp:attachment":[{"href":"https:\/\/webs.uab.cat\/workshopmrama\/wp-json\/wp\/v2\/media?parent=1351"}],"curies":[{"name":"wp","href":"https:\/\/api.w.org\/{rel}","templated":true}]}}