{"id":1453,"date":"2013-07-26T12:20:40","date_gmt":"2013-07-26T10:20:40","guid":{"rendered":"https:\/\/webs.uab.cat\/workshopmrama\/promega-biotech\/"},"modified":"2023-05-08T12:17:05","modified_gmt":"2023-05-08T10:17:05","slug":"promega-biotech","status":"publish","type":"page","link":"https:\/\/webs.uab.cat\/workshopmrama\/promega-biotech\/","title":{"rendered":""},"content":{"rendered":"\n<p><a href=\"http:\/\/www.promega.es\/\" target=\"_blank\" rel=\"noopener\"><strong>Promega Biotech Ib\u00e9rica<\/strong><\/a><\/p>\n\n\n\n<ul class=\"wp-block-list\"><li><a href=\"https:\/\/webs.uab.cat\/workshopmrama\/wp-content\/uploads\/sites\/312\/2017\/01\/Maxwell_16_ADN.pdf\" data-type=\"attachment\" data-id=\"1460\" target=\"_blank\" rel=\"noreferrer noopener\">Sistema <em>Maxwell 16<\/em> para extracci\u00f3n y purificaci\u00f3n de ADN<\/a><\/li><li><a href=\"https:\/\/webs.uab.cat\/workshopmrama\/wp-content\/uploads\/sites\/312\/2017\/01\/Maxwell_16_ARN_sangre.pdf\" data-type=\"attachment\" data-id=\"1454\" target=\"_blank\" rel=\"noreferrer noopener\">Sistema <em>Maxwell 16<\/em> para extracci\u00f3n y purificaci\u00f3n de ARN de sangre<\/a><\/li><li><a href=\"https:\/\/webs.uab.cat\/workshopmrama\/wp-content\/uploads\/sites\/312\/2017\/01\/Promega_Biotech_Iberica_1.pdf\" data-type=\"attachment\" data-id=\"1456\" target=\"_blank\" rel=\"noreferrer noopener\">Sistema Maxwell 16: purificaci\u00f3n automatizada de ADN r\u00e1pida, simple y fiable (presentaci\u00f3n multimedia)<\/a><\/li><li><a href=\"https:\/\/webs.uab.cat\/workshopmrama\/wp-content\/uploads\/sites\/312\/2017\/01\/Promega_Biotech_Iberica_2.pdf\" data-type=\"attachment\" data-id=\"1458\" target=\"_blank\" rel=\"noreferrer noopener\">Soluci\u00f3n integrada y automatizada para la detecci\u00f3n de pat\u00f3genos en muestras alimentarias (presentaci\u00f3n multimedia)<\/a><\/li><li><a href=\"https:\/\/webs.uab.cat\/workshopmrama\/wp-content\/uploads\/sites\/312\/2018\/11\/promega_biotech.pdf\" data-type=\"attachment\" data-id=\"121\" target=\"_blank\" rel=\"noreferrer noopener\">Soluciones moleculares en agroalimentaci\u00f3n: extracci\u00f3n automatizada de ADN en aguas y matrices alimentarias; y detecci\u00f3n por qPCR de microorganismos pat\u00f3genos, OMGs y fraude alimentario (presentaci\u00f3n multimedia)<\/a><\/li><\/ul>\n","protected":false},"excerpt":{"rendered":"<p>Promega Biotech Ib\u00e9rica Sistema Maxwell 16 para extracci\u00f3n y purificaci\u00f3n de ADN Sistema Maxwell 16 para extracci\u00f3n y purificaci\u00f3n de ARN de sangre Sistema Maxwell 16: purificaci\u00f3n automatizada de ADN r\u00e1pida, simple y fiable (presentaci\u00f3n multimedia) Soluci\u00f3n integrada y automatizada para la detecci\u00f3n de pat\u00f3genos en muestras alimentarias (presentaci\u00f3n multimedia) Soluciones moleculares en agroalimentaci\u00f3n: extracci\u00f3n [&hellip;]<\/p>\n","protected":false},"author":20,"featured_media":0,"parent":0,"menu_order":0,"comment_status":"closed","ping_status":"closed","template":"","meta":{"footnotes":""},"class_list":["post-1453","page","type-page","status-publish","hentry"],"_links":{"self":[{"href":"https:\/\/webs.uab.cat\/workshopmrama\/wp-json\/wp\/v2\/pages\/1453","targetHints":{"allow":["GET"]}}],"collection":[{"href":"https:\/\/webs.uab.cat\/workshopmrama\/wp-json\/wp\/v2\/pages"}],"about":[{"href":"https:\/\/webs.uab.cat\/workshopmrama\/wp-json\/wp\/v2\/types\/page"}],"author":[{"embeddable":true,"href":"https:\/\/webs.uab.cat\/workshopmrama\/wp-json\/wp\/v2\/users\/20"}],"replies":[{"embeddable":true,"href":"https:\/\/webs.uab.cat\/workshopmrama\/wp-json\/wp\/v2\/comments?post=1453"}],"version-history":[{"count":3,"href":"https:\/\/webs.uab.cat\/workshopmrama\/wp-json\/wp\/v2\/pages\/1453\/revisions"}],"predecessor-version":[{"id":3522,"href":"https:\/\/webs.uab.cat\/workshopmrama\/wp-json\/wp\/v2\/pages\/1453\/revisions\/3522"}],"wp:attachment":[{"href":"https:\/\/webs.uab.cat\/workshopmrama\/wp-json\/wp\/v2\/media?parent=1453"}],"curies":[{"name":"wp","href":"https:\/\/api.w.org\/{rel}","templated":true}]}}