{"id":1493,"date":"2015-02-25T18:56:23","date_gmt":"2015-02-25T16:56:23","guid":{"rendered":"https:\/\/webs.uab.cat\/workshopmrama\/interscience\/"},"modified":"2025-06-18T22:59:52","modified_gmt":"2025-06-18T20:59:52","slug":"interscience","status":"publish","type":"page","link":"https:\/\/webs.uab.cat\/workshopmrama\/interscience\/","title":{"rendered":""},"content":{"rendered":"<p><a href=\"https:\/\/www.interscience.com\/es\" target=\"_blank\" rel=\"noopener\"><strong>Interscience<\/strong><\/a>: distribuido por <a href=\"https:\/\/www.deltalab.es\" target=\"_blank\" rel=\"noopener\">Deltalab member of SCGP<\/a>\u00a0y <a href=\"https:\/\/www.scharlab.com\" target=\"_blank\" rel=\"noopener\">Scharlab<\/a><\/p>\n<ul>\n<li><a href=\"https:\/\/www.interscience.com\/IMG\/pdf\/interscience_catalogue_en_web.pdf\" target=\"_blank\" rel=\"noopener\">Cat\u00e1logo <em>Material cient\u00edfico para microbiolog\u00eda<\/em><\/a><\/li>\n<li><a href=\"https:\/\/webs.uab.cat\/workshopmrama\/wp-content\/uploads\/sites\/312\/2015\/02\/bagmixer_jumbomix.pdf\" target=\"_blank\" rel=\"noopener\"><em>BagMixer<\/em> y <em>JumboMix<\/em><\/a><\/li>\n<li><a href=\"https:\/\/webs.uab.cat\/workshopmrama\/wp-content\/uploads\/sites\/312\/2023\/06\/diluflow.pdf\" target=\"_blank\" rel=\"noopener\"><em>Dilu<\/em>Flow<\/a><\/li>\n<li><a href=\"https:\/\/www.interscience.com\/IMG\/pdf\/bro_003216_00003349_flexipump_en_02_05_web.pdf\" target=\"_blank\" rel=\"noopener\"><em>Flexi<\/em>Pump<\/a><\/li>\n<li><a href=\"https:\/\/www.interscience.com\/IMG\/pdf\/interscience_easyspiralrange_b_en_web.pdf\" target=\"_blank\" rel=\"noopener\"><em>easySpiral<\/em><\/a><\/li>\n<li><a href=\"https:\/\/webs.uab.cat\/workshopmrama\/wp-content\/uploads\/sites\/312\/2024\/06\/scan_50_50pro.pdf\" target=\"_blank\" rel=\"noopener\"><em>Scan 50 <\/em>y<em> Scan 50 pro<\/em><\/a><\/li>\n<li><a href=\"https:\/\/webs.uab.cat\/workshopmrama\/wp-content\/uploads\/sites\/312\/2024\/06\/scan_300_500_1200.pdf\" target=\"_blank\" rel=\"noopener\"><em>Scan 300<\/em>,<em> Scan 500 <\/em>y<em> Scan 1200<\/em><\/a><\/li>\n<li><a href=\"https:\/\/webs.uab.cat\/workshopmrama\/wp-content\/uploads\/sites\/312\/2015\/02\/scan_4000.pdf\" target=\"_blank\" rel=\"noopener\"><em>Scan 4000<\/em><\/a><\/li>\n<li><a href=\"https:\/\/www.interscience.com\/IMG\/pdf\/bro_005006_00008386_brochurescanai_en_01_02_web.pdf\" target=\"_blank\" rel=\"noopener\"><em>Scan 3000 Ai<\/em> y <em>Scan 5000 Ai<\/em><\/a><\/li>\n<li><a href=\"https:\/\/www.interscience.com\/IMG\/pdf\/bro_003259_00005005_brochurescanstation_en_02_01_web.pdf\" target=\"_blank\" rel=\"noopener\"><em>ScanStation<\/em><\/a><\/li>\n<li><a href=\"https:\/\/webs.uab.cat\/workshopmrama\/wp-content\/uploads\/sites\/312\/2023\/11\/interscience.pdf\" target=\"_blank\" rel=\"noopener\">Optimizaci\u00f3n del trabajo en el laboratorio de microbiolog\u00eda: desde la preparaci\u00f3n de la muestra hasta su an\u00e1lisis (presentaci\u00f3n multimedia)<\/a><\/li>\n<\/ul>\n","protected":false},"excerpt":{"rendered":"<p>Interscience: distribuido por Deltalab member of SCGP\u00a0y Scharlab Cat\u00e1logo Material cient\u00edfico para microbiolog\u00eda BagMixer y JumboMix DiluFlow FlexiPump easySpiral Scan 50 y Scan 50 pro Scan 300, Scan 500 y Scan 1200 Scan 4000 Scan 3000 Ai y Scan 5000 Ai ScanStation Optimizaci\u00f3n del trabajo en el laboratorio de microbiolog\u00eda: desde la preparaci\u00f3n de la [&hellip;]<\/p>\n","protected":false},"author":20,"featured_media":0,"parent":0,"menu_order":0,"comment_status":"closed","ping_status":"closed","template":"","meta":{"footnotes":""},"class_list":["post-1493","page","type-page","status-publish","hentry"],"_links":{"self":[{"href":"https:\/\/webs.uab.cat\/workshopmrama\/wp-json\/wp\/v2\/pages\/1493","targetHints":{"allow":["GET"]}}],"collection":[{"href":"https:\/\/webs.uab.cat\/workshopmrama\/wp-json\/wp\/v2\/pages"}],"about":[{"href":"https:\/\/webs.uab.cat\/workshopmrama\/wp-json\/wp\/v2\/types\/page"}],"author":[{"embeddable":true,"href":"https:\/\/webs.uab.cat\/workshopmrama\/wp-json\/wp\/v2\/users\/20"}],"replies":[{"embeddable":true,"href":"https:\/\/webs.uab.cat\/workshopmrama\/wp-json\/wp\/v2\/comments?post=1493"}],"version-history":[{"count":14,"href":"https:\/\/webs.uab.cat\/workshopmrama\/wp-json\/wp\/v2\/pages\/1493\/revisions"}],"predecessor-version":[{"id":6847,"href":"https:\/\/webs.uab.cat\/workshopmrama\/wp-json\/wp\/v2\/pages\/1493\/revisions\/6847"}],"wp:attachment":[{"href":"https:\/\/webs.uab.cat\/workshopmrama\/wp-json\/wp\/v2\/media?parent=1493"}],"curies":[{"name":"wp","href":"https:\/\/api.w.org\/{rel}","templated":true}]}}