{"id":1561,"date":"2017-04-28T15:04:26","date_gmt":"2017-04-28T13:04:26","guid":{"rendered":"https:\/\/webs.uab.cat\/workshopmrama\/raypa\/"},"modified":"2024-06-25T13:19:36","modified_gmt":"2024-06-25T11:19:36","slug":"raypa","status":"publish","type":"page","link":"https:\/\/webs.uab.cat\/workshopmrama\/raypa\/","title":{"rendered":""},"content":{"rendered":"\n<p><a href=\"http:\/\/www.raypa.com\" target=\"_blank\" rel=\"noopener\"><strong>Raypa<\/strong><\/a><\/p>\n\n\n\n<ul class=\"wp-block-list\">\n<li><a rel=\"noreferrer noopener\" href=\"https:\/\/www.raypa.com\/catalog\/RAYPA_catalogo_general_ES.pdf\" data-type=\"attachment\" data-id=\"1562\" target=\"_blank\">Cat\u00e1logo <em>Autoclaves y An\u00e1lisis alimentario<\/em><\/a><\/li>\n\n\n\n<li><a href=\"https:\/\/www.raypa.com\/wp-content\/uploads\/2017\/10\/AE-MP-ES.pdf\" data-type=\"attachment\" data-id=\"1570\" target=\"_blank\" rel=\"noreferrer noopener\">Preparadores de medios de cultivo<\/a><\/li>\n\n\n\n<li><a href=\"https:\/\/www.terrafoodtech.com\/pdf\/brochure\/ES_folleto_TERRA.pdf\" target=\"_blank\" rel=\"noreferrer noopener\">Autoclaves <em>TERRA Food-Tech<\/em><\/a><\/li>\n\n\n\n<li><a href=\"https:\/\/www.canva.com\/design\/DAGB6z6kV3s\/Ttst1xd5pxY0lyvruMlMAg\/view?\" data-type=\"attachment\" data-id=\"127\" target=\"_blank\" rel=\"noreferrer noopener\">Preparaci\u00f3n autom\u00e1tica de medios de cultivo (presentaci\u00f3n multimedia)<\/a><\/li>\n<\/ul>\n","protected":false},"excerpt":{"rendered":"<p>Raypa<\/p>\n","protected":false},"author":20,"featured_media":0,"parent":0,"menu_order":0,"comment_status":"closed","ping_status":"closed","template":"","meta":{"footnotes":""},"class_list":["post-1561","page","type-page","status-publish","hentry"],"_links":{"self":[{"href":"https:\/\/webs.uab.cat\/workshopmrama\/wp-json\/wp\/v2\/pages\/1561","targetHints":{"allow":["GET"]}}],"collection":[{"href":"https:\/\/webs.uab.cat\/workshopmrama\/wp-json\/wp\/v2\/pages"}],"about":[{"href":"https:\/\/webs.uab.cat\/workshopmrama\/wp-json\/wp\/v2\/types\/page"}],"author":[{"embeddable":true,"href":"https:\/\/webs.uab.cat\/workshopmrama\/wp-json\/wp\/v2\/users\/20"}],"replies":[{"embeddable":true,"href":"https:\/\/webs.uab.cat\/workshopmrama\/wp-json\/wp\/v2\/comments?post=1561"}],"version-history":[{"count":7,"href":"https:\/\/webs.uab.cat\/workshopmrama\/wp-json\/wp\/v2\/pages\/1561\/revisions"}],"predecessor-version":[{"id":5314,"href":"https:\/\/webs.uab.cat\/workshopmrama\/wp-json\/wp\/v2\/pages\/1561\/revisions\/5314"}],"wp:attachment":[{"href":"https:\/\/webs.uab.cat\/workshopmrama\/wp-json\/wp\/v2\/media?parent=1561"}],"curies":[{"name":"wp","href":"https:\/\/api.w.org\/{rel}","templated":true}]}}