{"id":1579,"date":"2017-07-17T15:53:50","date_gmt":"2017-07-17T13:53:50","guid":{"rendered":"https:\/\/webs.uab.cat\/workshopmrama\/ponencias\/"},"modified":"2026-02-11T17:40:14","modified_gmt":"2026-02-11T16:40:14","slug":"ponencias","status":"publish","type":"page","link":"https:\/\/webs.uab.cat\/workshopmrama\/ponencias\/","title":{"rendered":"Ponencias\/MR"},"content":{"rendered":"<p style=\"text-align: left\"><span style=\"text-decoration: underline;color: #7030a0\">Martes, 24 de noviembre<\/span><\/p>\n<p><strong>\u2022<\/strong> Ponencia inaugural:\u00a0<em>Visi\u00f3n general de los m\u00e9todos r\u00e1pidos y miniaturizados, y la automatizaci\u00f3n en microbiolog\u00eda<\/em>\u00a0(<strong><a href=\"https:\/\/webs.uab.cat\/workshopmrama\/perfiles\/\" target=\"_blank\" rel=\"noreferrer noopener\">Dr. Jos\u00e9 Juan Rodr\u00edguez Jerez<\/a><\/strong>,\u00a0<em>Universitat Aut\u00f2noma de Barcelona<\/em>, Bellaterra \u2013Cerdanyola del Vall\u00e8s\u2013) 10:05-11:25 h<\/p>\n<p><strong>&#8211; <\/strong><em>Muestreo, toma\u00a0de muestras de superficies\u00a0y aire<\/em><\/p>\n<p><strong>&#8211; <\/strong><em>Miniaturizaci\u00f3n: microplaca, n\u00famero m\u00e1s probable (NMP), recuento de c\u00e9lulas viables. Galer\u00edas de identificaci\u00f3n<\/em><\/p>\n<p><strong>&#8211; <\/strong><em>M\u00e9todos para contar las c\u00e9lulas viables: membrana hidrof\u00f3bica, siembra en espiral, citometr\u00eda de flujo,\u00a0epifluorescencia directa en filtro (DEFT), turbidez<\/em><\/p>\n<p><strong>&#8211; <\/strong><em>M\u00e9todos para contar las c\u00e9lulas viables, basados en impedancia y conductancia el\u00e9ctricas<\/em><\/p>\n<p><strong>&#8211; <\/strong><em>M\u00e9todos para contar las c\u00e9lulas viables, basados en ATP \u2013 bioluminiscencia y colorimetr\u00eda<\/em><\/p>\n<p><strong>&#8211; <\/strong><em>M\u00e9todos inmunol\u00f3gicos para detectar e identificar microorganismos y sus toxinas: separaci\u00f3n inmunomagn\u00e9tica, ELISA y ELFA, aglutinaci\u00f3n del l\u00e1tex, inmunodifusi\u00f3n lateral, inmunoprecipitaci\u00f3n<\/em><\/p>\n<p><strong>&#8211; <\/strong><em>M\u00e9todos basados en biolog\u00eda molecular para detectar e identificar microorganismos: <\/em><em>reacci\u00f3n en cadena de la polimerasa (PCR), secuenciaci\u00f3n de genoma completo (WGS) y secuenciaci\u00f3n gen\u00f3mica masiva (NGS), prote\u00f3mica<\/em><\/p>\n<p><strong>\u2022<\/strong> <em>La <\/em>polymerase chain reaction<em> (PCR) y la secuenciaci\u00f3n gen\u00f3mica masiva aplicadas a la seguridad alimentaria<\/em>\u00a0(<strong><a href=\"https:\/\/webs.uab.cat\/workshopmrama\/perfiles\/\" target=\"_blank\" rel=\"noreferrer noopener\">Dr. Armand S\u00e1nchez Bonastre<\/a><\/strong>,\u00a0<em>Universitat Aut\u00f2noma de Barcelona<\/em>, Bellaterra \u2013Cerdanyola del Vall\u00e8s\u2013) 11:45-13:05 h<\/p>\n<p><strong>\u2022 <\/strong><em>Herramientas anal\u00edticas de respuesta r\u00e1pida para la gesti\u00f3n del riesgo por al\u00e9rgenos<\/em> (<strong>Dra. M\u00aa Dolores P\u00e9rez Cabrejas<\/strong>, Universidad de Zaragoza, Zaragoza) 17:45-18:30 h<\/p>\n<p><span style=\"text-decoration: underline;color: #7030a0\">Mi\u00e9rcoles, 25 de noviembre<\/span><\/p>\n<p><strong>\u2022<\/strong> <em>Estrategias eficaces de control microbiol\u00f3gico: aplicaciones en industrias c\u00e1rnica y av\u00edcola<\/em> (<strong>Sra. Alexandra Roijals Sansano<\/strong>, Chemital, Sant Pere Molanta \u2013Ol\u00e8rdola\u2013) 12:15-13 h<\/p>\n<p><strong>\u2022<\/strong> <em>Del control a la confianza: estrategias integradas en calidad, seguridad alimentaria y riesgos laborales<\/em> (<strong>Sra. Merc\u00e8 Freixes Graells <\/strong>y<strong> Sra. Paloma Freitas Marques<\/strong>, bon\u00c0rea Agrupa, Guissona) 17:15-18 h<\/p>\n<p><strong>\u2022 <\/strong>Mesa redonda sobre estrategias eficaces e integradas para la seguridad y la confianza (moderada por el <strong><a href=\"http:\/\/webs.uab.cat\/workshopmrama\/perfiles\" target=\"_blank\" rel=\"noreferrer noopener\">Dr. Oscar J. Esteban Cabornero<\/a><\/strong>, Grupo Entrepinares, Valladolid) 18-18:30 h<\/p>\n<p><span style=\"text-decoration: underline;color: #7030a0\">Jueves, 26 de noviembre &#8211; <em>Thanksgiving day<\/em><\/span><\/p>\n\n\n<p><strong>\u2022<\/strong> <em>Impacto de los falsos positivos, las cepas at\u00edpicas y las nuevas especies de <\/em>Listeria<em>en los resultados de los an\u00e1lisis de <\/em>Listeria monocytogenes (<strong><a href=\"https:\/\/webs.uab.cat\/workshopmrama\/perfiles\/\" target=\"_blank\" rel=\"noreferrer noopener\">Dra. Nathalie Gnanou Besse<\/a><\/strong>, <em>Agence Nationale de S\u00e9curit\u00e9 Sanitaire de l\u2019Alimentation, de l\u2019Environnement et du Travail<\/em> \u2013ANSES\u2013, Maisons\u2010Alfort, Francia) 12:05-12:50&nbsp;h<\/p>\n\n\n\n<p><strong>\u2022<\/strong> <em>Los estudios sobre vida \u00fatil segura de alimentos listos para el consumo<\/em> (<strong>Dra. Montse Vila Brugalla <\/strong>y <strong>Sr. Samuel Porta\u00f1a Tudela<\/strong> (<em>Ag\u00e8ncia de Salut P\u00fablica de Barcelona<\/em> \u2013ASPB \u2013, Barcelona) 17:15-18 h<\/p>\n\n\n\n<p><strong>\u2022 <\/strong>Mesa redonda sobre instrumentaci\u00f3n en microbiolog\u00eda de los alimentos, tendencias del mercado mundial, y otros temas de actualidad del sector (moderada por el <strong><a href=\"http:\/\/webs.uab.cat\/workshopmrama\/perfiles\" target=\"_blank\" rel=\"noreferrer noopener\">Dr. Jos\u00e9 Juan Rodr\u00edguez Jerez<\/a><\/strong>, <em>Universitat Aut\u00f2noma de Barcelona<\/em>, Bellaterra \u2013Cerdanyola del Vall\u00e8s\u2013) 18-18:30 h<\/p>\n","protected":false},"excerpt":{"rendered":"<p>Martes, 24 de noviembre \u2022 Ponencia inaugural:\u00a0Visi\u00f3n general de los m\u00e9todos r\u00e1pidos y miniaturizados, y la automatizaci\u00f3n en microbiolog\u00eda\u00a0(Dr. Jos\u00e9 Juan Rodr\u00edguez Jerez,\u00a0Universitat Aut\u00f2noma de Barcelona, Bellaterra \u2013Cerdanyola del Vall\u00e8s\u2013) 10:05-11:25 h &#8211; Muestreo, toma\u00a0de muestras de superficies\u00a0y aire &#8211; Miniaturizaci\u00f3n: microplaca, n\u00famero m\u00e1s probable (NMP), recuento de c\u00e9lulas viables. Galer\u00edas de identificaci\u00f3n &#8211; M\u00e9todos [&hellip;]<\/p>\n","protected":false},"author":20,"featured_media":0,"parent":0,"menu_order":0,"comment_status":"closed","ping_status":"closed","template":"","meta":{"footnotes":""},"class_list":["post-1579","page","type-page","status-publish","hentry"],"_links":{"self":[{"href":"https:\/\/webs.uab.cat\/workshopmrama\/wp-json\/wp\/v2\/pages\/1579","targetHints":{"allow":["GET"]}}],"collection":[{"href":"https:\/\/webs.uab.cat\/workshopmrama\/wp-json\/wp\/v2\/pages"}],"about":[{"href":"https:\/\/webs.uab.cat\/workshopmrama\/wp-json\/wp\/v2\/types\/page"}],"author":[{"embeddable":true,"href":"https:\/\/webs.uab.cat\/workshopmrama\/wp-json\/wp\/v2\/users\/20"}],"replies":[{"embeddable":true,"href":"https:\/\/webs.uab.cat\/workshopmrama\/wp-json\/wp\/v2\/comments?post=1579"}],"version-history":[{"count":98,"href":"https:\/\/webs.uab.cat\/workshopmrama\/wp-json\/wp\/v2\/pages\/1579\/revisions"}],"predecessor-version":[{"id":7948,"href":"https:\/\/webs.uab.cat\/workshopmrama\/wp-json\/wp\/v2\/pages\/1579\/revisions\/7948"}],"wp:attachment":[{"href":"https:\/\/webs.uab.cat\/workshopmrama\/wp-json\/wp\/v2\/media?parent=1579"}],"curies":[{"name":"wp","href":"https:\/\/api.w.org\/{rel}","templated":true}]}}