{"id":1589,"date":"2017-09-07T16:48:19","date_gmt":"2017-09-07T14:48:19","guid":{"rendered":"https:\/\/webs.uab.cat\/workshopmrama\/hygiena\/"},"modified":"2025-06-25T10:56:07","modified_gmt":"2025-06-25T08:56:07","slug":"hygiena","status":"publish","type":"page","link":"https:\/\/webs.uab.cat\/workshopmrama\/hygiena\/","title":{"rendered":""},"content":{"rendered":"\n<p><a data-wplink-edit=\"true\" href=\"https:\/\/www.hygiena.com\" target=\"_blank\" rel=\"noopener\"><strong>Hygiena<\/strong><\/a>: distribuido por\u00a0<a href=\"http:\/\/www.bcaplicaciones.com\" target=\"_blank\" rel=\"noopener\">BC Aplicaciones Anal\u00edticas<\/a>,\u00a0<a href=\"http:\/\/www.bioser.com\/\" target=\"_blank\" rel=\"noreferrer noopener\">Bioser<\/a>, <a href=\"https:\/\/www.deltalab.es\/\" target=\"_blank\" rel=\"noreferrer noopener\">Deltalab member of SCGP<\/a>,\u00a0<a href=\"https:\/\/www.microplanet-psl.com\/index.html\" target=\"_blank\" rel=\"noreferrer noopener\">MicroPlanet Laboratorios<\/a>\u00a0y\u00a0<a href=\"https:\/\/www.scharlab.com\/\" target=\"_blank\" rel=\"noreferrer noopener\">Scharlab<\/a><\/p>\n\n\n\n<ul class=\"wp-block-list\">\n<li><a href=\"https:\/\/www.hygiena.com\/es\/soluciones-para-el-cuidado-de-la-salud\/verificacion-de-limpieza-atp\/ensure-touch?_gl=1*1pd4h24*_up*MQ..*_ga*NTY1NjQxMjM1LjE3NTAwNzU5OTU.*_ga_N1ZFCTH78J*czE3NTAwNzU5OTQkbzEkZzAkdDE3NTAwNzU5OTQkajYwJGwwJGg3NjczNjI4Mjg.\" target=\"_blank\" rel=\"noreferrer noopener\"><em>EnSURE Touch<\/em><\/a><\/li>\n\n\n\n<li><a href=\"https:\/\/webs.uab.cat\/workshopmrama\/wp-content\/uploads\/sites\/312\/2021\/06\/alertox.pdf\" target=\"_blank\" rel=\"noreferrer noopener\"><em>AlerTox<\/em><\/a><\/li>\n\n\n\n<li><a href=\"https:\/\/webs.uab.cat\/workshopmrama\/wp-content\/uploads\/sites\/312\/2011\/06\/foodproof_product_list.pdf\" target=\"_blank\" rel=\"noreferrer noopener\">Lista de productos <em><strong>food<\/strong>proof<\/em> y otros<\/a><\/li>\n\n\n\n<li><a href=\"https:\/\/webs.uab.cat\/workshopmrama\/wp-content\/uploads\/sites\/312\/2011\/06\/DNA_RNA_extraction.pdf\" target=\"_blank\" rel=\"noreferrer noopener\">Extracci\u00f3n de ADN\/ARN<\/a><\/li>\n\n\n\n<li><a href=\"https:\/\/webs.uab.cat\/workshopmrama\/wp-content\/uploads\/sites\/312\/2011\/06\/foodproof_kits_pathogenic_spoilage_microorganisms.pdf\" target=\"_blank\" rel=\"noreferrer noopener\"><em><strong>food<\/strong>proof kits<\/em> para pat\u00f3genos y alteradores alimentarios<\/a><\/li>\n\n\n\n<li><a rel=\"noreferrer noopener\" href=\"https:\/\/webs.uab.cat\/workshopmrama\/wp-content\/uploads\/sites\/312\/2011\/06\/foodproof_gmo_screening_kits.pdf\" target=\"_blank\"><em><strong>food<\/strong>proof GMO screening kits<\/em><\/a><\/li>\n\n\n\n<li><em><a rel=\"noreferrer noopener\" href=\"https:\/\/webs.uab.cat\/workshopmrama\/wp-content\/uploads\/sites\/312\/2023\/06\/bax_x5.pdf\" target=\"_blank\">BAX X5<\/a><\/em><\/li>\n\n\n\n<li><em><a href=\"https:\/\/webs.uab.cat\/workshopmrama\/wp-content\/uploads\/sites\/312\/2023\/06\/bax_q7.pdf\" target=\"_blank\" rel=\"noreferrer noopener\">BAX Q7<\/a><\/em><\/li>\n\n\n\n<li><em><a rel=\"noreferrer noopener\" href=\"https:\/\/webs.uab.cat\/workshopmrama\/wp-content\/uploads\/sites\/312\/2023\/06\/riboprinter.pdf\" target=\"_blank\">RiboPrinter<\/a><\/em><\/li>\n\n\n\n<li><a rel=\"noreferrer noopener\" href=\"https:\/\/webs.uab.cat\/workshopmrama\/wp-content\/uploads\/sites\/312\/2011\/06\/biotecon_diagnostics.pdf\" target=\"_blank\">M\u00e9todos basados en PCR en tiempo real para detectar levaduras y mohos, bacterias pat\u00f3genas, y virus en alimentos (presentaci\u00f3n multimedia)<\/a><\/li>\n<\/ul>\n","protected":false},"excerpt":{"rendered":"<p>Hygiena: distribuido por\u00a0BC Aplicaciones Anal\u00edticas,\u00a0Bioser, Deltalab member of SCGP,\u00a0MicroPlanet Laboratorios\u00a0y\u00a0Scharlab<\/p>\n","protected":false},"author":20,"featured_media":0,"parent":0,"menu_order":0,"comment_status":"closed","ping_status":"closed","template":"","meta":{"footnotes":""},"class_list":["post-1589","page","type-page","status-publish","hentry"],"_links":{"self":[{"href":"https:\/\/webs.uab.cat\/workshopmrama\/wp-json\/wp\/v2\/pages\/1589","targetHints":{"allow":["GET"]}}],"collection":[{"href":"https:\/\/webs.uab.cat\/workshopmrama\/wp-json\/wp\/v2\/pages"}],"about":[{"href":"https:\/\/webs.uab.cat\/workshopmrama\/wp-json\/wp\/v2\/types\/page"}],"author":[{"embeddable":true,"href":"https:\/\/webs.uab.cat\/workshopmrama\/wp-json\/wp\/v2\/users\/20"}],"replies":[{"embeddable":true,"href":"https:\/\/webs.uab.cat\/workshopmrama\/wp-json\/wp\/v2\/comments?post=1589"}],"version-history":[{"count":15,"href":"https:\/\/webs.uab.cat\/workshopmrama\/wp-json\/wp\/v2\/pages\/1589\/revisions"}],"predecessor-version":[{"id":6875,"href":"https:\/\/webs.uab.cat\/workshopmrama\/wp-json\/wp\/v2\/pages\/1589\/revisions\/6875"}],"wp:attachment":[{"href":"https:\/\/webs.uab.cat\/workshopmrama\/wp-json\/wp\/v2\/media?parent=1589"}],"curies":[{"name":"wp","href":"https:\/\/api.w.org\/{rel}","templated":true}]}}