{"id":1631,"date":"2018-11-07T18:09:09","date_gmt":"2018-11-07T16:09:09","guid":{"rendered":"https:\/\/webs.uab.cat\/workshopmrama\/eurofins\/"},"modified":"2023-06-13T10:39:42","modified_gmt":"2023-06-13T08:39:42","slug":"eurofins","status":"publish","type":"page","link":"https:\/\/webs.uab.cat\/workshopmrama\/eurofins\/","title":{"rendered":""},"content":{"rendered":"<p><a href=\"https:\/\/www.eurofins.es\" target=\"_blank\" rel=\"noopener\"><strong>Eurofins Food Divisi\u00f3n Espa\u00f1a<\/strong><\/a><\/p>\n<ul>\n<li><a href=\"https:\/\/webs.uab.cat\/workshopmrama\/wp-content\/uploads\/sites\/312\/2018\/11\/especialistas_seguridad_alimentaria.pdf\" target=\"_blank\" rel=\"noopener\">Especialistas en seguridad alimentaria<\/a><\/li>\n<li><a href=\"https:\/\/webs.uab.cat\/workshopmrama\/wp-content\/uploads\/sites\/312\/2018\/11\/catalogue_comprehensive_quality.pdf\" target=\"_blank\" rel=\"noopener\">Cat\u00e1logo <em>Calidad integral<\/em><\/a><\/li>\n<li><a href=\"https:\/\/webs.uab.cat\/workshopmrama\/wp-content\/uploads\/sites\/312\/2018\/11\/premiumlab.pdf\" target=\"_blank\" rel=\"noopener\">El laboratorio de microbiolog\u00eda externo como apoyo a los programas de autocontrol en la industria (presentaci\u00f3n multimedia)<\/a><\/li>\n<li><a href=\"https:\/\/webs.uab.cat\/workshopmrama\/wp-content\/uploads\/sites\/312\/2022\/02\/eurofins_food_division.pdf\" target=\"_blank\" rel=\"noopener\">Auditor\u00edas higi\u00e9nico-sanitarias, el valor a\u00f1adido del muestreo para el control microbiol\u00f3gico (presentaci\u00f3n multimedia)<\/a><\/li>\n<\/ul>\n","protected":false},"excerpt":{"rendered":"<p>Eurofins Food Divisi\u00f3n Espa\u00f1a Especialistas en seguridad alimentaria Cat\u00e1logo Calidad integral El laboratorio de microbiolog\u00eda externo como apoyo a los programas de autocontrol en la industria (presentaci\u00f3n multimedia) Auditor\u00edas higi\u00e9nico-sanitarias, el valor a\u00f1adido del muestreo para el control microbiol\u00f3gico (presentaci\u00f3n multimedia)<\/p>\n","protected":false},"author":20,"featured_media":0,"parent":0,"menu_order":0,"comment_status":"closed","ping_status":"closed","template":"","meta":{"footnotes":""},"class_list":["post-1631","page","type-page","status-publish","hentry"],"_links":{"self":[{"href":"https:\/\/webs.uab.cat\/workshopmrama\/wp-json\/wp\/v2\/pages\/1631","targetHints":{"allow":["GET"]}}],"collection":[{"href":"https:\/\/webs.uab.cat\/workshopmrama\/wp-json\/wp\/v2\/pages"}],"about":[{"href":"https:\/\/webs.uab.cat\/workshopmrama\/wp-json\/wp\/v2\/types\/page"}],"author":[{"embeddable":true,"href":"https:\/\/webs.uab.cat\/workshopmrama\/wp-json\/wp\/v2\/users\/20"}],"replies":[{"embeddable":true,"href":"https:\/\/webs.uab.cat\/workshopmrama\/wp-json\/wp\/v2\/comments?post=1631"}],"version-history":[{"count":4,"href":"https:\/\/webs.uab.cat\/workshopmrama\/wp-json\/wp\/v2\/pages\/1631\/revisions"}],"predecessor-version":[{"id":3660,"href":"https:\/\/webs.uab.cat\/workshopmrama\/wp-json\/wp\/v2\/pages\/1631\/revisions\/3660"}],"wp:attachment":[{"href":"https:\/\/webs.uab.cat\/workshopmrama\/wp-json\/wp\/v2\/media?parent=1631"}],"curies":[{"name":"wp","href":"https:\/\/api.w.org\/{rel}","templated":true}]}}