{"id":1663,"date":"2019-09-10T09:19:38","date_gmt":"2019-09-10T07:19:38","guid":{"rendered":"https:\/\/webs.uab.cat\/workshopmrama\/condalab\/"},"modified":"2025-05-30T20:02:00","modified_gmt":"2025-05-30T18:02:00","slug":"condalab","status":"publish","type":"page","link":"https:\/\/webs.uab.cat\/workshopmrama\/condalab\/","title":{"rendered":""},"content":{"rendered":"<p><a href=\"https:\/\/www.condalab.com\" target=\"_blank\" rel=\"noopener\"><strong>Condalab<\/strong><\/a><\/p>\n<ul>\n<li><a href=\"https:\/\/webs.uab.cat\/workshopmrama\/wp-content\/uploads\/sites\/312\/2024\/10\/industria_alimentaria.pdf\" target=\"_blank\" rel=\"noopener\">Protocolos ISO\u00a0para\u00a0la industria alimentaria<\/a><\/li>\n<li><a href=\"https:\/\/webs.uab.cat\/workshopmrama\/wp-content\/uploads\/sites\/312\/2019\/09\/industria_lactea.pdf\" target=\"_blank\" rel=\"noopener\">Protocolos ISO\u00a0para\u00a0la industria l\u00e1ctea<\/a><\/li>\n<li><a href=\"https:\/\/webs.uab.cat\/workshopmrama\/wp-content\/uploads\/sites\/312\/2019\/09\/consumo_agua.pdf\" target=\"_blank\" rel=\"noopener\">Protocolos ISO para aguas de consumo<\/a><\/li>\n<li><a href=\"https:\/\/webs.uab.cat\/workshopmrama\/wp-content\/uploads\/sites\/312\/2019\/09\/industria_bebidas.pdf\" target=\"_blank\" rel=\"noopener\">An\u00e1lisis microbiol\u00f3gicos en la industria\u00a0de bebidas<\/a><\/li>\n<li><a href=\"https:\/\/webs.uab.cat\/workshopmrama\/wp-content\/uploads\/sites\/312\/2019\/09\/industria_cosmetica.pdf\" target=\"_blank\" rel=\"noopener\">Protocolos ISO para la industria cosm\u00e9tica<\/a><\/li>\n<li><a href=\"https:\/\/webs.uab.cat\/workshopmrama\/wp-content\/uploads\/sites\/312\/2024\/10\/industria_farmaceutica.pdf\" target=\"_blank\" rel=\"noopener\">Protocolos Eur. Pharma para la industria farmac\u00e9utica<\/a><\/li>\n<li><a href=\"https:\/\/webs.uab.cat\/workshopmrama\/wp-content\/uploads\/sites\/312\/2024\/10\/product_list_microbiology__life_science_reagents.pdf\" target=\"_blank\" rel=\"noopener\">Cat\u00e1logo <em>Reactivos para microbiolog\u00eda y ciencias de la vida<\/em><\/a><\/li>\n<li><a href=\"https:\/\/webs.uab.cat\/workshopmrama\/wp-content\/uploads\/sites\/312\/2019\/09\/equipamiento_laboratorio.pdf\" target=\"_blank\" rel=\"noopener\">Equipamiento para laboratorio<\/a><\/li>\n<li><a href=\"https:\/\/webs.uab.cat\/workshopmrama\/wp-content\/uploads\/sites\/312\/2019\/09\/bolsas_medio_cultivo.pdf\" target=\"_blank\" rel=\"noopener\">Bolsas de medios de cultivo listas para usar<\/a><\/li>\n<li><a href=\"https:\/\/webs.uab.cat\/workshopmrama\/wp-content\/uploads\/sites\/312\/2019\/09\/medios_cromogenicos_condachrome.pdf\" target=\"_blank\" rel=\"noopener\">Medios de cultivo cromog\u00e9nicos <em>CondaChrome<\/em><\/a><\/li>\n<li><em><a href=\"https:\/\/webs.uab.cat\/workshopmrama\/wp-content\/uploads\/sites\/312\/2019\/09\/quantica_500.pdf\" target=\"_blank\" rel=\"noopener\">Quantica 500<\/a><\/em><\/li>\n<li><em><a href=\"https:\/\/webs.uab.cat\/workshopmrama\/wp-content\/uploads\/sites\/312\/2024\/10\/condagene.pdf\" target=\"_blank\" rel=\"noopener\">Condagene<\/a><\/em><\/li>\n<li><a href=\"https:\/\/webs.uab.cat\/workshopmrama\/wp-content\/uploads\/sites\/312\/2024\/12\/condalab.pdf\" target=\"_blank\" rel=\"noopener\">Condagene: diagn\u00f3stico r\u00e1pido de pat\u00f3genos por qPCR (presentaci\u00f3n multimedia)<\/a><\/li>\n<\/ul>\n","protected":false},"excerpt":{"rendered":"<p>Condalab Protocolos ISO\u00a0para\u00a0la industria alimentaria Protocolos ISO\u00a0para\u00a0la industria l\u00e1ctea Protocolos ISO para aguas de consumo An\u00e1lisis microbiol\u00f3gicos en la industria\u00a0de bebidas Protocolos ISO para la industria cosm\u00e9tica Protocolos Eur. Pharma para la industria farmac\u00e9utica Cat\u00e1logo Reactivos para microbiolog\u00eda y ciencias de la vida Equipamiento para laboratorio Bolsas de medios de cultivo listas para usar Medios [&hellip;]<\/p>\n","protected":false},"author":20,"featured_media":0,"parent":0,"menu_order":0,"comment_status":"closed","ping_status":"closed","template":"","meta":{"footnotes":""},"class_list":["post-1663","page","type-page","status-publish","hentry"],"_links":{"self":[{"href":"https:\/\/webs.uab.cat\/workshopmrama\/wp-json\/wp\/v2\/pages\/1663","targetHints":{"allow":["GET"]}}],"collection":[{"href":"https:\/\/webs.uab.cat\/workshopmrama\/wp-json\/wp\/v2\/pages"}],"about":[{"href":"https:\/\/webs.uab.cat\/workshopmrama\/wp-json\/wp\/v2\/types\/page"}],"author":[{"embeddable":true,"href":"https:\/\/webs.uab.cat\/workshopmrama\/wp-json\/wp\/v2\/users\/20"}],"replies":[{"embeddable":true,"href":"https:\/\/webs.uab.cat\/workshopmrama\/wp-json\/wp\/v2\/comments?post=1663"}],"version-history":[{"count":10,"href":"https:\/\/webs.uab.cat\/workshopmrama\/wp-json\/wp\/v2\/pages\/1663\/revisions"}],"predecessor-version":[{"id":6719,"href":"https:\/\/webs.uab.cat\/workshopmrama\/wp-json\/wp\/v2\/pages\/1663\/revisions\/6719"}],"wp:attachment":[{"href":"https:\/\/webs.uab.cat\/workshopmrama\/wp-json\/wp\/v2\/media?parent=1663"}],"curies":[{"name":"wp","href":"https:\/\/api.w.org\/{rel}","templated":true}]}}