{"id":1707,"date":"2020-05-14T12:12:23","date_gmt":"2020-05-14T10:12:23","guid":{"rendered":"https:\/\/webs.uab.cat\/workshopmrama\/intertek\/"},"modified":"2024-03-06T14:16:00","modified_gmt":"2024-03-06T13:16:00","slug":"intertek","status":"publish","type":"page","link":"https:\/\/webs.uab.cat\/workshopmrama\/intertek\/","title":{"rendered":""},"content":{"rendered":"\n<p><a href=\"http:\/\/www.intertek.es\" target=\"_blank\" rel=\"noopener\"><strong>Intertek Ib\u00e9rica Spain<\/strong><\/a><\/p>\n\n\n\n<ul class=\"wp-block-list\">\n<li><a rel=\"noreferrer noopener\" href=\"https:\/\/webs.uab.cat\/workshopmrama\/wp-content\/uploads\/sites\/312\/2019\/12\/intertek.pdf\" data-type=\"attachment\" data-id=\"135\" target=\"_blank\">La importancia del control ambiental en la industria alimentaria y su repercusi\u00f3n en los esquemas GFSI (presentaci\u00f3n multimedia)<\/a><\/li>\n\n\n\n<li><a rel=\"noreferrer noopener\" href=\"https:\/\/webs.uab.cat\/workshopmrama\/wp-content\/uploads\/sites\/312\/2020\/11\/intertek_2.pdf\" data-type=\"attachment\" data-id=\"1301\" target=\"_blank\">Identificaci\u00f3n de los peligros en los esquemas GFSI desde la visi\u00f3n de la FSMA (presentaci\u00f3n multimedia)<\/a><\/li>\n\n\n\n<li><a rel=\"noreferrer noopener\" href=\"https:\/\/webs.uab.cat\/workshopmrama\/wp-content\/uploads\/sites\/312\/2022\/02\/intertek_3.pdf\" data-type=\"attachment\" data-id=\"1305\" target=\"_blank\">La cultura de la inocuidad alimentaria como elemento fundamental para los SGIA (presentaci\u00f3n multimedia)<\/a><\/li>\n\n\n\n<li><a href=\"https:\/\/webs.uab.cat\/workshopmrama\/wp-content\/uploads\/sites\/312\/2011\/07\/intertek_4.pdf\" target=\"_blank\" rel=\"noopener\">Confianza y transparencia, elementos claves en la inocuidad alimentaria y los esquemas GFSI (presentaci\u00f3n multimedia)<\/a><\/li>\n\n\n\n<li><a href=\"https:\/\/webs.uab.cat\/workshopmrama\/wp-content\/uploads\/sites\/312\/2023\/11\/intertek_5.pdf\" target=\"_blank\" rel=\"noreferrer noopener\">Adaptaci\u00f3n a los \u00faltimos cambios en FSSC22000 v6, IFS Food v8 y BRCGS FS v9 (sin morir en el intento) (presentaci\u00f3n multimedia)<\/a><\/li>\n<\/ul>\n","protected":false},"excerpt":{"rendered":"<p>Intertek Ib\u00e9rica Spain<\/p>\n","protected":false},"author":20,"featured_media":0,"parent":0,"menu_order":0,"comment_status":"closed","ping_status":"closed","template":"","meta":{"footnotes":""},"class_list":["post-1707","page","type-page","status-publish","hentry"],"_links":{"self":[{"href":"https:\/\/webs.uab.cat\/workshopmrama\/wp-json\/wp\/v2\/pages\/1707","targetHints":{"allow":["GET"]}}],"collection":[{"href":"https:\/\/webs.uab.cat\/workshopmrama\/wp-json\/wp\/v2\/pages"}],"about":[{"href":"https:\/\/webs.uab.cat\/workshopmrama\/wp-json\/wp\/v2\/types\/page"}],"author":[{"embeddable":true,"href":"https:\/\/webs.uab.cat\/workshopmrama\/wp-json\/wp\/v2\/users\/20"}],"replies":[{"embeddable":true,"href":"https:\/\/webs.uab.cat\/workshopmrama\/wp-json\/wp\/v2\/comments?post=1707"}],"version-history":[{"count":6,"href":"https:\/\/webs.uab.cat\/workshopmrama\/wp-json\/wp\/v2\/pages\/1707\/revisions"}],"predecessor-version":[{"id":5139,"href":"https:\/\/webs.uab.cat\/workshopmrama\/wp-json\/wp\/v2\/pages\/1707\/revisions\/5139"}],"wp:attachment":[{"href":"https:\/\/webs.uab.cat\/workshopmrama\/wp-json\/wp\/v2\/media?parent=1707"}],"curies":[{"name":"wp","href":"https:\/\/api.w.org\/{rel}","templated":true}]}}