{"id":1723,"date":"2020-10-27T19:24:08","date_gmt":"2020-10-27T17:24:08","guid":{"rendered":"https:\/\/webs.uab.cat\/workshopmrama\/dutscher\/"},"modified":"2023-06-19T17:13:23","modified_gmt":"2023-06-19T15:13:23","slug":"dutscher","status":"publish","type":"page","link":"https:\/\/webs.uab.cat\/workshopmrama\/dutscher\/","title":{"rendered":""},"content":{"rendered":"<p><strong>Dutscher Ib\u00e9rica<\/strong>: <strong><a href=\"https:\/\/www.cultek.com\/\" target=\"_blank\" rel=\"noopener\">Cultek<\/a><\/strong>\u00a0\/\u00a0<strong><a href=\"https:\/\/www.ddbiolab.com\/\" target=\"_blank\" rel=\"noopener\">dDBioLab<\/a><\/strong><\/p>\n<ul>\n<li><a href=\"https:\/\/www.ddbiolab.com\/data\/catalogues_virtuels\/ddbiolab\/es\/0D\/280\/index.html\" target=\"_blank\" rel=\"noopener\">Cat\u00e1logo <em>Microbiolog\u00eda: an\u00e1lisis y medici\u00f3n<\/em><\/a><\/li>\n<li><a href=\"https:\/\/www.ddbiolab.com\/data\/pdf_brochures\/ddbiolab\/es\/memmert-Incubadores.pdf\" target=\"_blank\" rel=\"noopener\">Incubadores<\/a><\/li>\n<li><a href=\"https:\/\/www.ddbiolab.com\/data\/pdf_brochures\/ddbiolab\/es\/memmert_camaras_climaticas.pdf\" target=\"_blank\" rel=\"noopener\">C\u00e1maras clim\u00e1ticas<\/a><\/li>\n<li><a href=\"https:\/\/webs.uab.cat\/workshopmrama\/wp-content\/uploads\/sites\/312\/2020\/10\/soluciones_ngs.pdf\" target=\"_blank\" rel=\"noopener\">Soluciones para <em>Next Generation Sequencing<\/em> (<em>NGS<\/em>)<\/a><\/li>\n<li><a href=\"https:\/\/webs.uab.cat\/workshopmrama\/wp-content\/uploads\/sites\/312\/2020\/10\/nucleospin_nucleomag_nucleotype.pdf\" target=\"_blank\" rel=\"noopener\"><em>NucleoSpin<\/em> \/ <em>NucleoMag<\/em> \/ <em>NucleoType<\/em><\/a><\/li>\n<li><a href=\"https:\/\/webs.uab.cat\/workshopmrama\/wp-content\/uploads\/sites\/312\/2020\/10\/pcrbio_qpcrbio.pdf\" target=\"_blank\" rel=\"noopener\"><em>PCRBIO<\/em> \/ <em>qPCRBIO<\/em><\/a><\/li>\n<li><a href=\"https:\/\/pcrbio.com\/app\/uploads\/NGSBIO-Library-Quant-Kit-for-Illumina-Flyer.pdf\" target=\"_blank\" rel=\"noopener\"><em>NGSBIO Library Quant kit<\/em><\/a><\/li>\n<li><a href=\"https:\/\/www.cultek.com\/noticias\/wp-content\/uploads\/2020\/09\/nippon_genetics_los_mas_buscados_vf5.pdf\" target=\"_blank\" rel=\"noopener\">Fotodocumentaci\u00f3n de geles y alternativa segura al bromuro de etidio<\/a><\/li>\n<li><em><a href=\"https:\/\/www.analytik-jena.com\/products\/life-science\/pcr-and-qpcr\/real-time-pcr\" target=\"_blank\" rel=\"noopener\">qTOWER\u00b3<\/a><\/em><\/li>\n<\/ul>\n","protected":false},"excerpt":{"rendered":"<p>Dutscher Ib\u00e9rica: Cultek\u00a0\/\u00a0dDBioLab Cat\u00e1logo Microbiolog\u00eda: an\u00e1lisis y medici\u00f3n Incubadores C\u00e1maras clim\u00e1ticas Soluciones para Next Generation Sequencing (NGS) NucleoSpin \/ NucleoMag \/ NucleoType PCRBIO \/ qPCRBIO NGSBIO Library Quant kit Fotodocumentaci\u00f3n de geles y alternativa segura al bromuro de etidio qTOWER\u00b3<\/p>\n","protected":false},"author":20,"featured_media":0,"parent":0,"menu_order":0,"comment_status":"closed","ping_status":"closed","template":"","meta":{"footnotes":""},"class_list":["post-1723","page","type-page","status-publish","hentry"],"_links":{"self":[{"href":"https:\/\/webs.uab.cat\/workshopmrama\/wp-json\/wp\/v2\/pages\/1723","targetHints":{"allow":["GET"]}}],"collection":[{"href":"https:\/\/webs.uab.cat\/workshopmrama\/wp-json\/wp\/v2\/pages"}],"about":[{"href":"https:\/\/webs.uab.cat\/workshopmrama\/wp-json\/wp\/v2\/types\/page"}],"author":[{"embeddable":true,"href":"https:\/\/webs.uab.cat\/workshopmrama\/wp-json\/wp\/v2\/users\/20"}],"replies":[{"embeddable":true,"href":"https:\/\/webs.uab.cat\/workshopmrama\/wp-json\/wp\/v2\/comments?post=1723"}],"version-history":[{"count":4,"href":"https:\/\/webs.uab.cat\/workshopmrama\/wp-json\/wp\/v2\/pages\/1723\/revisions"}],"predecessor-version":[{"id":3813,"href":"https:\/\/webs.uab.cat\/workshopmrama\/wp-json\/wp\/v2\/pages\/1723\/revisions\/3813"}],"wp:attachment":[{"href":"https:\/\/webs.uab.cat\/workshopmrama\/wp-json\/wp\/v2\/media?parent=1723"}],"curies":[{"name":"wp","href":"https:\/\/api.w.org\/{rel}","templated":true}]}}