{"id":230,"date":"2011-06-10T09:34:00","date_gmt":"2011-06-10T07:34:00","guid":{"rendered":"https:\/\/webs.uab.cat\/workshopmrama\/miercoles\/"},"modified":"2026-03-20T12:46:33","modified_gmt":"2026-03-20T11:46:33","slug":"miercoles","status":"publish","type":"page","link":"https:\/\/webs.uab.cat\/workshopmrama\/miercoles\/","title":{"rendered":"Mi\u00e9rcoles 25"},"content":{"rendered":"\n<p><a href=\"https:\/\/webs.uab.cat\/workshopmrama\/wp-content\/uploads\/sites\/312\/2025\/11\/xxiii_workshop_mrama_memorial_dycfung_miercoles_25.pdf\" target=\"_blank\" rel=\"noreferrer noopener\">[Agenda mi\u00e9rcoles (descargar PDF)]<\/a><\/p>\n\n\n\n<p>9-9:15&nbsp;h. Desayuno<\/p>\n\n\n\n<p>9:15-12:05&nbsp;h. <a href=\"http:\/\/webs.uab.cat\/workshopmrama\/practicas\" target=\"_blank\" rel=\"noreferrer noopener\">1\u00aa sesi\u00f3n pr\u00e1ctica<\/a><\/p>\n\n\n\n<p>9:15-12:05 h. <a href=\"http:\/\/webs.uab.cat\/workshopmrama\/talleres\" target=\"_blank\" rel=\"noreferrer noopener\">Talleres<\/a>:<\/p>\n\n\n\n<p><strong>\u2022<\/strong>&nbsp;<em>Aplicaciones de la microbiolog\u00eda predictiva: uso pr\u00e1ctico de recursos disponibles<\/em> (<strong><a href=\"https:\/\/webs.uab.cat\/workshopmrama\/perfiles\/\" target=\"_blank\" rel=\"noreferrer noopener\">Dra. Montse Vila Brugalla<\/a><\/strong>, <strong><a href=\"https:\/\/www.aspb.cat\/es\" target=\"_blank\" rel=\"noreferrer noopener\"><em>Ag\u00e8ncia de Salut P\u00fablica de Barcelona <\/em>\u2013ASPB\u2013<\/a><\/strong>, Barcelona)<\/p>\n\n\n\n<p><strong>\u2022<\/strong>&nbsp;<em>\u00bfPeligros microbiol\u00f3gicos en los sistemas APPCC? \u00a1Por fin, identif\u00edcalos correctamente en tu empresa!<\/em> (<strong><a href=\"https:\/\/webs.uab.cat\/workshopmrama\/perfiles\/\" target=\"_blank\" rel=\"noreferrer noopener\">Sr. Jon Basagoiti Azpitarte<\/a><\/strong>, <strong><a href=\"https:\/\/www.elenemigoentucocina.com\/\" target=\"_blank\" rel=\"noreferrer noopener\"><em>El Enemigo en tu Cocina<\/em><\/a><\/strong>, Ermua)<\/p>\n\n\n\n<p>12:05-12:15 h. Pausa<\/p>\n\n\n\n<p>12:15-13 h. <strong>Sra. Alexandra Roijals Sansano <\/strong>(Chemital, Sant Pere Molanta \u2013Ol\u00e8rdola\u2013):<\/p>\n\n\n\n<p><strong>\u2022<\/strong>&nbsp;<em>Estrategias eficaces de control microbiol\u00f3gico: aplicaciones en industrias c\u00e1rnica y av\u00edcola<\/em><\/p>\n\n\n\n<p>13-14:10 h. Comida<\/p>\n\n\n\n<p>14:10-17:05 h. <a href=\"http:\/\/webs.uab.cat\/workshopmrama\/exhibiciones\" target=\"_blank\" rel=\"noreferrer noopener\">Empresas de microbiolog\u00eda \u00b7 exhibiciones<\/a>&nbsp;(grupos <em><a href=\"https:\/\/webs.uab.cat\/workshopmrama\/wp-content\/uploads\/sites\/312\/2011\/06\/Pasteur.pdf\" target=\"_blank\" rel=\"noreferrer noopener\">Pasteur<\/a><\/em>, <em><a href=\"https:\/\/webs.uab.cat\/workshopmrama\/rincon-dr-fung\/\" target=\"_blank\" rel=\"noreferrer noopener\">Fung<\/a><\/em>, <em><a href=\"https:\/\/es.wikipedia.org\/wiki\/Alice_Catherine_Evans\" target=\"_blank\" rel=\"noreferrer noopener\">Evans<\/a><\/em>&nbsp;y <em><a href=\"https:\/\/es.wikipedia.org\/wiki\/Lynn_Margulis\" target=\"_blank\" rel=\"noreferrer noopener\">Margulis<\/a><\/em>):<\/p>\n\n\n\n<p><strong>\u2022<\/strong>&nbsp;<em>Interlaboratorios: impulsando la calidad y la mejora continua en microbiolog\u00eda alimentaria<\/em> (<strong><a href=\"https:\/\/www.lgcstandards.com\/ES\/es\" target=\"_blank\" rel=\"noopener\">LGC Standards<\/a><\/strong>)<\/p>\n\n\n\n<p><strong>\u2022<\/strong>&nbsp;<em>Dime con qu\u00e9 muestreas y te dir\u00e9 qui\u00e9n eres<\/em> (<strong><a href=\"https:\/\/www.microplanet-psl.com\/es\" target=\"_blank\" rel=\"noreferrer noopener\">MicroPlanet Laboratorios<\/a><\/strong>)<\/p>\n\n\n\n<p><strong>\u2022<\/strong> <em>Controla hoy, evita problemas ma\u00f1ana. Superficies limpias, producci\u00f3n segura<\/em>&nbsp;(<strong><a href=\"https:\/\/www.neogen.com\/es\" target=\"_blank\" rel=\"noreferrer noopener\">Neogen<\/a> <\/strong>\/ <strong><a href=\"https:\/\/www.bioser.com\" target=\"_blank\" rel=\"noopener\">Bioser<\/a><\/strong>)<\/p>\n\n\n\n<p><strong>\u2022<\/strong>\u00a0<em>Espectrometr\u00eda de masas aplicada a la multi\u00f3mica: maximiza la informaci\u00f3n obtenida de tus muestras<\/em> (<strong><a href=\"https:\/\/www.olobion.ai\/\" target=\"_blank\" rel=\"noreferrer noopener\">oloBion<\/a><\/strong>)<\/p>\n\n\n\n<p><strong>\u2022<\/strong>&nbsp;<em>Preparaci\u00f3n, a temperatura ambiente, de salsas y gelatinas mediante mezcladora de alto cizallamiento: c\u00f3mo formular con un menor contenido en espesante, reduciendo el coste de materias primas y el tiempo de mezclado<\/em> (<strong><a href=\"https:\/\/www.quimivita.es\/\" target=\"_blank\" rel=\"noreferrer noopener\">Quimivita<\/a><\/strong>)<\/p>\n\n\n\n<p>17:05-17:15 h. Pausa<\/p>\n\n\n\n<p>17:15-18 h. <strong>Sra. Merc\u00e8 Freixes Graells <\/strong>y <strong>Sra. Paloma Freitas Marques <\/strong>(bon\u00c0rea Agrupa, Guissona):<\/p>\n\n\n\n<p><strong>\u2022<\/strong>&nbsp;<em>Del control a la confianza: estrategias integradas en calidad, seguridad alimentaria y riesgos laborales<\/em><\/p>\n\n\n\n<p>18-18:30 h. Mesa redonda sobre estrategias eficaces e integradas para la seguridad y la confianza. Participantes:<\/p>\n\n\n\n<p><strong>\u2022<\/strong>&nbsp;Moderador:&nbsp;<strong><a href=\"http:\/\/webs.uab.cat\/workshopmrama\/perfiles\" target=\"_blank\" rel=\"noreferrer noopener\">Dr. Oscar J. Esteban Cabornero<\/a><\/strong>&nbsp;(Grupo Entrepinares, Valladolid)<\/p>\n\n\n\n<p><strong>\u2022<\/strong> <strong>Sra. Alexandra Roijals Sansano<\/strong><\/p>\n\n\n\n<p><strong>\u2022<\/strong> <strong><a href=\"http:\/\/webs.uab.cat\/workshopmrama\/perfiles\" target=\"_blank\" rel=\"noreferrer noopener\">Sr. Pascal Monz\u00f3 Martos<\/a> <\/strong>(Productos Florida, Vila-real)<\/p>\n\n\n\n<p><strong>\u2022<\/strong>&nbsp;<strong>Sr. Jon Basagoiti Azpitarte<\/strong><\/p>\n\n\n\n<p><strong>\u2022<\/strong> <strong>Dr. Ra\u00fal Jes\u00fas Mesa Gonz\u00e1lez<\/strong> (Coca-Cola Europacific Partners, Martorelles)<\/p>\n\n\n\n<p><strong>\u2022<\/strong> <strong>Sra. Alba Gonz\u00e1lez Orellana<\/strong> (C\u00edtricos y Refrescantes, Suntory Beverage &amp; Food Europe, Tordera)<\/p>\n\n\n\n<p>18:30 h. Merienda<\/p>\n\n\n\n<p><a href=\"http:\/\/webs.uab.cat\/workshopmrama\/martes\">Martes, 24&nbsp;de noviembre<\/a> \/ <a href=\"http:\/\/webs.uab.cat\/workshopmrama\/jueves\">Jueves, 26&nbsp;de noviembre<\/a><\/p>\n","protected":false},"excerpt":{"rendered":"<p>[Agenda mi\u00e9rcoles (descargar PDF)] 9-9:15&nbsp;h. Desayuno 9:15-12:05&nbsp;h. 1\u00aa sesi\u00f3n pr\u00e1ctica 9:15-12:05 h. Talleres: \u2022&nbsp;Aplicaciones de la microbiolog\u00eda predictiva: uso pr\u00e1ctico de recursos disponibles (Dra. Montse Vila Brugalla, Ag\u00e8ncia de Salut P\u00fablica de Barcelona \u2013ASPB\u2013, Barcelona) \u2022&nbsp;\u00bfPeligros microbiol\u00f3gicos en los sistemas APPCC? \u00a1Por fin, identif\u00edcalos correctamente en tu empresa! (Sr. Jon Basagoiti Azpitarte, El Enemigo en [&hellip;]<\/p>\n","protected":false},"author":20,"featured_media":0,"parent":0,"menu_order":0,"comment_status":"closed","ping_status":"closed","template":"","meta":{"footnotes":""},"class_list":["post-230","page","type-page","status-publish","hentry"],"_links":{"self":[{"href":"https:\/\/webs.uab.cat\/workshopmrama\/wp-json\/wp\/v2\/pages\/230","targetHints":{"allow":["GET"]}}],"collection":[{"href":"https:\/\/webs.uab.cat\/workshopmrama\/wp-json\/wp\/v2\/pages"}],"about":[{"href":"https:\/\/webs.uab.cat\/workshopmrama\/wp-json\/wp\/v2\/types\/page"}],"author":[{"embeddable":true,"href":"https:\/\/webs.uab.cat\/workshopmrama\/wp-json\/wp\/v2\/users\/20"}],"replies":[{"embeddable":true,"href":"https:\/\/webs.uab.cat\/workshopmrama\/wp-json\/wp\/v2\/comments?post=230"}],"version-history":[{"count":99,"href":"https:\/\/webs.uab.cat\/workshopmrama\/wp-json\/wp\/v2\/pages\/230\/revisions"}],"predecessor-version":[{"id":8194,"href":"https:\/\/webs.uab.cat\/workshopmrama\/wp-json\/wp\/v2\/pages\/230\/revisions\/8194"}],"wp:attachment":[{"href":"https:\/\/webs.uab.cat\/workshopmrama\/wp-json\/wp\/v2\/media?parent=230"}],"curies":[{"name":"wp","href":"https:\/\/api.w.org\/{rel}","templated":true}]}}