{"id":243,"date":"2011-06-10T09:34:40","date_gmt":"2011-06-10T07:34:40","guid":{"rendered":"https:\/\/webs.uab.cat\/workshopmrama\/jueves\/"},"modified":"2026-03-20T12:20:50","modified_gmt":"2026-03-20T11:20:50","slug":"jueves","status":"publish","type":"page","link":"https:\/\/webs.uab.cat\/workshopmrama\/jueves\/","title":{"rendered":"Jueves 26 \u2013 Thanksgiving day"},"content":{"rendered":"\n<p><a href=\"https:\/\/webs.uab.cat\/workshopmrama\/wp-content\/uploads\/sites\/312\/2025\/11\/xxiii_workshop_mrama_memorial_dycfung_jueves_26.pdf\" target=\"_blank\" rel=\"noreferrer noopener\">[Agenda jueves (descargar PDF)]<\/a><\/p>\n\n\n\n<p>9-9:15 h. Desayuno<\/p>\n\n\n\n<p>9:15-11:55 h.&nbsp;<a href=\"http:\/\/webs.uab.cat\/workshopmrama\/practicas\" target=\"_blank\" rel=\"noreferrer noopener\">2\u00aa sesi\u00f3n pr\u00e1ctica<\/a><\/p>\n\n\n\n<p>9:15-11:55&nbsp;h. <a href=\"http:\/\/webs.uab.cat\/workshopmrama\/talleres\" target=\"_blank\" rel=\"noreferrer noopener\">Talleres<\/a>:<\/p>\n\n\n\n<p><strong>\u2022<\/strong>&nbsp;<em>Calidad y seguridad alimentarias: c\u00f3mo pasar de un enfoque reactivo a una gesti\u00f3n proactiva del riesgo<\/em> (<a href=\"https:\/\/www.biomerieux-industry.com\/es\" target=\"_blank\" rel=\"noreferrer noopener\"><strong>bioM\u00e9rieux Iberia<\/strong><\/a>)<\/p>\n\n\n\n<p><strong>\u2022<\/strong>&nbsp;<em>Desviaciones relacionadas con el control microbiol\u00f3gico en la industria alimentaria: gesti\u00f3n, acciones correctivas y medidas preventivas<\/em> (<a href=\"https:\/\/www.aenor.com\/\" target=\"_blank\" rel=\"noreferrer noopener\"><strong>AENOR<\/strong><\/a>)<\/p>\n\n\n\n<p>11:55-12:05 h. Pausa<\/p>\n\n\n\n<p>12:05-12:50 h. <strong><a href=\"https:\/\/webs.uab.cat\/workshopmrama\/perfiles\/\" target=\"_blank\" rel=\"noreferrer noopener\">Dra. Nathalie Gnanou Besse<\/a><\/strong> (<em>Agence Nationale de S\u00e9curit\u00e9 Sanitaire de l\u2019Alimentation, de l\u2019Environnement et du Travail<\/em> \u2013ANSES\u2013, Maisons\u2010Alfort, Francia):<\/p>\n\n\n\n<p><strong>\u2022<\/strong>&nbsp;<em>Impacto de los falsos positivos, las cepas at\u00edpicas y las nuevas especies de <\/em>Listeria <em>en los resultados de los an\u00e1lisis de <\/em>Listeria monocytogenes<\/p>\n\n\n\n<p>13-13:10 h. <a href=\"https:\/\/ddd.uab.cat\/record\/101794?ln=es\" target=\"_blank\" rel=\"noreferrer noopener\">Foto de grupo<\/a>, a cargo de <a href=\"https:\/\/www.pixelker.com\/\" target=\"_blank\" rel=\"noreferrer noopener\">Pixelker<\/a> (y camisetas a cargo de <a href=\"https:\/\/www.isonaimatge.com\/\" target=\"_blank\" rel=\"noreferrer noopener\">Isona Imatge i Protecci\u00f3<\/a>)<\/p>\n\n\n\n<p>13:10-14:10 h. Comida<\/p>\n\n\n\n<p>14:10-17:05&nbsp;h. <a href=\"http:\/\/webs.uab.cat\/workshopmrama\/exhibiciones\" target=\"_blank\" rel=\"noreferrer noopener\">Empresas de microbiolog\u00eda \u00b7 exhibiciones<\/a>&nbsp;(grupos <em><a href=\"https:\/\/webs.uab.cat\/workshopmrama\/wp-content\/uploads\/sites\/312\/2011\/06\/Pasteur.pdf\" target=\"_blank\" rel=\"noopener\">Pasteur<\/a><\/em>, <em><a href=\"https:\/\/webs.uab.cat\/workshopmrama\/rincon-dr-fung\/\" target=\"_blank\" rel=\"noreferrer noopener\">Fung<\/a><\/em>, <em><a href=\"https:\/\/es.wikipedia.org\/wiki\/Alice_Catherine_Evans\" target=\"_blank\" rel=\"noopener\">Evans<\/a><\/em> y <em><a href=\"https:\/\/es.wikipedia.org\/wiki\/Lynn_Margulis\" target=\"_blank\" rel=\"noopener\">Margulis<\/a><\/em>):<\/p>\n\n\n\n<p><strong>\u2022\u00a0<\/strong><em>Confianza en la microbiolog\u00eda r\u00e1pida: el papel de los ensayos de aptitud<\/em>\u00a0(<strong><a href=\"https:\/\/labnovasl.com\/programa-de-ensayos-de-aptitud-ecuante\/\" target=\"_blank\" rel=\"noreferrer noopener\">Ecuante Ensayos de Aptitud<\/a><\/strong>)<\/p>\n\n\n\n<p><strong>\u2022<\/strong>&nbsp;<em>Revolucione su programa de monitoreo ambiental y sus tests de microorganismos con una sola plataforma digital<\/em> (<a href=\"https:\/\/www.hygiena.com\/\" target=\"_blank\" rel=\"noreferrer noopener\"><strong>Hygiena<\/strong><\/a>)<\/p>\n\n\n\n<p><strong>\u2022<\/strong>&nbsp;<em>Revolucionando la seguridad alimentaria con secuenciaci\u00f3n de nueva generaci\u00f3n<\/em> (<strong><a href=\"https:\/\/www.illumina.com\" target=\"_blank\" rel=\"noopener\">Illumina Productos Espa\u00f1a<\/a><\/strong>)<\/p>\n\n\n\n<p><strong>\u2022<\/strong>&nbsp;<em>Seguridad y protecci\u00f3n alimentarias: perspectiva global&nbsp;<\/em>(<strong><a href=\"https:\/\/www.thermofisher.com\/es\/es\/home\/industrial\/microbiology.html\" target=\"_blank\" rel=\"noopener\">Thermo Fisher Scientific<\/a><\/strong>)<\/p>\n\n\n\n<p>17:05-17:15 h. Pausa<\/p>\n\n\n\n<p>17:15-18 h. <strong>Dra. Montse Vila Brugalla <\/strong>y <strong>Sr. Samuel Porta\u00f1a Tudela<\/strong> (<em>Ag\u00e8ncia de Salut P\u00fablica de Barcelona<\/em> \u2013ASPB\u2013, Barcelona):<\/p>\n\n\n\n<p><strong>\u2022<\/strong>&nbsp;<em>Los estudios sobre vida \u00fatil segura de alimentos listos para el consumo<\/em><\/p>\n\n\n\n<p>18-18:30 h. Mesa redonda sobre instrumentaci\u00f3n en microbiolog\u00eda de los alimentos, tendencias del mercado mundial, y otros temas de actualidad del sector. Conclusiones. Participantes:<\/p>\n\n\n\n<p><strong>\u2022<\/strong>&nbsp;Moderador: <strong><a href=\"http:\/\/webs.uab.cat\/workshopmrama\/perfiles\" target=\"_blank\" rel=\"noreferrer noopener\">Dr. Jos\u00e9 Juan Rodr\u00edguez Jerez<\/a><\/strong> (<em>Universitat Aut\u00f2noma de Barcelona<\/em>, Bellaterra \u2013Cerdanyola del Vall\u00e8s\u2013)<\/p>\n\n\n\n<p><strong>\u2022<\/strong>&nbsp;<strong>Dra. Montse Vila Brugalla<\/strong><\/p>\n\n\n\n<p><strong>\u2022<\/strong>&nbsp;<strong><a href=\"http:\/\/webs.uab.cat\/workshopmrama\/perfiles\" target=\"_blank\" rel=\"noreferrer noopener\">Sr. David Tom\u00e1s Forn\u00e9s<\/a><\/strong> (Grupo de Trabajo para la Normalizaci\u00f3n en microbiolog\u00eda de la cadena alimentaria, Valencia)<\/p>\n\n\n\n<p><strong>\u2022<\/strong>&nbsp;<strong>Sra. Itz\u00edar Olea Garc\u00eda<\/strong> (Thermo Fisher Scientific, Madrid)<\/p>\n\n\n\n<p><strong>\u2022<\/strong>&nbsp;<strong>Sr. Rub\u00e9n Melgarejo Ib\u00e1\u00f1ez<\/strong>&nbsp;(Illumina Productos Espa\u00f1a, Madrid)<\/p>\n\n\n\n<p><strong>\u2022<\/strong>&nbsp;<strong>Sra. Montserrat Enjuto Grijalba<\/strong> (Werfen, L&#8217;Hospitalet de Llobregat)<\/p>\n\n\n\n<p>18:30 h. Clausura oficial: celebraci\u00f3n<\/p>\n\n\n\n<p><a href=\"http:\/\/webs.uab.cat\/workshopmrama\/miercoles\">Mi\u00e9rcoles, 25&nbsp;de noviembre<\/a> \/ <a href=\"http:\/\/webs.uab.cat\/workshopmrama\/viernes\">Viernes, 27&nbsp;de noviembre<\/a><\/p>\n\n\n\n<p><\/p>\n","protected":false},"excerpt":{"rendered":"<p>[Agenda jueves (descargar PDF)] 9-9:15 h. Desayuno 9:15-11:55 h.&nbsp;2\u00aa sesi\u00f3n pr\u00e1ctica 9:15-11:55&nbsp;h. Talleres: \u2022&nbsp;Calidad y seguridad alimentarias: c\u00f3mo pasar de un enfoque reactivo a una gesti\u00f3n proactiva del riesgo (bioM\u00e9rieux Iberia) \u2022&nbsp;Desviaciones relacionadas con el control microbiol\u00f3gico en la industria alimentaria: gesti\u00f3n, acciones correctivas y medidas preventivas (AENOR) 11:55-12:05 h. Pausa 12:05-12:50 h. Dra. Nathalie [&hellip;]<\/p>\n","protected":false},"author":20,"featured_media":0,"parent":0,"menu_order":0,"comment_status":"closed","ping_status":"closed","template":"","meta":{"footnotes":""},"class_list":["post-243","page","type-page","status-publish","hentry"],"_links":{"self":[{"href":"https:\/\/webs.uab.cat\/workshopmrama\/wp-json\/wp\/v2\/pages\/243","targetHints":{"allow":["GET"]}}],"collection":[{"href":"https:\/\/webs.uab.cat\/workshopmrama\/wp-json\/wp\/v2\/pages"}],"about":[{"href":"https:\/\/webs.uab.cat\/workshopmrama\/wp-json\/wp\/v2\/types\/page"}],"author":[{"embeddable":true,"href":"https:\/\/webs.uab.cat\/workshopmrama\/wp-json\/wp\/v2\/users\/20"}],"replies":[{"embeddable":true,"href":"https:\/\/webs.uab.cat\/workshopmrama\/wp-json\/wp\/v2\/comments?post=243"}],"version-history":[{"count":99,"href":"https:\/\/webs.uab.cat\/workshopmrama\/wp-json\/wp\/v2\/pages\/243\/revisions"}],"predecessor-version":[{"id":8186,"href":"https:\/\/webs.uab.cat\/workshopmrama\/wp-json\/wp\/v2\/pages\/243\/revisions\/8186"}],"wp:attachment":[{"href":"https:\/\/webs.uab.cat\/workshopmrama\/wp-json\/wp\/v2\/media?parent=243"}],"curies":[{"name":"wp","href":"https:\/\/api.w.org\/{rel}","templated":true}]}}