{"id":2794,"date":"2023-01-18T08:48:27","date_gmt":"2023-01-18T07:48:27","guid":{"rendered":"https:\/\/webs.uab.cat\/workshopmrama\/?page_id=2794"},"modified":"2026-01-17T12:39:30","modified_gmt":"2026-01-17T11:39:30","slug":"organizadores-contactos","status":"publish","type":"page","link":"https:\/\/webs.uab.cat\/workshopmrama\/organizadores-contactos\/","title":{"rendered":"Organizadores y contactos"},"content":{"rendered":"\n<p><em>Universitat Aut\u00f2noma de Barcelona<\/em>, Facultad de Veterinaria, Departamento de Ciencia animal y de los alimentos. Tel\u00e9fono: 93-5811446<\/p>\n\n\n\n<p><a href=\"mailto:josep.yuste@uab.cat\" target=\"_blank\" rel=\"noreferrer noopener\">Dr. Josep Yuste Puigvert<\/a><\/p>\n\n\n\n<p><a href=\"mailto:marta.capellas@uab.cat\" target=\"_blank\" rel=\"noreferrer noopener\">Dra. Marta Capellas Puig<\/a><\/p>\n\n\n\n<p><a href=\"mailto:carolina.ripolles@uab.cat\" target=\"_blank\" rel=\"noreferrer noopener\">Dra. Carol Ripoll\u00e9s \u00c1vila<\/a><\/p>\n\n\n\n<p>Dra. Maria Mart\u00ednez Garcia<\/p>\n\n\n\n<p>Dr. Bernat P\u00e9rez Play\u00e0<\/p>\n\n\n\n<p>Dra. Luc\u00eda Verdugo Gonz\u00e1lez<\/p>\n\n\n\n<p>Sr. Guillem Gervilla Cantero<\/p>\n\n\n\n<p>Dra. Idoia Codina Torrella<\/p>\n\n\n\n<p>Sr. Xavier Mar\u00edn Anglada<\/p>\n\n\n\n<p>Dr. Arturo Bl\u00e1zquez Soro<\/p>\n\n\n\n<p>Sra. Paula Cruz Vera<\/p>\n\n\n<figure class=\"wp-block-image is-resized\"><a href=\"https:\/\/www.linkedin.com\/in\/workshop-mrama-memorial-dycfung\" target=\"_blank\" rel=\"noreferrer noopener\"><img decoding=\"async\" src=\"https:\/\/webs.uab.cat\/workshopmrama\/wp-content\/uploads\/sites\/312\/2023\/04\/linkedin.png\" alt=\"\" style=\"width:30px;height:30px\" \/><\/a><\/figure>\n<figure class=\"wp-block-image size-full is-resized\"><a href=\"https:\/\/x.com\/MRAMA_UAB\" target=\"_blank\" rel=\"noreferrer noopener\"><img loading=\"lazy\" decoding=\"async\" width=\"323\" height=\"296\" class=\"wp-image-4096\" style=\"width: 32px;height: 30px\" src=\"https:\/\/webs.uab.cat\/workshopmrama\/wp-content\/uploads\/sites\/312\/2023\/07\/twitter.jpg\" alt=\"\" srcset=\"https:\/\/webs.uab.cat\/workshopmrama\/wp-content\/uploads\/sites\/312\/2023\/07\/twitter.jpg 323w, https:\/\/webs.uab.cat\/workshopmrama\/wp-content\/uploads\/sites\/312\/2023\/07\/twitter-300x275.jpg 300w\" sizes=\"auto, (max-width: 323px) 100vw, 323px\" \/><\/a><\/figure>","protected":false},"excerpt":{"rendered":"<p>Universitat Aut\u00f2noma de Barcelona, Facultad de Veterinaria, Departamento de Ciencia animal y de los alimentos. Tel\u00e9fono: 93-5811446 Dr. Josep Yuste Puigvert Dra. Marta Capellas Puig Dra. Carol Ripoll\u00e9s \u00c1vila Dra. Maria Mart\u00ednez Garcia Dr. Bernat P\u00e9rez Play\u00e0 Dra. Luc\u00eda Verdugo Gonz\u00e1lez Sr. Guillem Gervilla Cantero Dra. Idoia Codina Torrella Sr. Xavier Mar\u00edn Anglada Dr. Arturo [&hellip;]<\/p>\n","protected":false},"author":20,"featured_media":0,"parent":0,"menu_order":0,"comment_status":"closed","ping_status":"closed","template":"","meta":{"footnotes":""},"class_list":["post-2794","page","type-page","status-publish","hentry"],"_links":{"self":[{"href":"https:\/\/webs.uab.cat\/workshopmrama\/wp-json\/wp\/v2\/pages\/2794","targetHints":{"allow":["GET"]}}],"collection":[{"href":"https:\/\/webs.uab.cat\/workshopmrama\/wp-json\/wp\/v2\/pages"}],"about":[{"href":"https:\/\/webs.uab.cat\/workshopmrama\/wp-json\/wp\/v2\/types\/page"}],"author":[{"embeddable":true,"href":"https:\/\/webs.uab.cat\/workshopmrama\/wp-json\/wp\/v2\/users\/20"}],"replies":[{"embeddable":true,"href":"https:\/\/webs.uab.cat\/workshopmrama\/wp-json\/wp\/v2\/comments?post=2794"}],"version-history":[{"count":27,"href":"https:\/\/webs.uab.cat\/workshopmrama\/wp-json\/wp\/v2\/pages\/2794\/revisions"}],"predecessor-version":[{"id":7680,"href":"https:\/\/webs.uab.cat\/workshopmrama\/wp-json\/wp\/v2\/pages\/2794\/revisions\/7680"}],"wp:attachment":[{"href":"https:\/\/webs.uab.cat\/workshopmrama\/wp-json\/wp\/v2\/media?parent=2794"}],"curies":[{"name":"wp","href":"https:\/\/api.w.org\/{rel}","templated":true}]}}