{"id":291,"date":"2011-06-10T09:54:57","date_gmt":"2011-06-10T07:54:57","guid":{"rendered":"https:\/\/webs.uab.cat\/workshopmrama\/becton-dickinson\/"},"modified":"2025-06-17T10:34:18","modified_gmt":"2025-06-17T08:34:18","slug":"becton-dickinson","status":"publish","type":"page","link":"https:\/\/webs.uab.cat\/workshopmrama\/becton-dickinson\/","title":{"rendered":""},"content":{"rendered":"\n<p><span style=\"text-decoration: underline\"><strong>Becton Dickinson<\/strong><\/span><\/p>\n\n\n\n<p><a href=\"https:\/\/www.bdbiosciences.com\/eu\/home\" target=\"_blank\" rel=\"noopener\"><strong>BD Biosciences<\/strong><\/a><\/p>\n\n\n\n<ul class=\"wp-block-list\">\n<li><a href=\"https:\/\/www.bdbiosciences.com\/eu\/instruments\/research\/cell-analyzers\/bd-accuri-c6\/m\/1294932\/applications\/microbiology#apps_microbial_id\" target=\"_blank\" rel=\"noopener\">Cat\u00e1logo<\/a><\/li>\n\n\n\n<li><a href=\"https:\/\/webs.uab.cat\/workshopmrama\/wp-content\/uploads\/sites\/312\/2011\/06\/Assessing_water_quality_with_the_BD_Accuri_C6_flow_cytometer.pdf\" target=\"_blank\" rel=\"noopener\">Assessing water quality with the BD Accuri C6 flow cytometer (art\u00edculo)<\/a><\/li>\n\n\n\n<li><a href=\"https:\/\/webs.uab.cat\/workshopmrama\/wp-content\/uploads\/sites\/312\/2017\/01\/BD_Biosciences.pdf\" target=\"_blank\" rel=\"noopener\">Detecci\u00f3n r\u00e1pida de microorganismos por citometr\u00eda de flujo: bases, cit\u00f3metro Accuri, uso para detectar contaminaci\u00f3n bacteriana (presentaci\u00f3n multimedia)<\/a><\/li>\n<\/ul>\n\n\n\n<p><a href=\"https:\/\/www.bd.com\/es\/ds\/industry\" target=\"_blank\" rel=\"noopener\"><strong>BD Diagnostic Systems<\/strong><\/a><\/p>\n\n\n\n<ul class=\"wp-block-list\">\n<li><a href=\"https:\/\/webs.uab.cat\/workshopmrama\/wp-content\/uploads\/sites\/312\/2025\/06\/catalogue_industrial_microbiology.pdf\" target=\"_blank\" rel=\"noreferrer noopener\">Cat\u00e1logo <em>Microbiolog\u00eda industrial<\/em><\/a><\/li>\n\n\n\n<li><a href=\"https:\/\/webs.uab.cat\/workshopmrama\/wp-content\/uploads\/sites\/312\/2011\/06\/KIESTRA_lab_automation.pdf\" target=\"_blank\" rel=\"noopener\">Automatizaci\u00f3n del laboratorio<\/a><\/li>\n\n\n\n<li><a href=\"https:\/\/webs.uab.cat\/workshopmrama\/wp-content\/uploads\/sites\/312\/2011\/06\/Medios_cromogenicos_BD.pdf\" target=\"_blank\" rel=\"noopener\">Medios de cultivo cromog\u00e9nicos<\/a><\/li>\n\n\n\n<li><a href=\"https:\/\/webs.uab.cat\/workshopmrama\/wp-content\/uploads\/sites\/312\/2011\/06\/legionella_testing.pdf\" target=\"_blank\" rel=\"noopener\">An\u00e1lisis de <em>Legionella<\/em><\/a><\/li>\n\n\n\n<li><a href=\"https:\/\/webs.uab.cat\/workshopmrama\/wp-content\/uploads\/sites\/312\/2011\/06\/EpiCenter.pdf\" target=\"_blank\" rel=\"noopener\"><em>EpiCenter<\/em><\/a><\/li>\n\n\n\n<li><a href=\"https:\/\/webs.uab.cat\/workshopmrama\/wp-content\/uploads\/sites\/312\/2011\/06\/FACSMicroCount.pdf\" target=\"_blank\" rel=\"noopener\"><em>FACSMicroCount<\/em><\/a><\/li>\n\n\n\n<li><a href=\"https:\/\/webs.uab.cat\/workshopmrama\/wp-content\/uploads\/sites\/312\/2017\/01\/BD_Diagnostic_Systems.pdf\" target=\"_blank\" rel=\"noopener\">A\u00f1adiendo valor a tu proceso de fabricaci\u00f3n: microbiolog\u00eda r\u00e1pida FACSMicroCount (presentaci\u00f3n multimedia)<\/a><\/li>\n<\/ul>\n","protected":false},"excerpt":{"rendered":"<p>Becton Dickinson BD Biosciences BD Diagnostic Systems<\/p>\n","protected":false},"author":20,"featured_media":0,"parent":0,"menu_order":0,"comment_status":"closed","ping_status":"closed","template":"","meta":{"footnotes":""},"class_list":["post-291","page","type-page","status-publish","hentry"],"_links":{"self":[{"href":"https:\/\/webs.uab.cat\/workshopmrama\/wp-json\/wp\/v2\/pages\/291","targetHints":{"allow":["GET"]}}],"collection":[{"href":"https:\/\/webs.uab.cat\/workshopmrama\/wp-json\/wp\/v2\/pages"}],"about":[{"href":"https:\/\/webs.uab.cat\/workshopmrama\/wp-json\/wp\/v2\/types\/page"}],"author":[{"embeddable":true,"href":"https:\/\/webs.uab.cat\/workshopmrama\/wp-json\/wp\/v2\/users\/20"}],"replies":[{"embeddable":true,"href":"https:\/\/webs.uab.cat\/workshopmrama\/wp-json\/wp\/v2\/comments?post=291"}],"version-history":[{"count":5,"href":"https:\/\/webs.uab.cat\/workshopmrama\/wp-json\/wp\/v2\/pages\/291\/revisions"}],"predecessor-version":[{"id":6775,"href":"https:\/\/webs.uab.cat\/workshopmrama\/wp-json\/wp\/v2\/pages\/291\/revisions\/6775"}],"wp:attachment":[{"href":"https:\/\/webs.uab.cat\/workshopmrama\/wp-json\/wp\/v2\/media?parent=291"}],"curies":[{"name":"wp","href":"https:\/\/api.w.org\/{rel}","templated":true}]}}