{"id":294,"date":"2011-06-10T09:56:01","date_gmt":"2011-06-10T07:56:01","guid":{"rendered":"https:\/\/webs.uab.cat\/workshopmrama\/biocontrol-systems\/"},"modified":"2026-03-12T13:32:03","modified_gmt":"2026-03-12T12:32:03","slug":"aenor","status":"publish","type":"page","link":"https:\/\/webs.uab.cat\/workshopmrama\/aenor\/","title":{"rendered":""},"content":{"rendered":"\n<p><a href=\"https:\/\/www.aenor.com\/\" target=\"_blank\" rel=\"noreferrer noopener\"><strong>AENOR<\/strong><\/a><\/p>\n\n\n\n<ul class=\"wp-block-list\">\n<li><a href=\"https:\/\/webs.uab.cat\/workshopmrama\/wp-content\/uploads\/sites\/312\/2024\/11\/aenor.pdf\" target=\"_blank\" rel=\"noreferrer noopener\">Criterios para dise\u00f1ar planes de control ambiental en la industria alimentaria (presentaci\u00f3n multimedia)<\/a><\/li>\n\n\n\n<li><a href=\"https:\/\/webs.uab.cat\/workshopmrama\/wp-content\/uploads\/sites\/312\/2025\/11\/aenor.pdf\" target=\"_blank\" rel=\"noreferrer noopener\">Zonificaci\u00f3n en la industria alimentaria. Clasificaci\u00f3n de las zonas de riesgo, flujos y medidas de contro (presentaci\u00f3n multimedia)<\/a><\/li>\n<\/ul>\n","protected":false},"excerpt":{"rendered":"<p>AENOR<\/p>\n","protected":false},"author":20,"featured_media":0,"parent":0,"menu_order":0,"comment_status":"closed","ping_status":"closed","template":"","meta":{"footnotes":""},"class_list":["post-294","page","type-page","status-publish","hentry"],"_links":{"self":[{"href":"https:\/\/webs.uab.cat\/workshopmrama\/wp-json\/wp\/v2\/pages\/294","targetHints":{"allow":["GET"]}}],"collection":[{"href":"https:\/\/webs.uab.cat\/workshopmrama\/wp-json\/wp\/v2\/pages"}],"about":[{"href":"https:\/\/webs.uab.cat\/workshopmrama\/wp-json\/wp\/v2\/types\/page"}],"author":[{"embeddable":true,"href":"https:\/\/webs.uab.cat\/workshopmrama\/wp-json\/wp\/v2\/users\/20"}],"replies":[{"embeddable":true,"href":"https:\/\/webs.uab.cat\/workshopmrama\/wp-json\/wp\/v2\/comments?post=294"}],"version-history":[{"count":12,"href":"https:\/\/webs.uab.cat\/workshopmrama\/wp-json\/wp\/v2\/pages\/294\/revisions"}],"predecessor-version":[{"id":8160,"href":"https:\/\/webs.uab.cat\/workshopmrama\/wp-json\/wp\/v2\/pages\/294\/revisions\/8160"}],"wp:attachment":[{"href":"https:\/\/webs.uab.cat\/workshopmrama\/wp-json\/wp\/v2\/media?parent=294"}],"curies":[{"name":"wp","href":"https:\/\/api.w.org\/{rel}","templated":true}]}}