{"id":325,"date":"2011-06-10T09:56:45","date_gmt":"2011-06-10T07:56:45","guid":{"rendered":"https:\/\/webs.uab.cat\/workshopmrama\/biomerieux\/"},"modified":"2026-03-20T10:23:35","modified_gmt":"2026-03-20T09:23:35","slug":"biomerieux","status":"publish","type":"page","link":"https:\/\/webs.uab.cat\/workshopmrama\/biomerieux\/","title":{"rendered":""},"content":{"rendered":"<p><a href=\"https:\/\/www.biomerieux-industry.com\/es\" target=\"_blank\" rel=\"noopener\"><strong>bioM\u00e9rieux Iberia<\/strong><\/a><\/p>\n<ul>\n<li><em><a href=\"https:\/\/webs.uab.cat\/workshopmrama\/wp-content\/uploads\/sites\/312\/2011\/06\/dilumat.pdf\" target=\"_blank\" rel=\"noopener\">Dilumat<\/a><\/em><\/li>\n<li><em><a href=\"https:\/\/webs.uab.cat\/workshopmrama\/wp-content\/uploads\/sites\/312\/2023\/06\/masterclave.pdf\" target=\"_blank\" rel=\"noopener\">MasterClave<\/a><\/em><\/li>\n<li><a href=\"https:\/\/webs.uab.cat\/workshopmrama\/wp-content\/uploads\/sites\/312\/2011\/06\/chromogenic_media_biomerieux.pdf\" target=\"_blank\" rel=\"noopener\">Medios de cultivo cromog\u00e9nicos<\/a><\/li>\n<li><em><a href=\"https:\/\/webs.uab.cat\/workshopmrama\/wp-content\/uploads\/sites\/312\/2011\/06\/chemunex_d_count.pdf\" target=\"_blank\" rel=\"noopener\">Chemunex\u00a0D-Count<\/a><\/em><\/li>\n<li><em><a href=\"https:\/\/webs.uab.cat\/workshopmrama\/wp-content\/uploads\/sites\/312\/2011\/06\/tempo.pdf\" target=\"_blank\" rel=\"noopener\">TEMPO<\/a><\/em><\/li>\n<li><em><a href=\"https:\/\/webs.uab.cat\/workshopmrama\/wp-content\/uploads\/sites\/312\/2025\/07\/vidas_kube.pdf\" target=\"_blank\" rel=\"noopener\">VIDAS KUBE<\/a><\/em><\/li>\n<li><a href=\"https:\/\/webs.uab.cat\/workshopmrama\/wp-content\/uploads\/sites\/312\/2023\/06\/geneup.pdf\" target=\"_blank\" rel=\"noopener\"><em>GENE-UP<\/em><\/a><\/li>\n<li><a href=\"https:\/\/webs.uab.cat\/workshopmrama\/wp-content\/uploads\/sites\/312\/2025\/07\/gene_up_typer.pdf\" target=\"_blank\" rel=\"noopener\"><em>GENE-UP Typer<\/em><\/a><\/li>\n<li><a href=\"https:\/\/webs.uab.cat\/workshopmrama\/wp-content\/uploads\/sites\/312\/2025\/07\/augmented_diagnostics.pdf\" target=\"_blank\" rel=\"noopener\"><em>Augmented Diagnostics<\/em><\/a><\/li>\n<li><a href=\"https:\/\/webs.uab.cat\/workshopmrama\/wp-content\/uploads\/sites\/312\/2011\/06\/campylobacter_biomerieux.pdf\" target=\"_blank\" rel=\"noopener\">An\u00e1lisis de <em>Campylobacter<\/em> spp.<\/a><\/li>\n<li><a href=\"https:\/\/webs.uab.cat\/workshopmrama\/wp-content\/uploads\/sites\/312\/2023\/06\/food_borne_virus_detection.pdf\" target=\"_blank\" rel=\"noopener\">Detecci\u00f3n de virus alimentarios<\/a><\/li>\n<li><a href=\"https:\/\/webs.uab.cat\/workshopmrama\/wp-content\/uploads\/sites\/312\/2025\/12\/biomerieux.pdf\" target=\"_blank\" rel=\"noopener\">Seguridad alimentaria: herramientas para un enfoque preventivo (presentaci\u00f3n multimedia)<\/a><\/li>\n<\/ul>\n","protected":false},"excerpt":{"rendered":"<p>bioM\u00e9rieux Iberia Dilumat MasterClave Medios de cultivo cromog\u00e9nicos Chemunex\u00a0D-Count TEMPO VIDAS KUBE GENE-UP GENE-UP Typer Augmented Diagnostics An\u00e1lisis de Campylobacter spp. Detecci\u00f3n de virus alimentarios Seguridad alimentaria: herramientas para un enfoque preventivo (presentaci\u00f3n multimedia)<\/p>\n","protected":false},"author":20,"featured_media":0,"parent":0,"menu_order":0,"comment_status":"closed","ping_status":"closed","template":"","meta":{"footnotes":""},"class_list":["post-325","page","type-page","status-publish","hentry"],"_links":{"self":[{"href":"https:\/\/webs.uab.cat\/workshopmrama\/wp-json\/wp\/v2\/pages\/325","targetHints":{"allow":["GET"]}}],"collection":[{"href":"https:\/\/webs.uab.cat\/workshopmrama\/wp-json\/wp\/v2\/pages"}],"about":[{"href":"https:\/\/webs.uab.cat\/workshopmrama\/wp-json\/wp\/v2\/types\/page"}],"author":[{"embeddable":true,"href":"https:\/\/webs.uab.cat\/workshopmrama\/wp-json\/wp\/v2\/users\/20"}],"replies":[{"embeddable":true,"href":"https:\/\/webs.uab.cat\/workshopmrama\/wp-json\/wp\/v2\/comments?post=325"}],"version-history":[{"count":15,"href":"https:\/\/webs.uab.cat\/workshopmrama\/wp-json\/wp\/v2\/pages\/325\/revisions"}],"predecessor-version":[{"id":8173,"href":"https:\/\/webs.uab.cat\/workshopmrama\/wp-json\/wp\/v2\/pages\/325\/revisions\/8173"}],"wp:attachment":[{"href":"https:\/\/webs.uab.cat\/workshopmrama\/wp-json\/wp\/v2\/media?parent=325"}],"curies":[{"name":"wp","href":"https:\/\/api.w.org\/{rel}","templated":true}]}}