{"id":351,"date":"2011-06-10T09:57:30","date_gmt":"2011-06-10T07:57:30","guid":{"rendered":"https:\/\/webs.uab.cat\/workshopmrama\/bioser\/"},"modified":"2026-02-20T11:54:34","modified_gmt":"2026-02-20T10:54:34","slug":"bioser","status":"publish","type":"page","link":"https:\/\/webs.uab.cat\/workshopmrama\/bioser\/","title":{"rendered":""},"content":{"rendered":"<p><a href=\"https:\/\/www.bioser.com\/\" target=\"_blank\" rel=\"noopener\"><strong>Bioser<\/strong><\/a><\/p>\n<ul>\n<li><a href=\"https:\/\/webs.uab.cat\/workshopmrama\/wp-content\/uploads\/sites\/312\/2026\/02\/catalogo_biokar_diagnostics.pdf\" target=\"_blank\" rel=\"noopener\">Cat\u00e1logo Biokar Diagnostics<\/a><\/li>\n<li><a href=\"https:\/\/webs.uab.cat\/workshopmrama\/wp-content\/uploads\/sites\/312\/2026\/02\/toallitas.pdf\" target=\"_blank\" rel=\"noopener\">Toallitas para el an\u00e1lisis de <em>Salmonella<\/em> spp. y <em>Listeria<\/em> spp.<\/a><\/li>\n<li><a href=\"https:\/\/webs.uab.cat\/workshopmrama\/wp-content\/uploads\/sites\/312\/2026\/02\/hygicult.pdf\" target=\"_blank\" rel=\"noopener\"><em>Hygicult<\/em><\/a><\/li>\n<li><em><a href=\"https:\/\/webs.uab.cat\/workshopmrama\/wp-content\/uploads\/sites\/312\/2011\/06\/microbio.pdf\" target=\"_blank\" rel=\"noopener\">MicroBio<\/a><\/em><\/li>\n<li><a href=\"https:\/\/webs.uab.cat\/workshopmrama\/wp-content\/uploads\/sites\/312\/2026\/02\/n_light.pdf\" target=\"_blank\" rel=\"noopener\"><em>N-Light<\/em><\/a><\/li>\n<li><a href=\"https:\/\/webs.uab.cat\/workshopmrama\/wp-content\/uploads\/sites\/312\/2026\/02\/dilucup.pdf\" target=\"_blank\" rel=\"noopener\"><em>Dilucup<\/em><\/a><\/li>\n<li><a href=\"https:\/\/webs.uab.cat\/workshopmrama\/wp-content\/uploads\/sites\/312\/2026\/02\/medios_cromogenicos.pdf\" target=\"_blank\" rel=\"noopener\">Medios de cultivo cromog\u00e9nicos<\/a><\/li>\n<li><a href=\"https:\/\/webs.uab.cat\/workshopmrama\/wp-content\/uploads\/sites\/312\/2024\/07\/biokar_diagnostics_interpretation_booklet.pdf\" target=\"_blank\" rel=\"noreferrer noopener\" data-type=\"attachment\" data-id=\"1441\">Cuaderno de interpretaci\u00f3n Biokar Diagnostics<\/a><\/li>\n<li><a href=\"https:\/\/webs.uab.cat\/workshopmrama\/wp-content\/uploads\/sites\/312\/2026\/02\/cleanpath.pdf\" target=\"_blank\" rel=\"noopener\"><em>CleanPath<\/em><\/a><\/li>\n<li><a href=\"https:\/\/webs.uab.cat\/workshopmrama\/wp-content\/uploads\/sites\/312\/2026\/02\/path_check.pdf\" target=\"_blank\" rel=\"noopener\">Sistema <em>Path-Check Hygiene<\/em><\/a><\/li>\n<li><a href=\"https:\/\/webs.uab.cat\/workshopmrama\/wp-content\/uploads\/sites\/312\/2026\/02\/listeria_compliance_ready.pdf\" target=\"_blank\" rel=\"noopener\">Listeria <em>compliance ready<\/em><\/a><\/li>\n<li><a href=\"https:\/\/webs.uab.cat\/workshopmrama\/wp-content\/uploads\/sites\/312\/2026\/02\/traceguard.pdf\" target=\"_blank\" rel=\"noopener\"><em>TraceGuard<\/em><\/a><\/li>\n<li><a href=\"https:\/\/webs.uab.cat\/workshopmrama\/wp-content\/uploads\/sites\/312\/2026\/02\/legionella.pdf\" target=\"_blank\" rel=\"noopener\">An\u00e1lisis de <em>Legionella<\/em> spp.<\/a><\/li>\n<li><a href=\"https:\/\/webs.uab.cat\/workshopmrama\/wp-content\/uploads\/sites\/312\/2026\/02\/l.monocytogenes.pdf\" target=\"_blank\" rel=\"noopener\">An\u00e1lisis de <em>Listeria monocytogenes<\/em><\/a><\/li>\n<li><a href=\"https:\/\/webs.uab.cat\/workshopmrama\/wp-content\/uploads\/sites\/312\/2026\/02\/sector_veterinario.pdf\" target=\"_blank\" rel=\"noopener\">Sector veterinario<\/a><\/li>\n<\/ul>\n\n\n<p><\/p>\n","protected":false},"excerpt":{"rendered":"<p>Bioser Cat\u00e1logo Biokar Diagnostics Toallitas para el an\u00e1lisis de Salmonella spp. y Listeria spp. Hygicult MicroBio N-Light Dilucup Medios de cultivo cromog\u00e9nicos Cuaderno de interpretaci\u00f3n Biokar Diagnostics CleanPath Sistema Path-Check Hygiene Listeria compliance ready TraceGuard An\u00e1lisis de Legionella spp. An\u00e1lisis de Listeria monocytogenes Sector veterinario<\/p>\n","protected":false},"author":20,"featured_media":0,"parent":0,"menu_order":0,"comment_status":"closed","ping_status":"closed","template":"","meta":{"footnotes":""},"class_list":["post-351","page","type-page","status-publish","hentry"],"_links":{"self":[{"href":"https:\/\/webs.uab.cat\/workshopmrama\/wp-json\/wp\/v2\/pages\/351","targetHints":{"allow":["GET"]}}],"collection":[{"href":"https:\/\/webs.uab.cat\/workshopmrama\/wp-json\/wp\/v2\/pages"}],"about":[{"href":"https:\/\/webs.uab.cat\/workshopmrama\/wp-json\/wp\/v2\/types\/page"}],"author":[{"embeddable":true,"href":"https:\/\/webs.uab.cat\/workshopmrama\/wp-json\/wp\/v2\/users\/20"}],"replies":[{"embeddable":true,"href":"https:\/\/webs.uab.cat\/workshopmrama\/wp-json\/wp\/v2\/comments?post=351"}],"version-history":[{"count":20,"href":"https:\/\/webs.uab.cat\/workshopmrama\/wp-json\/wp\/v2\/pages\/351\/revisions"}],"predecessor-version":[{"id":8073,"href":"https:\/\/webs.uab.cat\/workshopmrama\/wp-json\/wp\/v2\/pages\/351\/revisions\/8073"}],"wp:attachment":[{"href":"https:\/\/webs.uab.cat\/workshopmrama\/wp-json\/wp\/v2\/media?parent=351"}],"curies":[{"name":"wp","href":"https:\/\/api.w.org\/{rel}","templated":true}]}}