{"id":372,"date":"2011-06-10T10:00:43","date_gmt":"2011-06-10T08:00:43","guid":{"rendered":"https:\/\/webs.uab.cat\/workshopmrama\/eppendorf\/"},"modified":"2025-01-29T14:55:00","modified_gmt":"2025-01-29T13:55:00","slug":"eppendorf","status":"publish","type":"page","link":"https:\/\/webs.uab.cat\/workshopmrama\/eppendorf\/","title":{"rendered":""},"content":{"rendered":"\n<p><a href=\"http:\/\/www.eppendorf.es\" target=\"_blank\" rel=\"noopener\"><strong>Eppendorf Ib\u00e9rica<\/strong><\/a><\/p>\n\n\n\n<ul class=\"wp-block-list\">\n<li><a href=\"https:\/\/webs.uab.cat\/workshopmrama\/wp-content\/uploads\/sites\/312\/2024\/10\/easy_automation_of_metagenomic_library_preparation_with_the_epmotion_5073m_ngs_solution.pdf\" data-type=\"attachment\" data-id=\"820\" target=\"_blank\" rel=\"noreferrer noopener\">Easy automation of metagenomic library preparation with the epMotion 5073m NGS solution (ejemplo de aplicaci\u00f3n)<\/a><\/li>\n\n\n\n<li><a href=\"https:\/\/webs.uab.cat\/workshopmrama\/wp-content\/uploads\/sites\/312\/2024\/11\/eppendorf.pdf\" target=\"_blank\" rel=\"noreferrer noopener\">De la muestra al resultado: innovaci\u00f3n y precisi\u00f3n en la automatizaci\u00f3n de microbiolog\u00eda r\u00e1pida (presentaci\u00f3n multimedia)<\/a><\/li>\n<\/ul>\n","protected":false},"excerpt":{"rendered":"<p>Eppendorf Ib\u00e9rica<\/p>\n","protected":false},"author":20,"featured_media":0,"parent":0,"menu_order":0,"comment_status":"closed","ping_status":"closed","template":"","meta":{"footnotes":""},"class_list":["post-372","page","type-page","status-publish","hentry"],"_links":{"self":[{"href":"https:\/\/webs.uab.cat\/workshopmrama\/wp-json\/wp\/v2\/pages\/372","targetHints":{"allow":["GET"]}}],"collection":[{"href":"https:\/\/webs.uab.cat\/workshopmrama\/wp-json\/wp\/v2\/pages"}],"about":[{"href":"https:\/\/webs.uab.cat\/workshopmrama\/wp-json\/wp\/v2\/types\/page"}],"author":[{"embeddable":true,"href":"https:\/\/webs.uab.cat\/workshopmrama\/wp-json\/wp\/v2\/users\/20"}],"replies":[{"embeddable":true,"href":"https:\/\/webs.uab.cat\/workshopmrama\/wp-json\/wp\/v2\/comments?post=372"}],"version-history":[{"count":6,"href":"https:\/\/webs.uab.cat\/workshopmrama\/wp-json\/wp\/v2\/pages\/372\/revisions"}],"predecessor-version":[{"id":6548,"href":"https:\/\/webs.uab.cat\/workshopmrama\/wp-json\/wp\/v2\/pages\/372\/revisions\/6548"}],"wp:attachment":[{"href":"https:\/\/webs.uab.cat\/workshopmrama\/wp-json\/wp\/v2\/media?parent=372"}],"curies":[{"name":"wp","href":"https:\/\/api.w.org\/{rel}","templated":true}]}}