{"id":389,"date":"2011-06-10T10:01:21","date_gmt":"2011-06-10T08:01:21","guid":{"rendered":"https:\/\/webs.uab.cat\/workshopmrama\/merck\/"},"modified":"2025-06-20T10:26:09","modified_gmt":"2025-06-20T08:26:09","slug":"merck","status":"publish","type":"page","link":"https:\/\/webs.uab.cat\/workshopmrama\/merck\/","title":{"rendered":""},"content":{"rendered":"<p><a href=\"https:\/\/www.sigmaaldrich.com\/ES\/es\/applications\/microbiological-testing\" target=\"_blank\" rel=\"noopener\"><strong>Merck Life Science<\/strong><\/a><\/p>\n<ul>\n<li><a href=\"https:\/\/webs.uab.cat\/workshopmrama\/wp-content\/uploads\/sites\/312\/2011\/06\/Microbiology_special_catalog.pdf\" target=\"_blank\" rel=\"noopener\">Cat\u00e1logo Sigma-Aldrich <em>Microbiolog\u00eda<\/em><\/a><\/li>\n<li><a href=\"https:\/\/webs.uab.cat\/workshopmrama\/wp-content\/uploads\/sites\/312\/2011\/06\/Pathogen_testing.pdf\" target=\"_blank\" rel=\"noopener\">An\u00e1lisis de pat\u00f3genos<\/a><\/li>\n<li><a href=\"https:\/\/webs.uab.cat\/workshopmrama\/wp-content\/uploads\/sites\/312\/2024\/06\/certified_reference_microorganisms.pdf\" target=\"_blank\" rel=\"noopener\">Microorganismos de referencia certificados: <em>Vitroids<\/em> y <em>discos Lenticule<\/em><\/a><\/li>\n<li><a href=\"https:\/\/www.sigmaaldrich.com\/CH\/de\/products\/industrial-microbiology\/microbial-culture-media\" target=\"_blank\" rel=\"noopener\">Medios de cultivo deshidratados<\/a><\/li>\n<li><a href=\"https:\/\/webs.uab.cat\/workshopmrama\/wp-content\/uploads\/sites\/312\/2023\/06\/nutriselect_granucult.pdf\" target=\"_blank\" rel=\"noopener\"><em>NutriSelect <\/em>y<em>\u00a0GranuCult<\/em><\/a><\/li>\n<li><a href=\"https:\/\/webs.uab.cat\/workshopmrama\/wp-content\/uploads\/sites\/312\/2024\/06\/buffered_peptone_water.pdf\" target=\"_blank\" rel=\"noopener\">Agua de peptona tamponada<\/a><\/li>\n<li><a href=\"https:\/\/webs.uab.cat\/workshopmrama\/wp-content\/uploads\/sites\/312\/2024\/06\/readystream.pdf\" target=\"_blank\" rel=\"noopener\"><em>ReadyStream<\/em><\/a><\/li>\n<li><a href=\"https:\/\/www.sigmaaldrich.com\/CH\/de\/technical-documents\/technical-article\/clinical-testing-and-diagnostics-manufacturing\/bacteriology\/overview-chromogenic-media\" target=\"_blank\" rel=\"noopener\">Medios de cultivo cromog\u00e9nicos<\/a><\/li>\n<li><a href=\"https:\/\/webs.uab.cat\/workshopmrama\/wp-content\/uploads\/sites\/312\/2011\/06\/CP_ChromoSelect_agar.pdf\" target=\"_blank\" rel=\"noopener\"><em>Agar <\/em>ChromoSelect <em>CP<\/em><\/a><\/li>\n<li><a href=\"https:\/\/webs.uab.cat\/workshopmrama\/wp-content\/uploads\/sites\/312\/2011\/06\/cp_chromoselect_agar_poster.pdf\" target=\"_blank\" rel=\"noopener\"><em>Agar <\/em>ChromoSelect <em>CP<\/em>\u00a0(p\u00f3ster)<\/a><\/li>\n<li><a href=\"https:\/\/webs.uab.cat\/workshopmrama\/wp-content\/uploads\/sites\/312\/2024\/06\/en_iso_15213_clostridium.pdf\" target=\"_blank\" rel=\"noopener\">Norma EN ISO 15213 para enumerar y detectar <em>Clostridium<\/em> spp.<\/a><\/li>\n<li><a href=\"https:\/\/webs.uab.cat\/workshopmrama\/wp-content\/uploads\/sites\/312\/2025\/06\/culture_media_compliant.pdf\" target=\"_blank\" rel=\"noopener\">Cumplimiento de los medios de cultivo a est\u00e1ndares normativos internacionales<\/a><\/li>\n<li><a href=\"https:\/\/www.sigmaaldrich.com\/CH\/de\/technical-documents\/protocol\/microbiological-testing\/microbial-culture-media-preparation\/mc-media-pad-product-comparison\" target=\"_blank\" rel=\"noopener\"><em>MC-Media Pad<\/em><\/a><\/li>\n<li><em><a href=\"https:\/\/webs.uab.cat\/workshopmrama\/wp-content\/uploads\/sites\/312\/2023\/06\/id_membranes.pdf\" target=\"_blank\" rel=\"noopener\">Membranas ID<\/a><\/em><\/li>\n<li><a href=\"https:\/\/www.sigmaaldrich.com\/CH\/de\/technical-documents\/technical-article\/microbiological-testing\/bioburden-testing\/ez-fluo-rapid-microbial-detection-system\" target=\"_blank\" rel=\"noopener\"><em>EZ-Fluo<\/em><\/a><\/li>\n<li><a href=\"https:\/\/www.sigmaaldrich.com\/CH\/de\/technical-documents\/technical-article\/microbiological-testing\/bioburden-testing\/milliflex-quantum-rapid-detection\" target=\"_blank\" rel=\"noopener\"><em>Milliflex Quantum<\/em><\/a><\/li>\n<li><em><a href=\"https:\/\/webs.uab.cat\/workshopmrama\/wp-content\/uploads\/sites\/312\/2011\/06\/simplate.pdf\" target=\"_blank\" rel=\"noopener\">SimPlate<\/a><\/em><\/li>\n<li><a href=\"https:\/\/webs.uab.cat\/workshopmrama\/wp-content\/uploads\/sites\/312\/2011\/06\/disks_strips.pdf\" target=\"_blank\" rel=\"noopener\">Discos y tiras<\/a><\/li>\n<li><a href=\"https:\/\/webs.uab.cat\/workshopmrama\/wp-content\/uploads\/sites\/312\/2011\/06\/mvp_icon.pdf\" target=\"_blank\" rel=\"noopener\"><em>MVP ICON<\/em><\/a><\/li>\n<li><a href=\"https:\/\/webs.uab.cat\/workshopmrama\/wp-content\/uploads\/sites\/312\/2017\/01\/FLASH.pdf\" target=\"_blank\" rel=\"noreferrer noopener\" data-type=\"attachment\" data-id=\"505\"><em>FLASH<\/em><\/a><\/li>\n<li><a href=\"https:\/\/webs.uab.cat\/workshopmrama\/wp-content\/uploads\/sites\/312\/2017\/01\/TRANSIA_PLATE_pathogenic_bacteria.pdf\" target=\"_blank\" rel=\"noreferrer noopener\" data-type=\"attachment\" data-id=\"303\"><em>Transia Plate<\/em><\/a><\/li>\n<li><a href=\"https:\/\/webs.uab.cat\/workshopmrama\/wp-content\/uploads\/sites\/312\/2017\/01\/1_2_Test.pdf\" target=\"_blank\" rel=\"noreferrer noopener\" data-type=\"attachment\" data-id=\"299\"><em>1-2 Test\u00a0<\/em>para\u00a0<em>Salmonella<\/em><\/a><\/li>\n<li><a href=\"https:\/\/webs.uab.cat\/workshopmrama\/wp-content\/uploads\/sites\/312\/2017\/01\/VIP_Gold.pdf\" target=\"_blank\" rel=\"noreferrer noopener\" data-type=\"attachment\" data-id=\"297\"><em>VIP Gold<\/em><\/a><\/li>\n<li><a href=\"https:\/\/www.sigmaaldrich.com\/CH\/de\/technical-documents\/technical-article\/microbiological-testing\/pathogen-and-spoilage-testing\/hybriscan-rapid-test\" target=\"_blank\" rel=\"noopener\"><em>HybriScan<\/em><\/a><\/li>\n<li><a href=\"https:\/\/webs.uab.cat\/workshopmrama\/wp-content\/uploads\/sites\/312\/2011\/06\/hybriscan_posters.pdf\" target=\"_blank\" rel=\"noopener\"><em>HybriScan<\/em>\u00a0(p\u00f3steres)<\/a><\/li>\n<li><a href=\"https:\/\/www.sigmaaldrich.com\/deepweb\/assets\/sigmaaldrich\/marketing\/global\/videos\/technical-documents\/articles\/microbiological-testing\/hybriscan-system-technology-ms\/hybriscan-system-technology-ms.mp4\" target=\"_blank\" rel=\"noopener\"><em>HybriScan<\/em>\u00a0(v\u00eddeo)<\/a><\/li>\n<li><a href=\"https:\/\/webs.uab.cat\/workshopmrama\/wp-content\/uploads\/sites\/312\/2023\/06\/safe_beverages.pdf\" target=\"_blank\" rel=\"noopener\">Bebidas seguras<\/a><\/li>\n<li><em><a href=\"https:\/\/www.sigmaaldrich.com\/CH\/de\/technical-documents\/technical-article\/microbiological-testing\/pathogen-and-spoilage-testing\/assurance-gds-genetic-detection\" target=\"_blank\" rel=\"noopener\">Assurance\u00a0GDS<\/a><\/em><\/li>\n<li><a href=\"https:\/\/webs.uab.cat\/workshopmrama\/wp-content\/uploads\/sites\/312\/2018\/10\/merck.pdf\" target=\"_blank\" rel=\"noopener\">Detecci\u00f3n de pat\u00f3genos mediante PCR con preparaci\u00f3n automatizada de la muestra por separaci\u00f3n inmunomagn\u00e9tica (IMS) (presentaci\u00f3n multimedia)<\/a>\u200b<\/li>\n<li><a href=\"https:\/\/webs.uab.cat\/workshopmrama\/microbiology-focus\/\" target=\"_blank\" rel=\"noopener\"><em>Microbiology Focus<\/em> Newsletter (2009-2017)<\/a><\/li>\n<\/ul>\n","protected":false},"excerpt":{"rendered":"<p>Merck Life Science Cat\u00e1logo Sigma-Aldrich Microbiolog\u00eda An\u00e1lisis de pat\u00f3genos Microorganismos de referencia certificados: Vitroids y discos Lenticule Medios de cultivo deshidratados NutriSelect y\u00a0GranuCult Agua de peptona tamponada ReadyStream Medios de cultivo cromog\u00e9nicos Agar ChromoSelect CP Agar ChromoSelect CP\u00a0(p\u00f3ster) Norma EN ISO 15213 para enumerar y detectar Clostridium spp. Cumplimiento de los medios de cultivo a [&hellip;]<\/p>\n","protected":false},"author":20,"featured_media":0,"parent":0,"menu_order":0,"comment_status":"closed","ping_status":"closed","template":"","meta":{"footnotes":""},"class_list":["post-389","page","type-page","status-publish","hentry"],"_links":{"self":[{"href":"https:\/\/webs.uab.cat\/workshopmrama\/wp-json\/wp\/v2\/pages\/389","targetHints":{"allow":["GET"]}}],"collection":[{"href":"https:\/\/webs.uab.cat\/workshopmrama\/wp-json\/wp\/v2\/pages"}],"about":[{"href":"https:\/\/webs.uab.cat\/workshopmrama\/wp-json\/wp\/v2\/types\/page"}],"author":[{"embeddable":true,"href":"https:\/\/webs.uab.cat\/workshopmrama\/wp-json\/wp\/v2\/users\/20"}],"replies":[{"embeddable":true,"href":"https:\/\/webs.uab.cat\/workshopmrama\/wp-json\/wp\/v2\/comments?post=389"}],"version-history":[{"count":19,"href":"https:\/\/webs.uab.cat\/workshopmrama\/wp-json\/wp\/v2\/pages\/389\/revisions"}],"predecessor-version":[{"id":6861,"href":"https:\/\/webs.uab.cat\/workshopmrama\/wp-json\/wp\/v2\/pages\/389\/revisions\/6861"}],"wp:attachment":[{"href":"https:\/\/webs.uab.cat\/workshopmrama\/wp-json\/wp\/v2\/media?parent=389"}],"curies":[{"name":"wp","href":"https:\/\/api.w.org\/{rel}","templated":true}]}}