{"id":399,"date":"2011-06-10T11:03:02","date_gmt":"2011-06-10T09:03:02","guid":{"rendered":"https:\/\/webs.uab.cat\/workshopmrama\/metrohm\/"},"modified":"2023-05-08T12:12:26","modified_gmt":"2023-05-08T10:12:26","slug":"metrohm","status":"publish","type":"page","link":"https:\/\/webs.uab.cat\/workshopmrama\/metrohm\/","title":{"rendered":""},"content":{"rendered":"\n<p><a href=\"https:\/\/www.metrohm.com\/es-es\" target=\"_blank\" rel=\"noopener\"><strong>Metrohm Hispania<\/strong><\/a><\/p>\n\n\n\n<ul class=\"wp-block-list\"><li><a href=\"https:\/\/webs.uab.cat\/workshopmrama\/wp-content\/uploads\/sites\/312\/2017\/01\/BacTrac.pdf\" data-type=\"attachment\" data-id=\"402\" target=\"_blank\" rel=\"noreferrer noopener\"><em>BacTrac<\/em><\/a><\/li><li><a href=\"https:\/\/webs.uab.cat\/workshopmrama\/wp-content\/uploads\/sites\/312\/2017\/01\/BacTrac_4300_micro_Trac_4200.pdf\" data-type=\"attachment\" data-id=\"400\" target=\"_blank\" rel=\"noreferrer noopener\"><em>BacTrac 4300 <\/em>y <em>\u03bc-Trac 4200<\/em><\/a><\/li><li><a href=\"https:\/\/webs.uab.cat\/workshopmrama\/wp-content\/uploads\/sites\/312\/2017\/01\/RiboFlow.pdf\" data-type=\"attachment\" data-id=\"404\" target=\"_blank\" rel=\"noreferrer noopener\"><em>RiboFlow<\/em><\/a><\/li><li><a href=\"https:\/\/webs.uab.cat\/workshopmrama\/wp-content\/uploads\/sites\/312\/2019\/09\/medida_de_la_impedancia_en_un_cultivo._una_herramienta_precisa_y_potente_como_tecnica_en_microbiologia_rapida.pdf\" data-type=\"attachment\" data-id=\"406\" target=\"_blank\" rel=\"noreferrer noopener\">Medida de la impedancia en un cultivo: una herramienta precisa y potente como t\u00e9cnica en microbiolog\u00eda r\u00e1pida (art\u00edculo)<\/a><\/li><li><a href=\"https:\/\/webs.uab.cat\/workshopmrama\/wp-content\/uploads\/sites\/312\/2017\/01\/Gomensoro.pdf\" data-type=\"attachment\" data-id=\"237\" target=\"_blank\" rel=\"noreferrer noopener\">Microbiolog\u00eda r\u00e1pida en tiempo real: sistema BacTrac (presentaci\u00f3n multimedia)<\/a><\/li><\/ul>\n","protected":false},"excerpt":{"rendered":"<p>Metrohm Hispania BacTrac BacTrac 4300 y \u03bc-Trac 4200 RiboFlow Medida de la impedancia en un cultivo: una herramienta precisa y potente como t\u00e9cnica en microbiolog\u00eda r\u00e1pida (art\u00edculo) Microbiolog\u00eda r\u00e1pida en tiempo real: sistema BacTrac (presentaci\u00f3n multimedia)<\/p>\n","protected":false},"author":20,"featured_media":0,"parent":0,"menu_order":0,"comment_status":"closed","ping_status":"closed","template":"","meta":{"footnotes":""},"class_list":["post-399","page","type-page","status-publish","hentry"],"_links":{"self":[{"href":"https:\/\/webs.uab.cat\/workshopmrama\/wp-json\/wp\/v2\/pages\/399","targetHints":{"allow":["GET"]}}],"collection":[{"href":"https:\/\/webs.uab.cat\/workshopmrama\/wp-json\/wp\/v2\/pages"}],"about":[{"href":"https:\/\/webs.uab.cat\/workshopmrama\/wp-json\/wp\/v2\/types\/page"}],"author":[{"embeddable":true,"href":"https:\/\/webs.uab.cat\/workshopmrama\/wp-json\/wp\/v2\/users\/20"}],"replies":[{"embeddable":true,"href":"https:\/\/webs.uab.cat\/workshopmrama\/wp-json\/wp\/v2\/comments?post=399"}],"version-history":[{"count":3,"href":"https:\/\/webs.uab.cat\/workshopmrama\/wp-json\/wp\/v2\/pages\/399\/revisions"}],"predecessor-version":[{"id":3513,"href":"https:\/\/webs.uab.cat\/workshopmrama\/wp-json\/wp\/v2\/pages\/399\/revisions\/3513"}],"wp:attachment":[{"href":"https:\/\/webs.uab.cat\/workshopmrama\/wp-json\/wp\/v2\/media?parent=399"}],"curies":[{"name":"wp","href":"https:\/\/api.w.org\/{rel}","templated":true}]}}