{"id":437,"date":"2011-06-10T11:05:44","date_gmt":"2011-06-10T09:05:44","guid":{"rendered":"https:\/\/webs.uab.cat\/workshopmrama\/iul\/"},"modified":"2024-08-13T15:56:08","modified_gmt":"2024-08-13T13:56:08","slug":"iul","status":"publish","type":"page","link":"https:\/\/webs.uab.cat\/workshopmrama\/iul\/","title":{"rendered":""},"content":{"rendered":"\n<p><a href=\"https:\/\/iul-instruments.com\" target=\"_blank\" rel=\"noopener\"><strong>IUL<\/strong><\/a><\/p>\n\n\n\n<ul class=\"wp-block-list\">\n<li><em><a rel=\"noopener\" href=\"https:\/\/iul-instruments.com\/product\/spin-air-air-sampler\" target=\"_blank\">Spin Air<\/a><\/em><\/li>\n\n\n\n<li><a rel=\"noopener\" href=\"https:\/\/iul-instruments.com\/product\/smart-dilutor-w-gravimetric-diluter\" target=\"_blank\"><em>Smart Dilutor W<\/em><\/a><\/li>\n\n\n\n<li><a rel=\"noopener\" href=\"https:\/\/iul-instruments.com\/product\/masticator-homogenizator\" target=\"_blank\"><em>Masticator<\/em><\/a><\/li>\n\n\n\n<li><a rel=\"noopener\" href=\"https:\/\/iul-instruments.com\/product\/eddy-jet-2-spiral-plater\" target=\"_blank\"><em>Eddy Jet 2W<\/em><\/a><\/li>\n\n\n\n<li><em><a href=\"https:\/\/iul-instruments.com\/product\/sphereflash-automatic-colony-counter\" target=\"_blank\" rel=\"noopener\">SphereFlash<\/a><\/em><\/li>\n\n\n\n<li><em><a href=\"https:\/\/aicolonycounting.com\" target=\"_blank\" rel=\"noreferrer noopener\">SphereFlash AI<\/a><\/em><\/li>\n\n\n\n<li><a rel=\"noopener\" href=\"https:\/\/iul-instruments.com\/product\/dot-colony-counter\" target=\"_blank\"><em>DOT<\/em><\/a><\/li>\n\n\n\n<li><a rel=\"noopener\" href=\"https:\/\/iul-instruments.com\/product\/haloes-caliper-zone-reader\" target=\"_blank\"><em>Haloes Caliper<\/em><\/a><\/li>\n\n\n\n<li><a rel=\"noopener\" href=\"https:\/\/iul-instruments.com\/product\/polystainer-slide-stainer\" target=\"_blank\"><em>PolyStainer<\/em><\/a><\/li>\n\n\n\n<li><a rel=\"noopener\" href=\"https:\/\/iul-instruments.com\/mediul\" target=\"_blank\"><em>iPeak<\/em><\/a><\/li>\n\n\n\n<li><a href=\"https:\/\/webs.uab.cat\/workshopmrama\/wp-content\/uploads\/sites\/312\/2019\/11\/iul.pdf\" data-type=\"attachment\" data-id=\"131\" target=\"_blank\" rel=\"noreferrer noopener\">\u00bfC\u00f3mo automatizar los procesos en microbiolog\u00eda industrial? Muestreadores de aire, diluidores, homogeneizadores, sembrador en espiral, contador autom\u00e1tico de colonias y lectores de tests por flujo lateral (presentaci\u00f3n multimedia)<\/a><\/li>\n<\/ul>\n","protected":false},"excerpt":{"rendered":"<p>IUL<\/p>\n","protected":false},"author":20,"featured_media":0,"parent":0,"menu_order":0,"comment_status":"closed","ping_status":"closed","template":"","meta":{"footnotes":""},"class_list":["post-437","page","type-page","status-publish","hentry"],"_links":{"self":[{"href":"https:\/\/webs.uab.cat\/workshopmrama\/wp-json\/wp\/v2\/pages\/437","targetHints":{"allow":["GET"]}}],"collection":[{"href":"https:\/\/webs.uab.cat\/workshopmrama\/wp-json\/wp\/v2\/pages"}],"about":[{"href":"https:\/\/webs.uab.cat\/workshopmrama\/wp-json\/wp\/v2\/types\/page"}],"author":[{"embeddable":true,"href":"https:\/\/webs.uab.cat\/workshopmrama\/wp-json\/wp\/v2\/users\/20"}],"replies":[{"embeddable":true,"href":"https:\/\/webs.uab.cat\/workshopmrama\/wp-json\/wp\/v2\/comments?post=437"}],"version-history":[{"count":4,"href":"https:\/\/webs.uab.cat\/workshopmrama\/wp-json\/wp\/v2\/pages\/437\/revisions"}],"predecessor-version":[{"id":5646,"href":"https:\/\/webs.uab.cat\/workshopmrama\/wp-json\/wp\/v2\/pages\/437\/revisions\/5646"}],"wp:attachment":[{"href":"https:\/\/webs.uab.cat\/workshopmrama\/wp-json\/wp\/v2\/media?parent=437"}],"curies":[{"name":"wp","href":"https:\/\/api.w.org\/{rel}","templated":true}]}}