{"id":454,"date":"2011-06-10T11:06:19","date_gmt":"2011-06-10T09:06:19","guid":{"rendered":"https:\/\/webs.uab.cat\/workshopmrama\/werfen\/"},"modified":"2023-08-13T09:06:36","modified_gmt":"2023-08-13T07:06:36","slug":"werfen","status":"publish","type":"page","link":"https:\/\/webs.uab.cat\/workshopmrama\/werfen\/","title":{"rendered":""},"content":{"rendered":"<p><strong><a href=\"https:\/\/www.werfen.com\/es\/es\/biologia-molecular\" target=\"_blank\" rel=\"noopener\">Werfen<\/a><\/strong><\/p>\n<ul>\n<li><a href=\"https:\/\/webs.uab.cat\/workshopmrama\/wp-content\/uploads\/sites\/312\/2011\/06\/Food_safety_testing_solutions.pdf\" target=\"_blank\" rel=\"noopener\">Soluciones para evaluar la seguridad alimentaria<\/a><\/li>\n<li><a href=\"https:\/\/webs.uab.cat\/workshopmrama\/wp-content\/uploads\/sites\/312\/2011\/06\/Food_pathogen_screening_mericon.pdf\" target=\"_blank\" rel=\"noopener\">Detecci\u00f3n de pat\u00f3genos alimentarios<\/a><\/li>\n<li><em><a href=\"https:\/\/webs.uab.cat\/workshopmrama\/wp-content\/uploads\/sites\/312\/2011\/06\/aerocollect.pdf\" target=\"_blank\" rel=\"noopener\">AeroCollect<\/a><\/em><\/li>\n<li><a href=\"https:\/\/webs.uab.cat\/workshopmrama\/wp-content\/uploads\/sites\/312\/2011\/06\/Critical_factors_successful_real_time_PCR.pdf\" target=\"_blank\" rel=\"noopener\">Factores cr\u00edticos para una PCR en tiempo real exitosa<\/a><\/li>\n<li><a href=\"https:\/\/webs.uab.cat\/workshopmrama\/wp-content\/uploads\/sites\/312\/2011\/06\/Viability_PCR.pdf\" target=\"_blank\" rel=\"noopener\"><em>Viability PCR<\/em><\/a><\/li>\n<li><a href=\"https:\/\/webs.uab.cat\/workshopmrama\/wp-content\/uploads\/sites\/312\/2011\/06\/Microbial_DNA_qPCR.pdf\" target=\"_blank\" rel=\"noopener\"><em>Microbial DNA qPCR<\/em><\/a><\/li>\n<li><a href=\"https:\/\/webs.uab.cat\/workshopmrama\/wp-content\/uploads\/sites\/312\/2011\/06\/nanoplate_based_digital_pcr_system.pdf\" target=\"_blank\" rel=\"noopener\">PCR digital basada en nanoplacas: <em>QIAcuity<\/em><\/a><\/li>\n<li><a href=\"https:\/\/webs.uab.cat\/workshopmrama\/wp-content\/uploads\/sites\/312\/2023\/05\/salmonella_velox_check__trace.pdf\" target=\"_blank\" rel=\"noopener\"><em>Salmonella Velox<\/em> y <em>Check &amp; Trace Salmonella 2.0<\/em><\/a><\/li>\n<li><a href=\"https:\/\/webs.uab.cat\/workshopmrama\/wp-content\/uploads\/sites\/312\/2011\/06\/High_throughput_detection_of_Shiga_toxin_producing_E.coli_using_multiplex_PCR_and_the_QIAxcel_system.pdf\" target=\"_blank\" rel=\"noopener\">High-throughput detection of Shiga toxin-producing <em>Escherichia coli<\/em> using multiplex PCR and the QIAxcel system (art\u00edculo)<\/a><\/li>\n<li><a href=\"https:\/\/webs.uab.cat\/workshopmrama\/wp-content\/uploads\/sites\/312\/2018\/11\/werfen_qiagen.pdf\" target=\"_blank\" rel=\"noopener\">Soluci\u00f3n global para el an\u00e1lisis de seguridad alimentaria mediante t\u00e9cnicas moleculares\u200b (presentaci\u00f3n multimedia)<\/a><\/li>\n<li><a href=\"https:\/\/webs.uab.cat\/workshopmrama\/wp-content\/uploads\/sites\/312\/2022\/02\/werfen.pdf\" target=\"_blank\" rel=\"noopener\">M\u00e9todo r\u00e1pido y automatizado de purificaci\u00f3n de \u00e1cidos nucleicos para su detecci\u00f3n posterior: m\u00e1s rapidez, flexibilidad y sensibilidad\u200b (presentaci\u00f3n multimedia)<\/a><\/li>\n<li><a href=\"https:\/\/webs.uab.cat\/workshopmrama\/wp-content\/uploads\/sites\/312\/2011\/06\/werfen_2.pdf\" target=\"_blank\" rel=\"noopener\">QIAcuity: la PCR digital por excelencia (presentaci\u00f3n multimedia)<\/a><\/li>\n<\/ul>\n","protected":false},"excerpt":{"rendered":"<p>Werfen Soluciones para evaluar la seguridad alimentaria Detecci\u00f3n de pat\u00f3genos alimentarios AeroCollect Factores cr\u00edticos para una PCR en tiempo real exitosa Viability PCR Microbial DNA qPCR PCR digital basada en nanoplacas: QIAcuity Salmonella Velox y Check &amp; Trace Salmonella 2.0 High-throughput detection of Shiga toxin-producing Escherichia coli using multiplex PCR and the QIAxcel system (art\u00edculo) [&hellip;]<\/p>\n","protected":false},"author":20,"featured_media":0,"parent":0,"menu_order":0,"comment_status":"closed","ping_status":"closed","template":"","meta":{"footnotes":""},"class_list":["post-454","page","type-page","status-publish","hentry"],"_links":{"self":[{"href":"https:\/\/webs.uab.cat\/workshopmrama\/wp-json\/wp\/v2\/pages\/454","targetHints":{"allow":["GET"]}}],"collection":[{"href":"https:\/\/webs.uab.cat\/workshopmrama\/wp-json\/wp\/v2\/pages"}],"about":[{"href":"https:\/\/webs.uab.cat\/workshopmrama\/wp-json\/wp\/v2\/types\/page"}],"author":[{"embeddable":true,"href":"https:\/\/webs.uab.cat\/workshopmrama\/wp-json\/wp\/v2\/users\/20"}],"replies":[{"embeddable":true,"href":"https:\/\/webs.uab.cat\/workshopmrama\/wp-json\/wp\/v2\/comments?post=454"}],"version-history":[{"count":8,"href":"https:\/\/webs.uab.cat\/workshopmrama\/wp-json\/wp\/v2\/pages\/454\/revisions"}],"predecessor-version":[{"id":4217,"href":"https:\/\/webs.uab.cat\/workshopmrama\/wp-json\/wp\/v2\/pages\/454\/revisions\/4217"}],"wp:attachment":[{"href":"https:\/\/webs.uab.cat\/workshopmrama\/wp-json\/wp\/v2\/media?parent=454"}],"curies":[{"name":"wp","href":"https:\/\/api.w.org\/{rel}","templated":true}]}}