{"id":519,"date":"2011-06-10T11:12:18","date_gmt":"2011-06-10T09:12:18","guid":{"rendered":"https:\/\/webs.uab.cat\/workshopmrama\/thermo-fisher-diagnostics\/"},"modified":"2024-10-07T15:01:17","modified_gmt":"2024-10-07T13:01:17","slug":"thermo-fisher-diagnostics","status":"publish","type":"page","link":"https:\/\/webs.uab.cat\/workshopmrama\/thermo-fisher-diagnostics\/","title":{"rendered":""},"content":{"rendered":"\n<p><a href=\"https:\/\/www.thermofisher.com\/es\/es\/home\/industrial\/microbiology.html\" target=\"_blank\" rel=\"noopener\"><strong>Thermo Fisher Scientific<\/strong><\/a><\/p>\n\n\n\n<ul class=\"wp-block-list\">\n<li><a href=\"https:\/\/webs.uab.cat\/workshopmrama\/wp-content\/uploads\/sites\/312\/2017\/01\/Soluciones_innovadoras_optimizadas_seguridad_alimentaria_medio_ambiente.pdf\" data-type=\"attachment\" data-id=\"534\" target=\"_blank\" rel=\"noreferrer noopener\">Soluciones innovadoras y optimizadas en seguridad alimentaria y medio ambiente<\/a><\/li>\n\n\n\n<li><a href=\"https:\/\/webs.uab.cat\/workshopmrama\/wp-content\/uploads\/sites\/312\/2017\/01\/Quality_control_microorganisms.pdf\" data-type=\"attachment\" data-id=\"524\" target=\"_blank\" rel=\"noreferrer noopener\">Microorganismos para control de calidad: <em>Culti-Loops<\/em> y otros<\/a><\/li>\n\n\n\n<li><a href=\"https:\/\/webs.uab.cat\/workshopmrama\/wp-content\/uploads\/sites\/312\/2019\/08\/brilliance_campycount_agar.pdf\" data-type=\"attachment\" data-id=\"548\" target=\"_blank\" rel=\"noreferrer noopener\"><em>Agar<\/em> Brilliance <em>CampyCount<\/em><\/a><\/li>\n\n\n\n<li><a href=\"https:\/\/webs.uab.cat\/workshopmrama\/wp-content\/uploads\/sites\/312\/2017\/01\/Agar_Brilliance_E.coli_coliform.pdf\" data-type=\"attachment\" data-id=\"876\" target=\"_blank\" rel=\"noreferrer noopener\"><em>Agar<\/em> Brilliance <em>E. coli\/coliform<\/em><\/a><\/li>\n\n\n\n<li><a href=\"https:\/\/webs.uab.cat\/workshopmrama\/wp-content\/uploads\/sites\/312\/2017\/01\/Brilliance_E.coli_coliform_agar_poster.pdf\" data-type=\"attachment\" data-id=\"880\" target=\"_blank\" rel=\"noreferrer noopener\"><em>Agar<\/em> Brilliance <em>E. coli\/coliform<\/em> (p\u00f3ster)<\/a><\/li>\n\n\n\n<li><a href=\"https:\/\/webs.uab.cat\/workshopmrama\/wp-content\/uploads\/sites\/312\/2017\/01\/Agar_Brilliance_coliformes_ISO.pdf\" data-type=\"attachment\" data-id=\"542\" target=\"_blank\" rel=\"noreferrer noopener\"><em>Agar<\/em> Brilliance <em>para coliformes<\/em> (ISO 9308-1:2014)<\/a><\/li>\n\n\n\n<li><a href=\"https:\/\/webs.uab.cat\/workshopmrama\/wp-content\/uploads\/sites\/312\/2023\/09\/salmonella_precis.pdf\" data-type=\"attachment\" data-id=\"904\" target=\"_blank\" rel=\"noreferrer noopener\">M\u00e9todo <em>Salmonella Precis<\/em><\/a><\/li>\n\n\n\n<li><a href=\"https:\/\/webs.uab.cat\/workshopmrama\/wp-content\/uploads\/sites\/312\/2017\/01\/Salmonella_Precis_posteres.pdf\" data-type=\"attachment\" data-id=\"544\" target=\"_blank\" rel=\"noreferrer noopener\">M\u00e9todo <em>Salmonella Precis <\/em>(p\u00f3steres)<\/a><\/li>\n\n\n\n<li><a href=\"https:\/\/webs.uab.cat\/workshopmrama\/wp-content\/uploads\/sites\/312\/2023\/09\/listeria_precis.pdf\" data-type=\"attachment\" data-id=\"902\" target=\"_blank\" rel=\"noreferrer noopener\">M\u00e9todos <em>Listeria Precis<\/em><\/a><\/li>\n\n\n\n<li><em><a href=\"https:\/\/webs.uab.cat\/workshopmrama\/wp-content\/uploads\/sites\/312\/2017\/01\/OBIS.pdf\" data-type=\"attachment\" data-id=\"522\" target=\"_blank\" rel=\"noreferrer noopener\">O\u00b7B\u00b7I\u00b7S\u00b7<\/a><\/em><\/li>\n\n\n\n<li><a href=\"https:\/\/webs.uab.cat\/workshopmrama\/wp-content\/uploads\/sites\/312\/2017\/01\/Pruebas_aglutinacion_latex.pdf\" data-type=\"attachment\" data-id=\"540\" target=\"_blank\" rel=\"noreferrer noopener\">Pruebas de aglutinaci\u00f3n del l\u00e1tex<\/a><\/li>\n\n\n\n<li><a href=\"https:\/\/webs.uab.cat\/workshopmrama\/wp-content\/uploads\/sites\/312\/2017\/01\/DrySpot_Legionella_species_latex_test_posteres.pdf\" data-type=\"attachment\" data-id=\"538\" target=\"_blank\" rel=\"noreferrer noopener\"><em>DrySpot Legionella species latex test<\/em> (p\u00f3steres)<\/a><\/li>\n\n\n\n<li><a rel=\"noreferrer noopener\" href=\"https:\/\/webs.uab.cat\/workshopmrama\/wp-content\/uploads\/sites\/312\/2017\/01\/Dynabeads.pdf\" data-type=\"attachment\" data-id=\"882\" target=\"_blank\"><em>Dynabeads<\/em><\/a><\/li>\n\n\n\n<li><a href=\"https:\/\/webs.uab.cat\/workshopmrama\/wp-content\/uploads\/sites\/312\/2017\/01\/Kits_alergenos_alimentarios.pdf\" data-type=\"attachment\" data-id=\"520\" target=\"_blank\" rel=\"noreferrer noopener\"><em>Kits<\/em> para al\u00e9rgenos alimentarios<\/a><\/li>\n\n\n\n<li><a href=\"https:\/\/webs.uab.cat\/workshopmrama\/wp-content\/uploads\/sites\/312\/2019\/10\/suretect.pdf\" data-type=\"attachment\" data-id=\"908\" target=\"_blank\" rel=\"noreferrer noopener\"><em>SureTect<\/em><\/a><\/li>\n\n\n\n<li><a href=\"https:\/\/webs.uab.cat\/workshopmrama\/wp-content\/uploads\/sites\/312\/2019\/10\/suretect_posters.pdf\" data-type=\"attachment\" data-id=\"910\" target=\"_blank\" rel=\"noreferrer noopener\"><em>SureTect<\/em> (p\u00f3steres)<\/a><\/li>\n\n\n\n<li><a href=\"https:\/\/webs.uab.cat\/workshopmrama\/wp-content\/uploads\/sites\/312\/2017\/01\/PrepSEQ_rapid_spin_sample_preparation_kit.pdf\" data-type=\"attachment\" data-id=\"532\" target=\"_blank\" rel=\"noreferrer noopener\"><em>Kit PrepSEQ<\/em> de preparaci\u00f3n de muestra<\/a><\/li>\n\n\n\n<li><a href=\"https:\/\/webs.uab.cat\/workshopmrama\/wp-content\/uploads\/sites\/312\/2017\/01\/MicroSEQ_detection_kits.pdf\" data-type=\"attachment\" data-id=\"528\" target=\"_blank\" rel=\"noreferrer noopener\"><em>Kits MicroSEQ<\/em> de detecci\u00f3n<\/a><\/li>\n\n\n\n<li><a href=\"https:\/\/webs.uab.cat\/workshopmrama\/wp-content\/uploads\/sites\/312\/2019\/10\/taqman_environmental_master_mix_2.0.pdf\" data-type=\"attachment\" data-id=\"912\" target=\"_blank\" rel=\"noreferrer noopener\"><em>TaqMan Environmental Master Mix 2.0<\/em><\/a><\/li>\n\n\n\n<li><a href=\"https:\/\/webs.uab.cat\/workshopmrama\/wp-content\/uploads\/sites\/312\/2019\/10\/7500_fast_posters.pdf\" data-type=\"attachment\" data-id=\"914\" target=\"_blank\" rel=\"noreferrer noopener\"><em>7500 Fast<\/em> (p\u00f3steres)<\/a><\/li>\n\n\n\n<li><a href=\"https:\/\/webs.uab.cat\/workshopmrama\/wp-content\/uploads\/sites\/312\/2019\/10\/simpliamp_thermal_cycler.pdf\" data-type=\"attachment\" data-id=\"552\" target=\"_blank\" rel=\"noreferrer noopener\"><em>SimpliAmp Thermal Cycler<\/em><\/a><\/li>\n\n\n\n<li><a href=\"https:\/\/webs.uab.cat\/workshopmrama\/wp-content\/uploads\/sites\/312\/2019\/10\/quantstudio_5.pdf\" data-type=\"attachment\" data-id=\"554\" target=\"_blank\" rel=\"noreferrer noopener\"><em>QuantStudio 5<\/em><\/a><\/li>\n\n\n\n<li><a href=\"https:\/\/webs.uab.cat\/workshopmrama\/wp-content\/uploads\/sites\/312\/2019\/10\/quantstudio_5_poster.pdf\" data-type=\"attachment\" data-id=\"556\" target=\"_blank\" rel=\"noreferrer noopener\"><em>QuantStudio 5<\/em> (p\u00f3ster)<\/a><\/li>\n\n\n\n<li><a href=\"https:\/\/webs.uab.cat\/workshopmrama\/wp-content\/uploads\/sites\/312\/2017\/01\/La_biologia_molecular_aplicada_a_la_deteccion_de_patogenos_en_alimentos.pdf\" data-type=\"attachment\" data-id=\"526\" target=\"_blank\" rel=\"noreferrer noopener\">La biolog\u00eda molecular aplicada a la detecci\u00f3n de pat\u00f3genos en alimentos<\/a><\/li>\n\n\n\n<li><a href=\"https:\/\/webs.uab.cat\/workshopmrama\/wp-content\/uploads\/sites\/312\/2017\/01\/Bioinformatica_aplicada_al_disenyo_de_ensayos_basados_en_la_TaqMan.pdf\" data-type=\"attachment\" data-id=\"536\" target=\"_blank\" rel=\"noreferrer noopener\">Bioinform\u00e1tica aplicada al dise\u00f1o de ensayos basados en la tecnolog\u00eda TaqMan<\/a><\/li>\n\n\n\n<li><a href=\"https:\/\/webs.uab.cat\/workshopmrama\/wp-content\/uploads\/sites\/312\/2017\/01\/Rapid_characterization_of_Shiga_toxin_producing_E.coli_by_next_gen_sequencing_technology.pdf\" data-type=\"attachment\" data-id=\"892\" target=\"_blank\" rel=\"noreferrer noopener\">Rapid characterization of Shiga toxin-producing <em>Escherichia coli<\/em> by next gen sequencing technology (ejemplo de aplicaci\u00f3n)<\/a><\/li>\n\n\n\n<li><a href=\"https:\/\/webs.uab.cat\/workshopmrama\/wp-content\/uploads\/sites\/312\/2017\/01\/TaqMan_Roundup_Ready_soya_quantification_kit.pdf\" data-type=\"attachment\" data-id=\"896\" target=\"_blank\" rel=\"noreferrer noopener\"><em>Kit<\/em> TaqMan de cuantificaci\u00f3n de soja <em>Roundup Ready<\/em><\/a><\/li>\n\n\n\n<li><a href=\"https:\/\/webs.uab.cat\/workshopmrama\/wp-content\/uploads\/sites\/312\/2017\/01\/GMO_extraction_kit.pdf\" data-type=\"attachment\" data-id=\"898\" target=\"_blank\" rel=\"noreferrer noopener\"><em>Kit<\/em> de extracci\u00f3n de OMGs<\/a><\/li>\n\n\n\n<li><a rel=\"noopener\" href=\"http:\/\/jornades.uab.cat\/workshopmrama\/sites\/jornades.uab.cat.workshopmrama\/files\/TaqMan_GMO_maize_quantification_kit.pdf\" target=\"_blank\"><em>Kit<\/em> TaqMan d<\/a><a href=\"https:\/\/webs.uab.cat\/workshopmrama\/wp-content\/uploads\/sites\/312\/2017\/01\/TaqMan_GMO_maize_quantification_kit.pdf\" data-type=\"attachment\" data-id=\"900\" target=\"_blank\" rel=\"noreferrer noopener\">e<\/a><a rel=\"noopener\" href=\"http:\/\/jornades.uab.cat\/workshopmrama\/sites\/jornades.uab.cat.workshopmrama\/files\/TaqMan_GMO_maize_quantification_kit.pdf\" target=\"_blank\"> cuantificaci\u00f3n de ma\u00edz OMG<\/a><\/li>\n\n\n\n<li><a href=\"https:\/\/webs.uab.cat\/workshopmrama\/wp-content\/uploads\/sites\/312\/2019\/10\/detection_quantification_species_dna.pdf\" data-type=\"attachment\" data-id=\"558\" target=\"_blank\" rel=\"noreferrer noopener\">Detecci\u00f3n y cuantificaci\u00f3n de ADN en especies<\/a><\/li>\n\n\n\n<li><a href=\"https:\/\/webs.uab.cat\/workshopmrama\/wp-content\/uploads\/sites\/312\/2018\/09\/ngs.pdf\" data-type=\"attachment\" data-id=\"906\" target=\"_blank\" rel=\"noreferrer noopener\"><em>Next Generation Sequencing<\/em> (<em>NGS<\/em>)<\/a><\/li>\n\n\n\n<li><a href=\"https:\/\/webs.uab.cat\/workshopmrama\/wp-content\/uploads\/sites\/312\/2019\/10\/ngs_posters.pdf\" data-type=\"attachment\" data-id=\"550\" target=\"_blank\" rel=\"noreferrer noopener\"><em>Next Generation Sequencing<\/em> (<em>NGS<\/em>) (p\u00f3steres)<\/a><\/li>\n\n\n\n<li><a href=\"https:\/\/webs.uab.cat\/workshopmrama\/wp-content\/uploads\/sites\/312\/2018\/10\/proficiency_testing_and_other_tools_for_assuring_quality_standards.pdf\" data-type=\"attachment\" data-id=\"546\" target=\"_blank\" rel=\"noreferrer noopener\">Proficiency testing and other tools for assuring quality standards (art\u00edculo)<\/a><\/li>\n\n\n\n<li><a href=\"https:\/\/webs.uab.cat\/workshopmrama\/wp-content\/uploads\/sites\/312\/2017\/01\/Enhanced_automated_immunomagnetic_separation_for_E.coli-O157.pdf\" data-type=\"attachment\" data-id=\"884\" target=\"_blank\" rel=\"noreferrer noopener\">Enhanced automated immunomagnetic separation (eAIMS) for <em>Escherichia coli<\/em> O157 (art\u00edculo)<\/a><\/li>\n\n\n\n<li><a href=\"https:\/\/webs.uab.cat\/workshopmrama\/wp-content\/uploads\/sites\/312\/2020\/05\/thermo_fisher_diagnostics_2.pdf\" data-type=\"attachment\" data-id=\"1299\" target=\"_blank\" rel=\"noreferrer noopener\">Programa de ensayos interlaboratorios: el indicador clave de calidad (presentaci\u00f3n multimedia)<\/a><\/li>\n\n\n\n<li><a href=\"https:\/\/webs.uab.cat\/workshopmrama\/wp-content\/uploads\/sites\/312\/2020\/05\/thermo_fisher_diagnostics_3.pdf\" data-type=\"attachment\" data-id=\"1297\" target=\"_blank\" rel=\"noreferrer noopener\">La problem\u00e1tica creciente del fraude alimentario: <em>Next Generation Sequencing<\/em> para identificar especies (presentaci\u00f3n multimedia)<\/a><\/li>\n<\/ul>\n","protected":false},"excerpt":{"rendered":"<p>Thermo Fisher Scientific<\/p>\n","protected":false},"author":20,"featured_media":0,"parent":0,"menu_order":0,"comment_status":"closed","ping_status":"closed","template":"","meta":{"footnotes":""},"class_list":["post-519","page","type-page","status-publish","hentry"],"_links":{"self":[{"href":"https:\/\/webs.uab.cat\/workshopmrama\/wp-json\/wp\/v2\/pages\/519","targetHints":{"allow":["GET"]}}],"collection":[{"href":"https:\/\/webs.uab.cat\/workshopmrama\/wp-json\/wp\/v2\/pages"}],"about":[{"href":"https:\/\/webs.uab.cat\/workshopmrama\/wp-json\/wp\/v2\/types\/page"}],"author":[{"embeddable":true,"href":"https:\/\/webs.uab.cat\/workshopmrama\/wp-json\/wp\/v2\/users\/20"}],"replies":[{"embeddable":true,"href":"https:\/\/webs.uab.cat\/workshopmrama\/wp-json\/wp\/v2\/comments?post=519"}],"version-history":[{"count":6,"href":"https:\/\/webs.uab.cat\/workshopmrama\/wp-json\/wp\/v2\/pages\/519\/revisions"}],"predecessor-version":[{"id":5774,"href":"https:\/\/webs.uab.cat\/workshopmrama\/wp-json\/wp\/v2\/pages\/519\/revisions\/5774"}],"wp:attachment":[{"href":"https:\/\/webs.uab.cat\/workshopmrama\/wp-json\/wp\/v2\/media?parent=519"}],"curies":[{"name":"wp","href":"https:\/\/api.w.org\/{rel}","templated":true}]}}