{"id":561,"date":"2011-06-10T11:21:53","date_gmt":"2011-06-10T09:21:53","guid":{"rendered":"https:\/\/webs.uab.cat\/workshopmrama\/precio-pago\/"},"modified":"2026-01-27T11:06:20","modified_gmt":"2026-01-27T10:06:20","slug":"precio-pago","status":"publish","type":"page","link":"https:\/\/webs.uab.cat\/workshopmrama\/precio-pago\/","title":{"rendered":"Precio y pago"},"content":{"rendered":"<p><span style=\"color: #7030a0\"><strong>PRECIO<\/strong><\/span><\/p>\n<p><span style=\"color: #7030a0\"><strong>Sesiones pr\u00e1cticas<\/strong><\/span> (optativas)<span style=\"color: #7030a0\">:<\/span> 100 \u20ac en total (50 \u20ac para los estudiantes de la UAB).<\/p>\n<p><span style=\"color: #7030a0\"><strong>Resto del workshop<\/strong>:<\/span> 250 \u20ac (o 140 \u20ac\/1 d\u00eda), excepto:<\/p>\n<p>\u2022 Estudiantes de la UAB: 40 \u20ac.<\/p>\n<p>\u2022 Personal de la UAB: 125 \u20ac.<\/p>\n<p>\u2022 Estudiantes no UAB: 150 \u20ac (o 90 \u20ac\/1 d\u00eda).<\/p>\n<p><span style=\"color: #7030a0\"><strong>Libro <\/strong><\/span>(optativo)<span style=\"color: #7030a0\">:<\/span> 20\u00a0\u20ac.<\/p>\n<p><span style=\"color: #7030a0\"><strong>Descuentos<\/strong>:<\/span><\/p>\n<p>\u2022 15 % para suscriptores de la revista <em>eurocarne<\/em>, <em>T\u00e9cnicas de Laboratorio<\/em> o <em>Tecnifood<\/em>.<\/p>\n<p>\u2022 50 % para cuatro socios (con antig\u00fcedad superior a 3 a\u00f1os) de la <em>Associaci\u00f3 Catalana de Ci\u00e8ncies de l&#8217;Alimentaci\u00f3<\/em> (ACCA).<\/p>\n<p>\u2022 15 % para socios de la\u00a0<em>Associaci\u00f3 Catalana de Cient\u00edfics i Tecn\u00f2legs dels Aliments<\/em>.<\/p>\n<p>Los estudiantes deber\u00e1n presentar el documento acreditativo correspondiente<\/p>\n<p>Es posible gestionar la asistencia a trav\u00e9s de la Fundaci\u00f3n Estatal para la formaci\u00f3n en el empleo.<\/p>\n<p><span style=\"color: #7030a0\"><strong>PAGO<\/strong><\/span><\/p>\n\n\n<p>Transferencia bancaria, a la cuenta n\u00ba ES93 2100 5000 59 0200339878 de CaixaBank.<\/p>\n\n\n\n<p>Hacer constar \u201cXXIV&nbsp;<em>workshop<\/em> MRAMA\u201d, y el nombre y los apellidos.<\/p>\n\n\n\n<p>Enviar el comprobante por correo-e.<\/p>\n\n\n\n<p><a href=\"http:\/\/webs.uab.cat\/workshopmrama\/ficha-inscripcion\" target=\"_blank\" rel=\"noreferrer noopener\">Ficha de inscripci\u00f3n<\/a><\/p>\n","protected":false},"excerpt":{"rendered":"<p>PRECIO Sesiones pr\u00e1cticas (optativas): 100 \u20ac en total (50 \u20ac para los estudiantes de la UAB). Resto del workshop: 250 \u20ac (o 140 \u20ac\/1 d\u00eda), excepto: \u2022 Estudiantes de la UAB: 40 \u20ac. \u2022 Personal de la UAB: 125 \u20ac. \u2022 Estudiantes no UAB: 150 \u20ac (o 90 \u20ac\/1 d\u00eda). Libro (optativo): 20\u00a0\u20ac. Descuentos: \u2022 [&hellip;]<\/p>\n","protected":false},"author":20,"featured_media":0,"parent":0,"menu_order":0,"comment_status":"closed","ping_status":"closed","template":"","meta":{"footnotes":""},"class_list":["post-561","page","type-page","status-publish","hentry"],"_links":{"self":[{"href":"https:\/\/webs.uab.cat\/workshopmrama\/wp-json\/wp\/v2\/pages\/561","targetHints":{"allow":["GET"]}}],"collection":[{"href":"https:\/\/webs.uab.cat\/workshopmrama\/wp-json\/wp\/v2\/pages"}],"about":[{"href":"https:\/\/webs.uab.cat\/workshopmrama\/wp-json\/wp\/v2\/types\/page"}],"author":[{"embeddable":true,"href":"https:\/\/webs.uab.cat\/workshopmrama\/wp-json\/wp\/v2\/users\/20"}],"replies":[{"embeddable":true,"href":"https:\/\/webs.uab.cat\/workshopmrama\/wp-json\/wp\/v2\/comments?post=561"}],"version-history":[{"count":33,"href":"https:\/\/webs.uab.cat\/workshopmrama\/wp-json\/wp\/v2\/pages\/561\/revisions"}],"predecessor-version":[{"id":7730,"href":"https:\/\/webs.uab.cat\/workshopmrama\/wp-json\/wp\/v2\/pages\/561\/revisions\/7730"}],"wp:attachment":[{"href":"https:\/\/webs.uab.cat\/workshopmrama\/wp-json\/wp\/v2\/media?parent=561"}],"curies":[{"name":"wp","href":"https:\/\/api.w.org\/{rel}","templated":true}]}}