{"id":60,"date":"2009-05-14T10:38:30","date_gmt":"2009-05-14T08:38:30","guid":{"rendered":"https:\/\/webs.uab.cat\/workshopmrama\/bienvenida\/"},"modified":"2026-02-03T13:30:11","modified_gmt":"2026-02-03T12:30:11","slug":"bienvenida","status":"publish","type":"page","link":"https:\/\/webs.uab.cat\/workshopmrama\/","title":{"rendered":"\u00a1Micro r\u00e1pida!"},"content":{"rendered":"\n<figure class=\"wp-block-image size-full\"><img loading=\"lazy\" decoding=\"async\" width=\"701\" height=\"77\" src=\"https:\/\/webs.uab.cat\/workshopmrama\/wp-content\/uploads\/sites\/312\/2026\/01\/titulo_xxiv.jpg\" alt=\"\" class=\"wp-image-7695\" srcset=\"https:\/\/webs.uab.cat\/workshopmrama\/wp-content\/uploads\/sites\/312\/2026\/01\/titulo_xxiv.jpg 701w, https:\/\/webs.uab.cat\/workshopmrama\/wp-content\/uploads\/sites\/312\/2026\/01\/titulo_xxiv-300x33.jpg 300w\" sizes=\"auto, (max-width: 701px) 100vw, 701px\" \/><\/figure>\n\n\n<div class=\"wp-block-image\">\n<figure class=\"aligncenter is-resized\"><img loading=\"lazy\" decoding=\"async\" width=\"455\" height=\"81\" src=\"https:\/\/webs.uab.cat\/workshopmrama\/wp-content\/uploads\/sites\/312\/2009\/05\/better_way_microbiology.jpg\" alt=\"\" class=\"wp-image-45\" style=\"width:355px\" srcset=\"https:\/\/webs.uab.cat\/workshopmrama\/wp-content\/uploads\/sites\/312\/2009\/05\/better_way_microbiology.jpg 455w, https:\/\/webs.uab.cat\/workshopmrama\/wp-content\/uploads\/sites\/312\/2009\/05\/better_way_microbiology-300x53.jpg 300w\" sizes=\"auto, (max-width: 455px) 100vw, 455px\" \/><\/figure>\n<\/div>\n\n<div class=\"wp-block-image\">\n<figure class=\"aligncenter size-thumbnail\"><img loading=\"lazy\" decoding=\"async\" width=\"150\" height=\"150\" src=\"https:\/\/webs.uab.cat\/workshopmrama\/wp-content\/uploads\/sites\/312\/2026\/01\/logo_xxiv_workshop_mrama-150x150.jpg\" alt=\"\" class=\"wp-image-7700\" \/><\/figure>\n<\/div>\n\n\n<p class=\"has-text-align-center\"><strong><a href=\"https:\/\/www.uab.cat\/web\/universitat-autonoma-de-barcelona-1345467954409.html\" target=\"_blank\" rel=\"noreferrer noopener\"><span style=\"font-size: medium\"><em>Universitat Aut\u00f2noma de Barcelona<\/em><\/span><\/a> <br><a href=\"https:\/\/www.uab.cat\/veterinaria\" target=\"_blank\" rel=\"noopener\"><span style=\"font-size: medium\">Facultad&nbsp;de Veterinaria<\/span><\/a><\/strong><br><span style=\"font-size: medium\">Bellaterra (Cerdanyola del Vall\u00e8s)<\/span>, <span style=\"font-size: medium\">24&nbsp;a 27&nbsp;de noviembre de&nbsp;2026<\/span><\/p>\n\n\n\n<p class=\"has-text-align-center\"><span style=\"font-size: medium\">Directores<br><strong><a href=\"mailto:josep.yuste@uab.cat\" target=\"_blank\" rel=\"noreferrer noopener\">Dr. Josep Yuste Puigvert<\/a> <\/strong>\/<strong> <a href=\"mailto:marta.capellas@uab.cat\" target=\"_blank\" rel=\"noreferrer noopener\">Dra. Marta Capellas Puig<\/a> <\/strong>\/<strong> <a href=\"mailto:carolina.ripolles@uab.cat\" target=\"_blank\" rel=\"noreferrer noopener\">Dra. Carol Ripoll\u00e9s \u00c1vila<\/a><\/strong><\/span><\/p>\n\n\n\n<p class=\"has-text-align-center\"><strong><a href=\"https:\/\/portalrecerca.uab.cat\/es\/organisations\/centre-dinnovaci%C3%B3-recerca-i-transfer%C3%A8ncia-en-tecnologia-dels-alim\" target=\"_blank\" rel=\"noreferrer noopener\"><span style=\"font-size: medium\">Centro de Innovaci\u00f3n, Investigaci\u00f3n y Transferencia en Tecnolog\u00eda de los Alimentos (CIRTTA)<\/span><\/a><span style=\"font-size: medium\">&nbsp;<\/span><br><a href=\"https:\/\/www.uab.cat\/es\/ciencia-animal-alimentos\" target=\"_blank\" rel=\"noreferrer noopener\"><span style=\"font-size: medium\">Departamento de Ciencia animal y de los alimentos<\/span><\/a><\/strong><\/p>\n\n\n\n<p class=\"has-text-align-center\"><span style=\"font-size: medium\">Basado en la idea original del<\/span><font size=\"3\"><br><\/font><strong><a style=\"font-size: medium\" href=\"https:\/\/webs.uab.cat\/workshopmrama\/rincon-dr-fung\/\" target=\"_blank\" rel=\"noreferrer noopener\">Profesor Dr. Daniel Y. C. Fung<\/a><\/strong> <span style=\"font-size: medium\">(<em>Kansas State University<\/em>, Manhattan, Kansas, EUA)<\/span><\/p>\n\n\n<div class=\"wp-block-image\">\n<figure class=\"aligncenter size-full is-resized\"><a href=\"https:\/\/www.accio.gencat.cat\/es\/serveis\/innovacio\/tecnologia-i-rd-per-a-empresa\/tecnio\/index.html\" target=\"_blank\" rel=\" noreferrer noopener\"><img loading=\"lazy\" decoding=\"async\" width=\"939\" height=\"558\" src=\"https:\/\/webs.uab.cat\/workshopmrama\/wp-content\/uploads\/sites\/312\/2025\/04\/tecnio.png\" alt=\"\" class=\"wp-image-6681\" style=\"width:100px\" srcset=\"https:\/\/webs.uab.cat\/workshopmrama\/wp-content\/uploads\/sites\/312\/2025\/04\/tecnio.png 939w, https:\/\/webs.uab.cat\/workshopmrama\/wp-content\/uploads\/sites\/312\/2025\/04\/tecnio-300x178.png 300w, https:\/\/webs.uab.cat\/workshopmrama\/wp-content\/uploads\/sites\/312\/2025\/04\/tecnio-768x456.png 768w\" sizes=\"auto, (max-width: 939px) 100vw, 939px\" \/><\/a><\/figure>\n<\/div>\n\n<div class=\"wp-block-image is-resized\">\n<figure class=\"aligncenter\"><a href=\"https:\/\/certa.uab.cat\/index.php\/es\/inicio\" target=\"_blank\" rel=\"noopener\"><img loading=\"lazy\" decoding=\"async\" width=\"800\" height=\"203\" src=\"https:\/\/webs.uab.cat\/workshopmrama\/wp-content\/uploads\/sites\/312\/2009\/05\/cirtta2.png\" alt=\"\" class=\"wp-image-51\" style=\"width:200px\" srcset=\"https:\/\/webs.uab.cat\/workshopmrama\/wp-content\/uploads\/sites\/312\/2009\/05\/cirtta2.png 800w, https:\/\/webs.uab.cat\/workshopmrama\/wp-content\/uploads\/sites\/312\/2009\/05\/cirtta2-300x76.png 300w, https:\/\/webs.uab.cat\/workshopmrama\/wp-content\/uploads\/sites\/312\/2009\/05\/cirtta2-768x195.png 768w\" sizes=\"auto, (max-width: 800px) 100vw, 800px\" \/><\/a><\/figure>\n<\/div>\n\n\n<p class=\"has-text-align-center\"><span style=\"font: 13px\/160% Arial,Tahoma,Helvetica,sans-serif\"><\/span><\/p>\n\n\n\n<p class=\"has-text-align-center has-small-font-size\"><a href=\"https:\/\/webs.uab.cat\/workshopmrama\/wp-content\/uploads\/sites\/312\/2025\/12\/triptico_xxiv_workshop_mrama.pdf\" target=\"_blank\" rel=\"noreferrer noopener\">TR\u00cdPTICO (descargar PDF)<\/a><\/p>\n\n\n\n<p class=\"has-text-align-center\"><a href=\"https:\/\/www.linkedin.com\/in\/workshop-mrama-memorial-dycfung\/\" target=\"_blank\" rel=\"noreferrer noopener\">LinkedIn<\/a> \/ <a href=\"https:\/\/x.com\/MRAMA_UAB\" target=\"_blank\" rel=\"noreferrer noopener\">X<\/a><\/p>\n\n\n\n<p class=\"has-text-align-left has-small-font-size\"><span style=\"color: #000000\"><strong>OBJETIVO<\/strong><\/span><\/p>\n\n\n\n<p class=\"has-small-font-size\">Ampliar y difundir los conocimientos te\u00f3ricos y pr\u00e1cticos sobre m\u00e9todos innovadores para detectar, contar, aislar e identificar&nbsp;r\u00e1pidamente los microorganismos, y sus metabolitos, habituales en los alimentos y el agua.<\/p>\n\n\n\n<p class=\"has-small-font-size\"><span style=\"color: #000000\"><strong>PALABRAS CLAVE<\/strong><\/span><\/p>\n\n\n\n<p class=\"has-small-font-size\">Microbiolog\u00eda r\u00e1pida \u00b7 Automatizaci\u00f3n \u00b7 Miniaturizaci\u00f3n \u00b7 Seguridad\/Inocuidad alimentaria \u00b7 Microorganismos pat\u00f3genos \u00b7 An\u00e1lisis de alimentos<\/p>\n\n\n\n<p class=\"has-small-font-size\"><span style=\"color: #000000\"><strong>COLECTIVOS DESTINATARIOS<\/strong><\/span><\/p>\n\n\n\n<p class=\"has-small-font-size\">Directores y t\u00e9cnicos de industrias, consultor\u00edas y laboratorios agroalimentarios, y de otros sectores (microbiol\u00f3gico,&nbsp;biotecnol\u00f3gico, cl\u00ednico, farmac\u00e9utico, cosm\u00e9tico, qu\u00edmico,&nbsp;medioambiental, etc.); inspectores y dem\u00e1s personal de la administraci\u00f3n; estudiantes de grado y postgrado, personal t\u00e9cnico y profesores universitarios; personal de otros centros de investigaci\u00f3n; etc.<\/p>\n\n\n\n<p class=\"has-text-align-center\"><a href=\"https:\/\/webs.uab.cat\/workshopmrama\/wp-content\/uploads\/sites\/312\/2025\/12\/participantes_workshop_mrama-1.pdf\" target=\"_blank\" rel=\"noreferrer noopener\">Los 62<\/a><\/p>\n\n\n\n<p class=\"has-text-align-center\"><a rel=\"noreferrer noopener\" href=\"https:\/\/www.meteo.cat\/prediccio\/municipal\/082665\" target=\"_blank\">Predicci\u00f3n meteorol\u00f3gica<\/a><\/p>\n","protected":false},"excerpt":{"rendered":"<p>Universitat Aut\u00f2noma de Barcelona Facultad&nbsp;de VeterinariaBellaterra (Cerdanyola del Vall\u00e8s), 24&nbsp;a 27&nbsp;de noviembre de&nbsp;2026 DirectoresDr. Josep Yuste Puigvert \/ Dra. Marta Capellas Puig \/ Dra. Carol Ripoll\u00e9s \u00c1vila Centro de Innovaci\u00f3n, Investigaci\u00f3n y Transferencia en Tecnolog\u00eda de los Alimentos (CIRTTA)&nbsp;Departamento de Ciencia animal y de los alimentos Basado en la idea original delProfesor Dr. Daniel Y. [&hellip;]<\/p>\n","protected":false},"author":20,"featured_media":0,"parent":0,"menu_order":0,"comment_status":"closed","ping_status":"closed","template":"","meta":{"footnotes":""},"class_list":["post-60","page","type-page","status-publish","hentry"],"_links":{"self":[{"href":"https:\/\/webs.uab.cat\/workshopmrama\/wp-json\/wp\/v2\/pages\/60","targetHints":{"allow":["GET"]}}],"collection":[{"href":"https:\/\/webs.uab.cat\/workshopmrama\/wp-json\/wp\/v2\/pages"}],"about":[{"href":"https:\/\/webs.uab.cat\/workshopmrama\/wp-json\/wp\/v2\/types\/page"}],"author":[{"embeddable":true,"href":"https:\/\/webs.uab.cat\/workshopmrama\/wp-json\/wp\/v2\/users\/20"}],"replies":[{"embeddable":true,"href":"https:\/\/webs.uab.cat\/workshopmrama\/wp-json\/wp\/v2\/comments?post=60"}],"version-history":[{"count":99,"href":"https:\/\/webs.uab.cat\/workshopmrama\/wp-json\/wp\/v2\/pages\/60\/revisions"}],"predecessor-version":[{"id":7915,"href":"https:\/\/webs.uab.cat\/workshopmrama\/wp-json\/wp\/v2\/pages\/60\/revisions\/7915"}],"wp:attachment":[{"href":"https:\/\/webs.uab.cat\/workshopmrama\/wp-json\/wp\/v2\/media?parent=60"}],"curies":[{"name":"wp","href":"https:\/\/api.w.org\/{rel}","templated":true}]}}