{"id":79,"date":"2011-06-09T13:21:28","date_gmt":"2011-06-09T11:21:28","guid":{"rendered":"https:\/\/webs.uab.cat\/workshopmrama\/practicas\/"},"modified":"2026-01-29T11:24:59","modified_gmt":"2026-01-29T10:24:59","slug":"practicas","status":"publish","type":"page","link":"https:\/\/webs.uab.cat\/workshopmrama\/practicas\/","title":{"rendered":"Pr\u00e1cticas"},"content":{"rendered":"<p>Impartidas por\u00a0la <strong><a href=\"mailto:mmartinez@iesjosepmiquelguardia.org\" target=\"_blank\" rel=\"noopener\">Dra. Maria Mart\u00ednez Garc\u00eda<\/a><\/strong>\u00a0y la <strong><a href=\"mailto:carolina.ripolles@uab.cat\" target=\"_blank\" rel=\"noopener\">Dra. Carol Ripoll\u00e9s \u00c1vila<\/a><\/strong>, en el laboratorio V0-160. Es requisito asistir a las tres sesiones (mi\u00e9rcoles 25, jueves 26 y viernes 27). La asistencia est\u00e1 limitada a 30 personas. Se ensayan y comparan diversos m\u00e9todos microbiol\u00f3gicos r\u00e1pidos.<\/p>\n<p class=\"rtecenter\" style=\"text-align: center\"><a href=\"https:\/\/webs.uab.cat\/workshopmrama\/wp-content\/uploads\/sites\/312\/2025\/11\/guia_sesiones_practicas_xxiii_workshop_mrama-1.pdf\" target=\"_blank\" rel=\"noopener\">GU\u00cdA (descargar PDF)<\/a><\/p>\n<p><span style=\"color: #7030a0\"><u><u><u>Mi\u00e9rcoles, 25 de noviembre \u00b7<\/u> 9:15-12:05 h<\/u><\/u><\/span><\/p>\n<p><strong>\u2022 Sistemas automatizados de preparaci\u00f3n de muestras y siembra<\/strong>: diluidores Dilu<i>Flow<\/i> Elite, Smart Dilutor W, Diluwel y Dilumat, homogeneizadores BagMixer SW, Pulsifier, Masticator SWAP y Smasher, sistemas para diluciones seriadas Dilucup-Dilugent Shaker y Serial Diluter; sembradores en espiral easySpiral Dilute y Eddy Jet 2W<\/p>\n<p><strong>\u2022 M\u00e9todos de recuento r\u00e1pido<\/strong>: Vitroids y discos Lenticule (microorganismos de referencia certificados); Petrifilm (placas y lector Advanced), DryPlates, Compact-Dry (placas y lector), MicroFast; agar Rapid YM, Quanti-P\/A Clostricult; Colilert-18, Enterolert-DW, Pseudalert y Quanti-Tray; EZ-Fluo; SimPlate; contadores de colonias Scan 1200 y SphereFlash AI<\/p>\n<p><strong>\u2022 M\u00e9todo de recuento por NMP miniaturizado<\/strong>:\u00a0TEMPO AC y EC<\/p>\n<p><span style=\"color: #7030a0\"><u><u><u>Jueves, 26 de noviembre \u2013 <em>Thanksgiving day<\/em> \u00b7 9:15-11:55 h<\/u><\/u><\/u><\/span><\/p>\n<p><strong>\u2022 Sistemas de control ambiental<\/strong>: placas RODAC, Count-Tact y Lock&amp;Block; laminocultivos; muestreadores Spin Air, MicroBio, Airwel, AIR IDEAL 3P y SAS Super DUO 360<\/p>\n<p><strong>\u2022 Medios de cultivo cromog\u00e9nicos<\/strong>: ALOA, ChromID Coli, ChromID EHEC, agar Baird-Parker RPF, agar <em>Brilliance<\/em> Salmonella (m\u00e9todo Oxoid Salmonella Precis), agar <em>Brilliance<\/em> Listeria (m\u00e9todo Oxoid Listeria Precis), agar <em>Brilliance <\/em>Staph 24, agar <em>Brilliance<\/em> para coliformes, RAPID\u2019<em>Salmonella<\/em>, RAPID\u2019<em>E.coli<\/em> 2, RAPID\u2019<em>L.mono<\/em>, agar IRIS <em>Salmonella<\/em>, agar COMPASS <em>Listeria<\/em>, agar Chromocult para coliformes, agar CondaChrome para <em>Salmonella<\/em>, agar CondaChrome para <em>Pseudomonas<\/em>, agar MRS para lactobacilos<\/p>\n<p><strong>\u2022 Galer\u00edas de identificaci\u00f3n<\/strong>: Rapidec Lmono, RapID ONE, Microbact, test de la ramnosa, EnteroPluri-<em>Test<\/em>,\u00a0HACCP System <em>Plus<\/em><\/p>\n<p><strong>\u2022 Otros sistemas de control ambiental<\/strong>:<\/p>\n<p style=\"padding-left: 40px\"><strong>&#8211; luminiscencia<\/strong>: UltraSnap, AquaSnap, MicroSnap<\/p>\n<p style=\"padding-left: 40px\"><strong>&#8211; colorimetr\u00eda<\/strong>: Food Swab<\/p>\n<p><strong>\u2022 M\u00e9todos de detecci\u00f3n inmunol\u00f3gica<\/strong>:<\/p>\n<p style=\"padding-left: 40px\"><strong>&#8211; ELFA<\/strong>: VIDAS KUBE<\/p>\n<p style=\"padding-left: 40px\"><strong>&#8211; inmunoprecipitaci\u00f3n<\/strong>: 1-2 Test para <em>Salmonella<\/em><\/p>\n<p style=\"padding-left: 40px\"><strong>&#8211; inmunodifusi\u00f3n lateral<\/strong>: Singlepath, VIP Gold<\/p>\n<p><strong>\u2022 M\u00e9todo de recuento por NMP miniaturizado<\/strong>: lectura de TEMPO AC y EC<\/p>\n<p><span style=\"color: #7030a0\"><u><u><u><u>Viernes, 27 de noviembre \u00b7<\/u> 9-11 h<\/u><\/u><\/u><\/span><\/p>\n<p><strong>\u2022 Galer\u00edas de identificaci\u00f3n: <\/strong>O\u00b7B\u00b7I\u00b7S\u00b7, membranas ID<\/p>\n<p><strong>\u2022 <\/strong><strong>Otros sistemas de control ambiental<\/strong>:<\/p>\n<p style=\"padding-left: 40px\"><strong>&#8211; luminiscencia<\/strong>: N-Light <em>Listeria monocytogenes<\/em>,<em>\u00a0<\/em>lumin\u00f3metros Clean-Trace, MVP ICON y EnSURE Touch<\/p>\n<p style=\"padding-left: 40px\"><strong>&#8211; colorimetr\u00eda<\/strong>: Contam Swab, FLASH, Clean Test, InSite, AllerSnap<\/p>\n<p style=\"padding-left: 40px\"><strong>&#8211; otros<\/strong>: MicroDetector, TBF 300, BioFinder<\/p>\n<p><strong>\u2022 M\u00e9todos de detecci\u00f3n inmunol\u00f3gica<\/strong>:<\/p>\n<p style=\"padding-left: 40px\"><strong>&#8211; confirmaci\u00f3n por aglutinaci\u00f3n del l\u00e1tex<\/strong>: Oxoid latex test<\/p>\n<p style=\"padding-left: 40px\"><strong>&#8211; inmunodifusi\u00f3n lateral<\/strong>: PrecisCheck Listeria, Reveal Q+ para aflatoxinas y para DON (<em>kits<\/em> y lector Raptor), Reveal 3D para al\u00e9rgenos (leche), Symmetric para histamina, Symmetric Green para aflatoxinas y para DON, Free Test para al\u00e9rgenos (leche, beta-lactoglobulina, case\u00edna, gluten), AllerFlow gluten, DipSensor y Extenso para antibi\u00f3ticos<\/p>\n<p><strong>\u2022 Biolog\u00eda molecular\u00a0<\/strong>(m\u00e9todos alternativos a la PCR): Sistema de Detecci\u00f3n Molecular\u00a0(MDS)<\/p>\n<p><strong>\u2022 Lecturas<\/strong>: m\u00e9todos de recuento r\u00e1pido, sistemas de control ambiental, medios de cultivo cromog\u00e9nicos, galer\u00edas de identificaci\u00f3n,\u00a0m\u00e9todos de detecci\u00f3n inmunol\u00f3gica<\/p>\n","protected":false},"excerpt":{"rendered":"<p>Impartidas por\u00a0la Dra. Maria Mart\u00ednez Garc\u00eda\u00a0y la Dra. Carol Ripoll\u00e9s \u00c1vila, en el laboratorio V0-160. Es requisito asistir a las tres sesiones (mi\u00e9rcoles 25, jueves 26 y viernes 27). La asistencia est\u00e1 limitada a 30 personas. Se ensayan y comparan diversos m\u00e9todos microbiol\u00f3gicos r\u00e1pidos. GU\u00cdA (descargar PDF) Mi\u00e9rcoles, 25 de noviembre \u00b7 9:15-12:05 h \u2022 [&hellip;]<\/p>\n","protected":false},"author":20,"featured_media":0,"parent":0,"menu_order":0,"comment_status":"closed","ping_status":"closed","template":"","meta":{"footnotes":""},"class_list":["post-79","page","type-page","status-publish","hentry"],"_links":{"self":[{"href":"https:\/\/webs.uab.cat\/workshopmrama\/wp-json\/wp\/v2\/pages\/79","targetHints":{"allow":["GET"]}}],"collection":[{"href":"https:\/\/webs.uab.cat\/workshopmrama\/wp-json\/wp\/v2\/pages"}],"about":[{"href":"https:\/\/webs.uab.cat\/workshopmrama\/wp-json\/wp\/v2\/types\/page"}],"author":[{"embeddable":true,"href":"https:\/\/webs.uab.cat\/workshopmrama\/wp-json\/wp\/v2\/users\/20"}],"replies":[{"embeddable":true,"href":"https:\/\/webs.uab.cat\/workshopmrama\/wp-json\/wp\/v2\/comments?post=79"}],"version-history":[{"count":68,"href":"https:\/\/webs.uab.cat\/workshopmrama\/wp-json\/wp\/v2\/pages\/79\/revisions"}],"predecessor-version":[{"id":7827,"href":"https:\/\/webs.uab.cat\/workshopmrama\/wp-json\/wp\/v2\/pages\/79\/revisions\/7827"}],"wp:attachment":[{"href":"https:\/\/webs.uab.cat\/workshopmrama\/wp-json\/wp\/v2\/media?parent=79"}],"curies":[{"name":"wp","href":"https:\/\/api.w.org\/{rel}","templated":true}]}}