{"id":2,"date":"2023-10-10T13:28:04","date_gmt":"2023-10-10T11:28:04","guid":{"rendered":"https:\/\/webs.uab.cat\/xylonet\/?page_id=2"},"modified":"2024-03-04T18:11:59","modified_gmt":"2024-03-04T16:11:59","slug":"pagina-exemple","status":"publish","type":"page","link":"https:\/\/webs.uab.cat\/xylonet\/","title":{"rendered":"Inicio"},"content":{"rendered":"<div class=\"wp-block-image\">\n<figure class=\"aligncenter size-full is-resized\"><img loading=\"lazy\" decoding=\"async\" width=\"2560\" height=\"1212\" src=\"https:\/\/webs.uab.cat\/xylonet\/wp-content\/uploads\/sites\/488\/2024\/03\/image_6483441-scaled.jpg\" alt=\"\" class=\"wp-image-123\" style=\"width:588px;height:auto\" srcset=\"https:\/\/webs.uab.cat\/xylonet\/wp-content\/uploads\/sites\/488\/2024\/03\/image_6483441-scaled.jpg 2560w, https:\/\/webs.uab.cat\/xylonet\/wp-content\/uploads\/sites\/488\/2024\/03\/image_6483441-300x142.jpg 300w, https:\/\/webs.uab.cat\/xylonet\/wp-content\/uploads\/sites\/488\/2024\/03\/image_6483441-1024x485.jpg 1024w, https:\/\/webs.uab.cat\/xylonet\/wp-content\/uploads\/sites\/488\/2024\/03\/image_6483441-768x364.jpg 768w, https:\/\/webs.uab.cat\/xylonet\/wp-content\/uploads\/sites\/488\/2024\/03\/image_6483441-1536x727.jpg 1536w, https:\/\/webs.uab.cat\/xylonet\/wp-content\/uploads\/sites\/488\/2024\/03\/image_6483441-2048x969.jpg 2048w, https:\/\/webs.uab.cat\/xylonet\/wp-content\/uploads\/sites\/488\/2024\/03\/image_6483441-1200x568.jpg 1200w, https:\/\/webs.uab.cat\/xylonet\/wp-content\/uploads\/sites\/488\/2024\/03\/image_6483441-1980x937.jpg 1980w\" sizes=\"auto, (max-width: 2560px) 100vw, 2560px\" \/><\/figure>\n<\/div>\n\n\n<p>El prop\u00f3sito de esta Red Tem\u00e1tica es llenar el vac\u00edo de informaci\u00f3n existente sobre el origen y desarrollo de los conocimientos bot\u00e1nicos, ecol\u00f3gicos y t\u00e9cnicos relacionados con la madera como recurso entre las sociedades que habitaron la Pen\u00ednsula Ib\u00e9rica y los archipi\u00e9lagos Balear y Canario.<\/p>\n\n\n\n<p>La red busca incentivar el desarrollo e implementaci\u00f3n de nuevas metodolog\u00edas y t\u00e9cnicas anal\u00edticas dirigidas al estudio de las maderas arqueol\u00f3gicas. Adem\u00e1s, se pretende superar la dispersi\u00f3n y fragmentaci\u00f3n de informaci\u00f3n que actualmente existe y fomentar el intercambio y la colaboraci\u00f3n entre los diversos enfoques de estudio de las maderas patrimoniales aplicadas en la mencionada regi\u00f3n geogr\u00e1fica.<\/p>\n\n\n\n<p>Con este enfoque integrador, se aspira a identificar los desaf\u00edos inherentes al estudio de las maderas arqueol\u00f3gicas en estas \u00e1reas y desarrollar un protocolo de actuaci\u00f3n flexible y estandarizado para su an\u00e1lisis sistem\u00e1tico. De esta manera, se promueve un enfoque unificado que permita abordar eficazmente los retos y oportunidades que plantea la investigaci\u00f3n en este campo tan relevante para la comprensi\u00f3n de nuestro pasado hist\u00f3rico y cultural.<\/p>\n","protected":false},"excerpt":{"rendered":"<p>El prop\u00f3sito de esta Red Tem\u00e1tica es llenar el vac\u00edo de informaci\u00f3n existente sobre el origen y desarrollo de los conocimientos bot\u00e1nicos, ecol\u00f3gicos y t\u00e9cnicos relacionados con la madera como recurso entre las sociedades que habitaron la Pen\u00ednsula Ib\u00e9rica y los archipi\u00e9lagos Balear y Canario. La red busca incentivar el desarrollo e implementaci\u00f3n de nuevas [&hellip;]<\/p>\n","protected":false},"author":2591,"featured_media":0,"parent":0,"menu_order":1,"comment_status":"closed","ping_status":"closed","template":"","meta":{"footnotes":""},"class_list":["post-2","page","type-page","status-publish","hentry"],"_links":{"self":[{"href":"https:\/\/webs.uab.cat\/xylonet\/wp-json\/wp\/v2\/pages\/2","targetHints":{"allow":["GET"]}}],"collection":[{"href":"https:\/\/webs.uab.cat\/xylonet\/wp-json\/wp\/v2\/pages"}],"about":[{"href":"https:\/\/webs.uab.cat\/xylonet\/wp-json\/wp\/v2\/types\/page"}],"author":[{"embeddable":true,"href":"https:\/\/webs.uab.cat\/xylonet\/wp-json\/wp\/v2\/users\/2591"}],"replies":[{"embeddable":true,"href":"https:\/\/webs.uab.cat\/xylonet\/wp-json\/wp\/v2\/comments?post=2"}],"version-history":[{"count":7,"href":"https:\/\/webs.uab.cat\/xylonet\/wp-json\/wp\/v2\/pages\/2\/revisions"}],"predecessor-version":[{"id":124,"href":"https:\/\/webs.uab.cat\/xylonet\/wp-json\/wp\/v2\/pages\/2\/revisions\/124"}],"wp:attachment":[{"href":"https:\/\/webs.uab.cat\/xylonet\/wp-json\/wp\/v2\/media?parent=2"}],"curies":[{"name":"wp","href":"https:\/\/api.w.org\/{rel}","templated":true}]}}