{"id":116,"date":"2009-05-25T13:22:03","date_gmt":"2009-05-25T11:22:03","guid":{"rendered":"https:\/\/webs.uab.cat\/zkpq\/team\/"},"modified":"2010-01-21T13:48:39","modified_gmt":"2010-01-21T11:48:39","slug":"team","status":"publish","type":"page","link":"https:\/\/webs.uab.cat\/zkpq\/en\/team\/","title":{"rendered":"Team"},"content":{"rendered":"<p align=\"justify\" style=\"margin-left: 12px; margin-right: 12px;\">\n<img loading=\"lazy\" decoding=\"async\" alt=\"\" height=\"330\" src=\"http:\/\/grupsderecerca.uab.cat\/zkpq\/sites\/grupsderecerca.uab.cat.zkpq\/files\/4315_85324523954_759783954_1699447_8125004_n_0.jpg\" style=\"vertical-align: middle; border: 1px solid black;\" width=\"379\" \/><\/p>\n<p align=\"justify\" style=\"margin-left: 12px; margin-right: 12px;\"><span lang=\"EN-GB\" style=\"color: #832f2c; font-size: 10pt;\"><strong>&nbsp;&nbsp;&nbsp;&nbsp;&nbsp;&nbsp;&nbsp;&nbsp;&nbsp;&nbsp; GEPDI team with Prof. Marvin Zuckerman<\/strong><\/span><\/p>\n<p align=\"justify\" style=\"margin-left: 12px; margin-right: 12px;\">&nbsp;<\/p>\n<p align=\"justify\" style=\"margin-left: 12px; margin-right: 12px;\"><span style=\"font-family: Verdana;\"><span lang=\"EN-GB\" style=\"color: #832f2c; font-size: 10pt;\"><strong>Principal researcher:<\/strong><\/span><\/span><\/p>\n<p align=\"justify\" style=\"margin-left: 12px; margin-right: 12px;\"><span style=\"font-family: Verdana;\"><strong><span lang=\"EN-GB\" style=\"color: #832f2c; font-size: 10pt;\">Montserrat<\/span><\/strong><span lang=\"EN-GB\" style=\"color: #832f2c; font-size: 10pt;\"><strong> Gom\u00e0-i-Freixanet<\/strong>. PhD.<br \/>\nDpt. Psicologia Cl\u00ednica i de la Salut<br \/>\nFacultat de Psicologia&nbsp;<br \/>\nUniversitat Aut\u00f2noma de Barcelona<br \/>\nCatalunya, Espanya<\/span><\/span><\/p>\n<hr \/>\n<p align=\"justify\" style=\"margin-left: 12px; margin-right: 12px;\"><span style=\"font-family: Verdana;\"><span lang=\"EN-GB\" style=\"color: #832f2c; font-size: 10pt;\"><strong>Team researchers:<\/strong><\/span><\/span><\/p>\n<p align=\"justify\" style=\"margin-left: 12px; margin-right: 12px;\"><span style=\"font-family: Verdana;\"><span lang=\"EN-GB\" style=\"color: #832f2c; font-size: 10pt;\"><strong>Sergi Valero i Ventura<\/strong>. PhD.<br \/>\nServei de Psiquiatria&nbsp;<br \/>\nHospital Universitari Vall d&#8217;Hebron de Barcelona<br \/>\nCatalunya, Espanya<\/span><\/span><em>&nbsp;<\/em><\/p>\n<p align=\"justify\" style=\"margin-left: 12px; margin-right: 12px;\"><span style=\"font-family: Verdana;\"><span style=\"color: #832f2c; font-size: 10pt;\"><strong>Anna Muro i Rodr\u00edguez<\/strong>. PhD.<\/span><br \/>\n<span lang=\"EN-GB\" style=\"color: #832f2c; font-size: 10pt;\">Dpt. Psicologia Cl\u00ednica i de la Salut<br \/>\nFacultat de Psicologia&nbsp;<br \/>\nUniversitat Aut\u00f2noma de Barcelona<br \/>\nCatalunya, Espanya<\/span><\/span><\/p>\n<p align=\"justify\" style=\"margin-left: 12px; margin-right: 12px;\"><span style=\"font-family: Verdana;\"><span lang=\"EN-GB\" style=\"color: #832f2c; font-size: 10pt;\"><strong>S\u00edlvia Albiol Matamoros<\/strong>. Psychologist.<\/span><br \/>\n<span lang=\"EN-GB\" style=\"color: #832f2c; font-size: 10pt;\">Dpt. Psicologia Cl\u00ednica i de la Salut<br \/>\nFacultat de Psicologia&nbsp;<br \/>\nUniversitat Aut\u00f2noma de Barcelona<br \/>\nCatalunya, Espanya<\/span><\/span><\/p>\n<p align=\"justify\" style=\"margin-left: 12px; margin-right: 12px;\">\n<span style=\"font-family: Verdana;\"><span lang=\"EN-GB\" style=\"color: #832f2c; font-size: 10pt;\"><strong>Albert D\u00edaz Mart\u00ednez<\/strong>. Psychologist.<\/span><br \/>\n<span lang=\"EN-GB\" style=\"color: #832f2c; font-size: 10pt;\">Dpt. Psicologia Cl\u00ednica i de la Salut<br \/>\nFacultat de Psicologia&nbsp;<br \/>\nUniversitat Aut\u00f2noma de Barcelona<\/span><\/span><br \/>\n&nbsp;<\/p>\n<hr \/>\n<p align=\"justify\" style=\"margin-left: 12px; margin-right: 12px;\">&nbsp;<\/p>\n<p align=\"justify\" style=\"margin-left: 12px; margin-right: 12px;\"><span style=\"font-family: Verdana;\"><span lang=\"EN-GB\" style=\"color: #832f2c; font-size: 10pt;\"><strong>Otros investigadores colaboradores:<\/strong><\/span><\/span><\/p>\n<ol>\n<li>Irene Ramos Grille<\/li>\n<li>Yolanda Mart\u00ednez Ortega<\/li>\n<li>L\u00eddia Moreno i Hern\u00e0ndez<\/li>\n<li>Josep Pla i Cort\u00e9s<\/li>\n<\/ol>\n<hr \/>\n<p align=\"justify\" style=\"margin-left: 12px; margin-right: 12px;\">&nbsp;<\/p>\n<p align=\"justify\" style=\"margin-left: 12px; margin-right: 12px;\"><span style=\"font-family: Verdana;\"><span lang=\"EN-GB\" style=\"color: #832f2c; font-size: 10pt;\"><strong>Otros colaboradores:<\/strong><\/span><\/span><\/p>\n<ol>\n<li><span style=\"mso-ascii-font-family: Calibri; mso-ascii-theme-font: minor-latin; mso-hansi-font-family: Calibri; mso-hansi-theme-font: minor-latin; mso-bidi-font-family: Calibri; mso-bidi-theme-font: minor-latin;\">Sara Mar\u00edn Cruet<\/span><\/li>\n<li><span style=\"mso-ascii-font-family: Calibri; mso-ascii-theme-font: minor-latin; mso-hansi-font-family: Calibri; mso-hansi-theme-font: minor-latin; mso-bidi-font-family: Calibri; mso-bidi-theme-font: minor-latin;\">Iolao Mir Garr\u00e9s<\/span><\/li>\n<li><span style=\"mso-ascii-font-family: Calibri; mso-ascii-theme-font: minor-latin; mso-hansi-font-family: Calibri; mso-hansi-theme-font: minor-latin; mso-bidi-font-family: Calibri; mso-bidi-theme-font: minor-latin;\">Noem\u00ed Valero Ferrer<\/span><\/li>\n<li><span style=\"mso-ascii-font-family: Calibri; mso-ascii-theme-font: minor-latin; mso-fareast-font-family: 'Times New Roman'; mso-hansi-font-family: Calibri; mso-hansi-theme-font: minor-latin; mso-bidi-font-family: Calibri; mso-bidi-theme-font: minor-latin; mso-fareast-language: ES;\">Yrina Catala Mateu<\/span><\/li>\n<li><span style=\"mso-ascii-font-family: Calibri; mso-ascii-theme-font: minor-latin; mso-fareast-font-family: 'Times New Roman'; mso-hansi-font-family: Calibri; mso-hansi-theme-font: minor-latin; mso-bidi-font-family: Calibri; mso-bidi-theme-font: minor-latin; mso-fareast-language: ES;\">Mireia Ribas Canturri<\/span><\/li>\n<li><span style=\"mso-ascii-font-family: Calibri; mso-ascii-theme-font: minor-latin; mso-fareast-font-family: 'Times New Roman'; mso-hansi-font-family: Calibri; mso-hansi-theme-font: minor-latin; mso-bidi-font-family: Calibri; mso-bidi-theme-font: minor-latin; mso-fareast-language: ES;\">Raquel Badrenas<\/span><\/li>\n<\/ol>\n<hr \/>\n","protected":false},"excerpt":{"rendered":"<p>&nbsp;&nbsp;&nbsp;&nbsp;&nbsp;&nbsp;&nbsp;&nbsp;&nbsp;&nbsp; GEPDI team with Prof. Marvin Zuckerman &nbsp; Principal researcher: Montserrat Gom\u00e0-i-Freixanet. PhD. Dpt. Psicologia Cl\u00ednica i de la Salut Facultat de Psicologia&nbsp; Universitat Aut\u00f2noma de Barcelona Catalunya, Espanya Team researchers: Sergi Valero i Ventura. PhD. Servei de Psiquiatria&nbsp; Hospital Universitari Vall d&#8217;Hebron de Barcelona Catalunya, Espanya&nbsp; Anna Muro i Rodr\u00edguez. PhD. Dpt. Psicologia Cl\u00ednica [&hellip;]<\/p>\n","protected":false},"author":20,"featured_media":0,"parent":0,"menu_order":0,"comment_status":"closed","ping_status":"closed","template":"","meta":{"footnotes":""},"class_list":["post-116","page","type-page","status-publish","hentry"],"_links":{"self":[{"href":"https:\/\/webs.uab.cat\/zkpq\/en\/wp-json\/wp\/v2\/pages\/116","targetHints":{"allow":["GET"]}}],"collection":[{"href":"https:\/\/webs.uab.cat\/zkpq\/en\/wp-json\/wp\/v2\/pages"}],"about":[{"href":"https:\/\/webs.uab.cat\/zkpq\/en\/wp-json\/wp\/v2\/types\/page"}],"author":[{"embeddable":true,"href":"https:\/\/webs.uab.cat\/zkpq\/en\/wp-json\/wp\/v2\/users\/20"}],"replies":[{"embeddable":true,"href":"https:\/\/webs.uab.cat\/zkpq\/en\/wp-json\/wp\/v2\/comments?post=116"}],"version-history":[{"count":0,"href":"https:\/\/webs.uab.cat\/zkpq\/en\/wp-json\/wp\/v2\/pages\/116\/revisions"}],"wp:attachment":[{"href":"https:\/\/webs.uab.cat\/zkpq\/en\/wp-json\/wp\/v2\/media?parent=116"}],"curies":[{"name":"wp","href":"https:\/\/api.w.org\/{rel}","templated":true}]}}