{"id":113,"date":"2010-01-21T13:44:51","date_gmt":"2010-01-21T11:44:51","guid":{"rendered":"https:\/\/webs.uab.cat\/zkpq\/zkpq-2\/"},"modified":"2010-01-21T13:44:51","modified_gmt":"2010-01-21T11:44:51","slug":"zkpq-2","status":"publish","type":"page","link":"https:\/\/webs.uab.cat\/zkpq\/es\/zkpq-2\/","title":{"rendered":"ZKPQ"},"content":{"rendered":"<p class=\"rtejustify\">El cuestionario <strong>ZKPQ<\/strong> consiste en 99 \u00edtems y mide cinco dimensiones b\u00e1sicas de la personalidad. Incluye una escala adicional de Infrecuencia (Infreq), que permite eliminar aquellos sujetos que responden de manera poco cuidada. La respuesta a cada \u00edtem es dicot\u00f3mica, con Verdadero o Falso como alternativas de respuesta y algunos \u00edtems est\u00e1n formulados de forma inversa.<\/p>\n<p class=\"rtejustify\">Las cinco dimensiones de personalidad son: <strong>Neuroticismo-Ansiedad<\/strong> (N-Anx), <strong>Actividad<\/strong> (Act), <strong>Sociabilidad<\/strong> (Sy), <strong>Impulsividad y B\u00fasqueda de Sensaciones<\/strong> (ImpSS) y <strong>Agresividad-Hostilidad<\/strong> (Agg-Host).<\/p>\n<p>&nbsp;<\/p>\n<p align=\"center\">&nbsp;<\/p>\n","protected":false},"excerpt":{"rendered":"<p>El cuestionario ZKPQ consiste en 99 \u00edtems y mide cinco dimensiones b\u00e1sicas de la personalidad. Incluye una escala adicional de Infrecuencia (Infreq), que permite eliminar aquellos sujetos que responden de manera poco cuidada. La respuesta a cada \u00edtem es dicot\u00f3mica, con Verdadero o Falso como alternativas de respuesta y algunos \u00edtems est\u00e1n formulados de forma [&hellip;]<\/p>\n","protected":false},"author":20,"featured_media":0,"parent":0,"menu_order":0,"comment_status":"closed","ping_status":"closed","template":"","meta":{"footnotes":""},"class_list":["post-113","page","type-page","status-publish","hentry"],"_links":{"self":[{"href":"https:\/\/webs.uab.cat\/zkpq\/es\/wp-json\/wp\/v2\/pages\/113","targetHints":{"allow":["GET"]}}],"collection":[{"href":"https:\/\/webs.uab.cat\/zkpq\/es\/wp-json\/wp\/v2\/pages"}],"about":[{"href":"https:\/\/webs.uab.cat\/zkpq\/es\/wp-json\/wp\/v2\/types\/page"}],"author":[{"embeddable":true,"href":"https:\/\/webs.uab.cat\/zkpq\/es\/wp-json\/wp\/v2\/users\/20"}],"replies":[{"embeddable":true,"href":"https:\/\/webs.uab.cat\/zkpq\/es\/wp-json\/wp\/v2\/comments?post=113"}],"version-history":[{"count":0,"href":"https:\/\/webs.uab.cat\/zkpq\/es\/wp-json\/wp\/v2\/pages\/113\/revisions"}],"wp:attachment":[{"href":"https:\/\/webs.uab.cat\/zkpq\/es\/wp-json\/wp\/v2\/media?parent=113"}],"curies":[{"name":"wp","href":"https:\/\/api.w.org\/{rel}","templated":true}]}}