{"id":119,"date":"2009-05-25T13:22:59","date_gmt":"2009-05-25T11:22:59","guid":{"rendered":"https:\/\/webs.uab.cat\/zkpq\/investigacion\/"},"modified":"2010-01-21T14:07:13","modified_gmt":"2010-01-21T12:07:13","slug":"investigacion","status":"publish","type":"page","link":"https:\/\/webs.uab.cat\/zkpq\/es\/investigacion\/","title":{"rendered":"Investigaci\u00f3n"},"content":{"rendered":"<p><strong>Principales \u00e1mbitos de investigaci\u00f3n del equipo:<\/strong><\/p>\n<p>Modelo biol\u00f3gico de los Cinco Factores Alternativos de la Personalidad (ZKPQ).<br \/>\nPersonalidad e inteligencia.<br \/>\nPersonalidad y salud.<br \/>\nPersonalidad y afrontamiento.<br \/>\nPersonalidad, expectativas y consumo de alcohol.<br \/>\nPersonalidad y conducta delictiva.<br \/>\nPersonalidad y Trastorno L\u00edmite (TLP).&nbsp;<br \/>\nPersonalidad y m\u00fasica.<br \/>\nPersonalidad y ritmos biol\u00f3gicos.<\/p>\n","protected":false},"excerpt":{"rendered":"<p>Principales \u00e1mbitos de investigaci\u00f3n del equipo: Modelo biol\u00f3gico de los Cinco Factores Alternativos de la Personalidad (ZKPQ). Personalidad e inteligencia. Personalidad y salud. Personalidad y afrontamiento. Personalidad, expectativas y consumo de alcohol. Personalidad y conducta delictiva. Personalidad y Trastorno L\u00edmite (TLP).&nbsp; Personalidad y m\u00fasica. Personalidad y ritmos biol\u00f3gicos.<\/p>\n","protected":false},"author":20,"featured_media":0,"parent":0,"menu_order":0,"comment_status":"closed","ping_status":"closed","template":"","meta":{"footnotes":""},"class_list":["post-119","page","type-page","status-publish","hentry"],"_links":{"self":[{"href":"https:\/\/webs.uab.cat\/zkpq\/es\/wp-json\/wp\/v2\/pages\/119","targetHints":{"allow":["GET"]}}],"collection":[{"href":"https:\/\/webs.uab.cat\/zkpq\/es\/wp-json\/wp\/v2\/pages"}],"about":[{"href":"https:\/\/webs.uab.cat\/zkpq\/es\/wp-json\/wp\/v2\/types\/page"}],"author":[{"embeddable":true,"href":"https:\/\/webs.uab.cat\/zkpq\/es\/wp-json\/wp\/v2\/users\/20"}],"replies":[{"embeddable":true,"href":"https:\/\/webs.uab.cat\/zkpq\/es\/wp-json\/wp\/v2\/comments?post=119"}],"version-history":[{"count":0,"href":"https:\/\/webs.uab.cat\/zkpq\/es\/wp-json\/wp\/v2\/pages\/119\/revisions"}],"wp:attachment":[{"href":"https:\/\/webs.uab.cat\/zkpq\/es\/wp-json\/wp\/v2\/media?parent=119"}],"curies":[{"name":"wp","href":"https:\/\/api.w.org\/{rel}","templated":true}]}}