{"id":296,"date":"2011-10-25T17:06:18","date_gmt":"2011-10-25T15:06:18","guid":{"rendered":"https:\/\/webs.uab.cat\/zkpq\/escales\/"},"modified":"2011-10-25T17:06:18","modified_gmt":"2011-10-25T15:06:18","slug":"escales","status":"publish","type":"page","link":"https:\/\/webs.uab.cat\/zkpq\/escales\/","title":{"rendered":"Escales"},"content":{"rendered":"<p class=\"rtejustify\"><strong>Neuroticisme-Ansietat<\/strong> (N-Anx, 19 \u00edtems). Mesura la tend\u00e8ncia a estar sovint preocupat, tens, disgustat, ser poruc i indec\u00eds, tenir manca d\u2019auto-confian\u00e7a i ser molt sensible a les cr\u00edtiques.<\/p>\n<p class=\"rtejustify\"><strong>Activitat<\/strong> (Act, 17 \u00edtems). Es divideix en dues subescales: la primera, Activitat General, descriu la necessitat de tenir una activitat di\u00e0ria continua i certa incapacitat per a descansar quan no hi ha res a fer. La segona escala, Esfor\u00e7 pel Treball, mesura la prefer\u00e8ncia per feines desafiants i dif\u00edcils, aix\u00ed com tenir un alt grau d\u2019energia per a treballar i fer diverses tasques alhora.<\/p>\n<p class=\"rtejustify\"><strong>Sociabilitat<\/strong> (Sy, 17 \u00edtems). Tamb\u00e9 es divideix en dues subescales. La primera, Festes i Amics, mesura els amics que es tenen, el temps que es passa amb ells i el gust per anar a les festes i reunions socials. La segona, Intoler\u00e0ncia a l\u2019A\u00efllament, indica la prefer\u00e8ncia per la companyia dels altres en contrast a la solitud i a la realitzaci\u00f3 d\u2019activitats solit\u00e0ries.<\/p>\n<p class=\"rtejustify\"><strong>Impulsivitat i Perca\u00e7a de Sensacions<\/strong> (ImpSS, 19 \u00edtems). \u00c9s la suma de dues subescales. La subescala Impulsivitat, es refereix a la manca de planificaci\u00f3 i a la tend\u00e8ncia a actuar sense pensar. La subescala Perca\u00e7a de Sensacions mesura la necessitat general d\u2019aventura i excitaci\u00f3, la prefer\u00e8ncia per situacions i amics impredictibles, i la voluntat d\u2019assumir riscos pel sol fet de viure\u2019ls. El contingut d&#8217;aquesta escala \u00e9s general i no fa refer\u00e8ncia a activitats espec\u00edfiques tals com la beguda o el sexe.<\/p>\n<p class=\"rtejustify\"><strong>Agressivitat-Hostilitat<\/strong> (Agg-Host, 17 \u00edtems). Reflecteix la disposici\u00f3 a expressar agressivitat verbal (p. ex. dir paraulotes), tenir un comportament groller i descuidat amb els altres, antisocial, disposat a la venjan\u00e7a i a la impaci\u00e8ncia amb els altres.<\/p>\n<p class=\"rtejustify\"><strong>Infreq\u00fc\u00e8ncia<\/strong> (Infre, 10 \u00edtems). Aquesta escala no mesura personalitat. S\u2019utilitza per a detectar manca d\u2019atenci\u00f3 o poca cura en respondre i es considera com una mesura de validesa del q\u00fcestionari. Els \u00edtems son majorit\u00e0riament exagerats i socialment desitjables. \u00c9s una escala molt asim\u00e8trica amb la majoria de puntuacions totals entre 0 i 1.<\/p>\n","protected":false},"excerpt":{"rendered":"<p>Neuroticisme-Ansietat (N-Anx, 19 \u00edtems). Mesura la tend\u00e8ncia a estar sovint preocupat, tens, disgustat, ser poruc i indec\u00eds, tenir manca d\u2019auto-confian\u00e7a i ser molt sensible a les cr\u00edtiques. Activitat (Act, 17 \u00edtems). Es divideix en dues subescales: la primera, Activitat General, descriu la necessitat de tenir una activitat di\u00e0ria continua i certa incapacitat per a descansar [&hellip;]<\/p>\n","protected":false},"author":20,"featured_media":0,"parent":0,"menu_order":0,"comment_status":"closed","ping_status":"closed","template":"","meta":{"footnotes":""},"class_list":["post-296","page","type-page","status-publish","hentry"],"_links":{"self":[{"href":"https:\/\/webs.uab.cat\/zkpq\/wp-json\/wp\/v2\/pages\/296","targetHints":{"allow":["GET"]}}],"collection":[{"href":"https:\/\/webs.uab.cat\/zkpq\/wp-json\/wp\/v2\/pages"}],"about":[{"href":"https:\/\/webs.uab.cat\/zkpq\/wp-json\/wp\/v2\/types\/page"}],"author":[{"embeddable":true,"href":"https:\/\/webs.uab.cat\/zkpq\/wp-json\/wp\/v2\/users\/20"}],"replies":[{"embeddable":true,"href":"https:\/\/webs.uab.cat\/zkpq\/wp-json\/wp\/v2\/comments?post=296"}],"version-history":[{"count":0,"href":"https:\/\/webs.uab.cat\/zkpq\/wp-json\/wp\/v2\/pages\/296\/revisions"}],"wp:attachment":[{"href":"https:\/\/webs.uab.cat\/zkpq\/wp-json\/wp\/v2\/media?parent=296"}],"curies":[{"name":"wp","href":"https:\/\/api.w.org\/{rel}","templated":true}]}}