{"id":80,"date":"2009-05-25T13:07:54","date_gmt":"2009-05-25T11:07:54","guid":{"rendered":"https:\/\/webs.uab.cat\/zkpq\/inici\/"},"modified":"2022-11-16T08:46:34","modified_gmt":"2022-11-16T06:46:34","slug":"inici","status":"publish","type":"page","link":"https:\/\/webs.uab.cat\/zkpq\/","title":{"rendered":"Inici"},"content":{"rendered":"\n<p>Els objectius del <strong>Grup de Recerca Estudis en Personalitat i Difer\u00e8ncies Individuals<\/strong>&nbsp;(GEPDI) es centren en cinc eixos b\u00e0sics:<\/p>\n\n\n\n<ul class=\"wp-block-list\"><li class=\"rtejustify\">Donar resposta a q\u00fcestions no resoltes, tant te\u00f2riques com metodol\u00f2giques, de la pr\u00f2pia disciplina.<\/li><li class=\"rtejustify\">Aplicar la psicologia de la personalitat a \u00e0mbits socials diversos (conductes de risc per a la salut, conducta prosocial, conducta antisocial,&#8230;).<\/li><li class=\"rtejustify\">Adaptar i generar nous instruments de mesura de la personalitat en el nostre propi \u00e0mbit.<\/li><li class=\"rtejustify\">Contrastar la universalitat de l&#8217;estructura b\u00e0sica de la personalitat.<\/li><li class=\"rtejustify\">Analitzar la contribuci\u00f3 de la personalitat en la salut.<\/li><\/ul>\n\n\n\n<p>&nbsp;<\/p>\n\n\n\n<p><a href=\"https:\/\/webs.uab.cat\/zkpq\/descripcio-del-questionari\/\" data-type=\"page\" data-id=\"295\">Descripci\u00f3 del Q\u00fcestionari de Personalitat de Zuckerman-Kuhlman<\/a><\/p>\n\n\n<div class=\"wp-block-image\">\n<figure class=\"aligncenter\"><img loading=\"lazy\" decoding=\"async\" width=\"450\" height=\"600\" src=\"https:\/\/webs.uab.cat\/zkpq\/wp-content\/uploads\/sites\/270\/2009\/05\/inicizkpq.png\" alt=\"inicizkpq.png\" class=\"wp-image-77\" srcset=\"https:\/\/webs.uab.cat\/zkpq\/wp-content\/uploads\/sites\/270\/2009\/05\/inicizkpq.png 450w, https:\/\/webs.uab.cat\/zkpq\/wp-content\/uploads\/sites\/270\/2009\/05\/inicizkpq-225x300.png 225w\" sizes=\"auto, (max-width: 450px) 100vw, 450px\" \/><\/figure>\n<\/div>","protected":false},"excerpt":{"rendered":"<p>Els objectius del Grup de Recerca Estudis en Personalitat i Difer\u00e8ncies Individuals&nbsp;(GEPDI) es centren en cinc eixos b\u00e0sics: Donar resposta a q\u00fcestions no resoltes, tant te\u00f2riques com metodol\u00f2giques, de la pr\u00f2pia disciplina. Aplicar la psicologia de la personalitat a \u00e0mbits socials diversos (conductes de risc per a la salut, conducta prosocial, conducta antisocial,&#8230;). Adaptar i [&hellip;]<\/p>\n","protected":false},"author":20,"featured_media":0,"parent":0,"menu_order":0,"comment_status":"closed","ping_status":"closed","template":"","meta":{"footnotes":""},"class_list":["post-80","page","type-page","status-publish","hentry"],"_links":{"self":[{"href":"https:\/\/webs.uab.cat\/zkpq\/wp-json\/wp\/v2\/pages\/80","targetHints":{"allow":["GET"]}}],"collection":[{"href":"https:\/\/webs.uab.cat\/zkpq\/wp-json\/wp\/v2\/pages"}],"about":[{"href":"https:\/\/webs.uab.cat\/zkpq\/wp-json\/wp\/v2\/types\/page"}],"author":[{"embeddable":true,"href":"https:\/\/webs.uab.cat\/zkpq\/wp-json\/wp\/v2\/users\/20"}],"replies":[{"embeddable":true,"href":"https:\/\/webs.uab.cat\/zkpq\/wp-json\/wp\/v2\/comments?post=80"}],"version-history":[{"count":1,"href":"https:\/\/webs.uab.cat\/zkpq\/wp-json\/wp\/v2\/pages\/80\/revisions"}],"predecessor-version":[{"id":427,"href":"https:\/\/webs.uab.cat\/zkpq\/wp-json\/wp\/v2\/pages\/80\/revisions\/427"}],"wp:attachment":[{"href":"https:\/\/webs.uab.cat\/zkpq\/wp-json\/wp\/v2\/media?parent=80"}],"curies":[{"name":"wp","href":"https:\/\/api.w.org\/{rel}","templated":true}]}}