{"id":81,"date":"2009-05-25T13:20:37","date_gmt":"2009-05-25T11:20:37","guid":{"rendered":"https:\/\/webs.uab.cat\/zkpq\/recerca\/"},"modified":"2009-05-25T13:20:37","modified_gmt":"2009-05-25T11:20:37","slug":"recerca","status":"publish","type":"page","link":"https:\/\/webs.uab.cat\/zkpq\/recerca\/","title":{"rendered":"Recerca"},"content":{"rendered":"<p><strong>Principals \u00e0mbits d\u2019investigaci\u00f3 de l\u2019equip:<\/strong><\/p>\n<p>Model biol\u00f2gic dels Cinc Factors Alternatius de la Personalitat (ZKPQ).&nbsp;<br \/>\nPersonalitat i intel\u00b7lig\u00e8ncia.<br \/>\nPersonalitat i salut.<br \/>\nPersonalitat i afrontament.<br \/>\nPersonalitat, expectatives i consum d\u2019alcohol.<br \/>\nPersonalitat i conducta delictiva.<br \/>\nPersonalitat i Trastorn L\u00edmit (TLP).<br \/>\nPersonalitat i m\u00fasica.<br \/>\nPersonalitat i ritmes biol\u00f2gics.<\/p>\n","protected":false},"excerpt":{"rendered":"<p>Principals \u00e0mbits d\u2019investigaci\u00f3 de l\u2019equip: Model biol\u00f2gic dels Cinc Factors Alternatius de la Personalitat (ZKPQ).&nbsp; Personalitat i intel\u00b7lig\u00e8ncia. Personalitat i salut. Personalitat i afrontament. Personalitat, expectatives i consum d\u2019alcohol. Personalitat i conducta delictiva. Personalitat i Trastorn L\u00edmit (TLP). Personalitat i m\u00fasica. Personalitat i ritmes biol\u00f2gics.<\/p>\n","protected":false},"author":20,"featured_media":0,"parent":0,"menu_order":0,"comment_status":"closed","ping_status":"closed","template":"","meta":{"footnotes":""},"class_list":["post-81","page","type-page","status-publish","hentry"],"_links":{"self":[{"href":"https:\/\/webs.uab.cat\/zkpq\/wp-json\/wp\/v2\/pages\/81","targetHints":{"allow":["GET"]}}],"collection":[{"href":"https:\/\/webs.uab.cat\/zkpq\/wp-json\/wp\/v2\/pages"}],"about":[{"href":"https:\/\/webs.uab.cat\/zkpq\/wp-json\/wp\/v2\/types\/page"}],"author":[{"embeddable":true,"href":"https:\/\/webs.uab.cat\/zkpq\/wp-json\/wp\/v2\/users\/20"}],"replies":[{"embeddable":true,"href":"https:\/\/webs.uab.cat\/zkpq\/wp-json\/wp\/v2\/comments?post=81"}],"version-history":[{"count":0,"href":"https:\/\/webs.uab.cat\/zkpq\/wp-json\/wp\/v2\/pages\/81\/revisions"}],"wp:attachment":[{"href":"https:\/\/webs.uab.cat\/zkpq\/wp-json\/wp\/v2\/media?parent=81"}],"curies":[{"name":"wp","href":"https:\/\/api.w.org\/{rel}","templated":true}]}}