{"id":88,"date":"2009-05-25T13:22:03","date_gmt":"2009-05-25T11:22:03","guid":{"rendered":"https:\/\/webs.uab.cat\/zkpq\/equip\/"},"modified":"2022-11-16T09:00:37","modified_gmt":"2022-11-16T07:00:37","slug":"equip","status":"publish","type":"page","link":"https:\/\/webs.uab.cat\/zkpq\/equip\/","title":{"rendered":"Equip"},"content":{"rendered":"<div class=\"wp-block-image\">\n<figure class=\"aligncenter\"><img decoding=\"async\" src=\"http:\/\/grupsderecerca.uab.cat\/zkpq\/sites\/grupsderecerca.uab.cat.zkpq\/files\/4315_85324523954_759783954_1699447_8125004_n_0.jpg\" alt=\"\"\/><figcaption><strong>L&#8217;equip del GEPDI amb el Prof. Marvin Zuckerman (al centre, assegut)<\/strong><\/figcaption><\/figure>\n<\/div>\n\n\n<h2 class=\"wp-block-heading\"><strong>Investigador principal:<\/strong><\/h2>\n\n\n\n<p><strong>Montserrat Gom\u00e0-i-Freixanet<\/strong>. PhD.&nbsp;<a href=\"http:\/\/orcid.org\/0000-0003-3146-1750\" target=\"_blank\" rel=\"noopener\"><img loading=\"lazy\" decoding=\"async\" class=\" size-full wp-image-82\" style=\"padding: 0 ! important; background-color: #fff ! important;\" src=\"https:\/\/webs.uab.cat\/zkpq\/wp-content\/uploads\/sites\/270\/2009\/05\/id.png\" alt=\"id.png\" width=\"16\" height=\"16\"><\/a><a href=\"https:\/\/publons.com\/researcher\/2804192\/montserrat-goma-i-freixanet\/\" target=\"_blank\" rel=\"noopener\"><img loading=\"lazy\" decoding=\"async\" class=\" size-full wp-image-85\" style=\"padding: 0 ! important; background-color: #fff ! important;\" src=\"https:\/\/webs.uab.cat\/zkpq\/wp-content\/uploads\/sites\/270\/2009\/05\/logoresearcherid.png\" alt=\"logoresearcherid.png\" width=\"30\" height=\"21\"><\/a><br>Dpt. Psicologia Cl\u00ednica i de la Salut<br>Facultat de Psicologia&nbsp;<br>Universitat Aut\u00f2noma de Barcelona<br>Catalunya, Espanya<\/p>\n\n\n\n<h2 class=\"wp-block-heading\"><strong>Investigadors responsables:<\/strong><\/h2>\n\n\n\n<p><strong>Sergi Valero i Ventura<\/strong>. PhD.<br>Fundaci\u00f3 ACE&nbsp;<br>Institut Catal\u00e0 de Neuroci\u00e8ncies Aplicades<br>Barcelona<\/p>\n\n\n\n<p><strong>Irene Ramos Grille<\/strong>. PhD.<br>Dpt. Psicologia Cl\u00ednica i de la Salut&nbsp;<br>Facultat de Psicologia<br>Universitat Aut\u00f2noma de Barcelona<\/p>\n\n\n\n<p><strong>Anna Muro i Rodr\u00edguez<\/strong>. PhD.<br>Dpt. Psicologia Cl\u00ednica i de la Salut<br>Facultat de Psicologia&nbsp;<br>Universitat Aut\u00f2noma de Barcelona<\/p>\n\n\n\n<p><strong>Albert D\u00edaz Mart\u00ednez<\/strong>. Psic\u00f2leg.<br>Dpt. Psicologia Cl\u00ednica i de la Salut<br>Facultat de Psicologia&nbsp;<br>Universitat Aut\u00f2noma de Barcelona<br>&nbsp;<\/p>\n\n\n\n<h2 class=\"wp-block-heading\"><strong>Altres investigadors-col\u00b7laboradors:<\/strong><\/h2>\n\n\n\n<ul class=\"wp-block-list\"><li><strong>Yolanda Mart\u00ednez Ortega<\/strong><\/li><li><strong>Valent\u00edn Calvo Rojas<\/strong><\/li><li><strong>Mariona Portell Vidal<\/strong><\/li><li><strong>Florim Gallopeni<\/strong><\/li><li><strong>Samaneh Jamshidi<\/strong><\/li><li><strong>Iolao Mir Garr\u00e9s<\/strong><\/li><li><strong>Josep Pla i Cort\u00e9s<\/strong><\/li><\/ul>\n\n\n\n<h2 class=\"wp-block-heading\"><strong>Altres col\u00b7laboradors:<\/strong><\/h2>\n\n\n\n<ul class=\"wp-block-list\"><li><strong>Corel Mateo Canedo<\/strong><\/li><li><strong>Gabriela Ferrero Ric\u00f3n<\/strong><\/li><li><strong>Andra Claudia Ciugulea<\/strong><\/li><\/ul>\n","protected":false},"excerpt":{"rendered":"<p>Investigador principal: Montserrat Gom\u00e0-i-Freixanet. PhD.&nbsp;Dpt. Psicologia Cl\u00ednica i de la SalutFacultat de Psicologia&nbsp;Universitat Aut\u00f2noma de BarcelonaCatalunya, Espanya Investigadors responsables: Sergi Valero i Ventura. PhD.Fundaci\u00f3 ACE&nbsp;Institut Catal\u00e0 de Neuroci\u00e8ncies AplicadesBarcelona Irene Ramos Grille. PhD.Dpt. Psicologia Cl\u00ednica i de la Salut&nbsp;Facultat de PsicologiaUniversitat Aut\u00f2noma de Barcelona Anna Muro i Rodr\u00edguez. PhD.Dpt. Psicologia Cl\u00ednica i de la SalutFacultat [&hellip;]<\/p>\n","protected":false},"author":20,"featured_media":0,"parent":0,"menu_order":0,"comment_status":"closed","ping_status":"closed","template":"","meta":{"footnotes":""},"class_list":["post-88","page","type-page","status-publish","hentry"],"_links":{"self":[{"href":"https:\/\/webs.uab.cat\/zkpq\/wp-json\/wp\/v2\/pages\/88","targetHints":{"allow":["GET"]}}],"collection":[{"href":"https:\/\/webs.uab.cat\/zkpq\/wp-json\/wp\/v2\/pages"}],"about":[{"href":"https:\/\/webs.uab.cat\/zkpq\/wp-json\/wp\/v2\/types\/page"}],"author":[{"embeddable":true,"href":"https:\/\/webs.uab.cat\/zkpq\/wp-json\/wp\/v2\/users\/20"}],"replies":[{"embeddable":true,"href":"https:\/\/webs.uab.cat\/zkpq\/wp-json\/wp\/v2\/comments?post=88"}],"version-history":[{"count":1,"href":"https:\/\/webs.uab.cat\/zkpq\/wp-json\/wp\/v2\/pages\/88\/revisions"}],"predecessor-version":[{"id":464,"href":"https:\/\/webs.uab.cat\/zkpq\/wp-json\/wp\/v2\/pages\/88\/revisions\/464"}],"wp:attachment":[{"href":"https:\/\/webs.uab.cat\/zkpq\/wp-json\/wp\/v2\/media?parent=88"}],"curies":[{"name":"wp","href":"https:\/\/api.w.org\/{rel}","templated":true}]}}