{"id":58,"date":"2025-04-03T09:57:38","date_gmt":"2025-04-03T07:57:38","guid":{"rendered":"https:\/\/webs.uab.cat\/zonas-activistas\/?page_id=58"},"modified":"2025-05-12T11:46:47","modified_gmt":"2025-05-12T09:46:47","slug":"presentacio","status":"publish","type":"page","link":"https:\/\/webs.uab.cat\/zonas-activistas\/presentacio\/","title":{"rendered":"PRESENTACI\u00d3"},"content":{"rendered":"\n<p>Benvinguts a la web del projecte Exchange&nbsp;Zones of Activism, de l\u2019Institut d\u2019Hist\u00f2ria de la Ci\u00e8ncia (iHC), de la Universitat Aut\u00f2noma de Barcelona (UAB).<\/p>\n\n\n\n<p>El projecte <em>Zonas de intercambio de resistencias epist\u00e9micas y alternativas en la innovaci\u00f3n: Activistas, movimientos populares y expertos, 1970s-1990s (EXCHANGEACTIV)<\/em> \u00e9s un projecte coordinat, liderat per l&#8217;investigador principal Jaume Valentines de la UAB.<\/p>\n\n\n\n<p>EXCHANGEACTIV \u00e9s un projecte de recerca finan\u00e7at pel programa &#8220;Proyectos de Generaci\u00f3n de Conocimiento\u201d (2023). \u00c9s un projecte coordinat i el t\u00edtol del projecte conjunt \u00e9s &#8220;Zonas de intercambio en la producci\u00f3n y regulaci\u00f3n de la tecnociencia en la Pen\u00ednsula Ib\u00e9rica: Acad\u00e9micos, activistas y industria, 1930s-1990s&#8221;, liderat per la UAB i amb l&#8217;<a href=\"https:\/\/www.uv.es\/uvweb\/instituto-universitario-historia-medicina-ciencia-lopez-pinero\/es\/proyectos-investigacion\/proyectos-investigacion-1286223455565.html?p2=1286409938007&amp;p5=TC;0;1&amp;idA=\">Institut d\u2019Hist\u00f2ria de la Medicina i de la Ci\u00e8ncia L\u00f3pez Pi\u00f1ero<\/a> (de la Universitat de Val\u00e8ncia) com a partner.<\/p>\n\n\n\n<p>El projecte t\u00e9 una vig\u00e8ncia fins l&#8217;any 2028 i compta amb una bec\u00e0ria FPI.<\/p>\n\n\n\n<p>El conjunt del projecte se&nbsp;centrar\u00e0 a Espanya i Portugal des dels anys 30 fins als 90, prestant especial atenci\u00f3 \u2013com a novetat- al per\u00edode posterior a la caiguda de les dues dictadures ib\u00e8riques ia les dimensions transnacionals.<br>El subprojecte de la UAB, &#8220;Zones d&#8217;intercanvi de resist\u00e8ncies epist\u00e8miques i alternatives a la innovaci\u00f3: Activistes, moviments populars i&nbsp;experts&#8221; aprofundir\u00e0 en les &#8220;zones d&#8217;intercanvi&#8221; clau entre activistes, grups de base i experts a la Pen\u00ednsula Ib\u00e8rica durant les&nbsp;darreres d\u00e8cades del segle XX. Aix\u00f2 ens ajuda a comprendre des d&#8217;una perspectiva hist\u00f2rica m\u00e9s profunda debats cient\u00edfics actuals&nbsp;que estan fortament modelats per actors no especialitzats. El subprojecte se centrar\u00e0 espec\u00edficament en dos dominis&nbsp;interrelacionats 1. L&#8217;activisme com a actor epist\u00e8mic&nbsp;i 2. L&#8217;activisme com a motor d&#8217;innovaci\u00f3&nbsp;i abordar\u00e0 tres l\u00ednies de&nbsp;investigaci\u00f3:&nbsp;1. Medi ambient,&nbsp;2. El cos,&nbsp;3. La ciutat.<\/p>\n\n\n\n<div class=\"wp-block-cover alignfull\" style=\"padding-top:4vw;padding-right:4vw;padding-bottom:4vw;padding-left:4vw;min-height:66vh;aspect-ratio:unset;\"><span aria-hidden=\"true\" class=\"wp-block-cover__background has-black-background-color has-background-dim-100 has-background-dim\"><\/span><div class=\"wp-block-cover__inner-container is-layout-flow wp-block-cover-is-layout-flow\">\n<div class=\"wp-block-group is-content-justification-center is-nowrap is-layout-flex wp-container-core-group-is-layout-dbad4144 wp-block-group-is-layout-flex\">\n<figure class=\"wp-block-image size-large\"><a href=\"https:\/\/thato.test\/?page_id=28\"><img decoding=\"async\" src=\"https:\/\/pd.w.org\/2022\/01\/84661f60659149cc8.02053291.jpg\" alt=\"\" \/><\/a><\/figure>\n\n\n\n<figure class=\"wp-block-image size-large\"><a href=\"https:\/\/thato.test\/?page_id=28\"><img decoding=\"async\" src=\"https:\/\/pd.w.org\/2022\/01\/21261f60ba46147b0.97888240.jpg\" alt=\"\" \/><\/a><\/figure>\n<\/div>\n<\/div><\/div>\n","protected":false},"excerpt":{"rendered":"<p>Benvinguts a la web del projecte Exchange&nbsp;Zones of Activism, de l\u2019Institut d\u2019Hist\u00f2ria de la Ci\u00e8ncia (iHC), de la Universitat Aut\u00f2noma de Barcelona (UAB). El projecte Zonas de intercambio de resistencias epist\u00e9micas y alternativas en la innovaci\u00f3n: Activistas, movimientos populares y expertos, 1970s-1990s (EXCHANGEACTIV) \u00e9s un projecte coordinat, liderat per l&#8217;investigador principal Jaume Valentines de la [&hellip;]<\/p>\n","protected":false},"author":3042,"featured_media":0,"parent":0,"menu_order":0,"comment_status":"closed","ping_status":"closed","template":"","meta":{"footnotes":""},"class_list":["post-58","page","type-page","status-publish","hentry"],"_links":{"self":[{"href":"https:\/\/webs.uab.cat\/zonas-activistas\/wp-json\/wp\/v2\/pages\/58","targetHints":{"allow":["GET"]}}],"collection":[{"href":"https:\/\/webs.uab.cat\/zonas-activistas\/wp-json\/wp\/v2\/pages"}],"about":[{"href":"https:\/\/webs.uab.cat\/zonas-activistas\/wp-json\/wp\/v2\/types\/page"}],"author":[{"embeddable":true,"href":"https:\/\/webs.uab.cat\/zonas-activistas\/wp-json\/wp\/v2\/users\/3042"}],"replies":[{"embeddable":true,"href":"https:\/\/webs.uab.cat\/zonas-activistas\/wp-json\/wp\/v2\/comments?post=58"}],"version-history":[{"count":3,"href":"https:\/\/webs.uab.cat\/zonas-activistas\/wp-json\/wp\/v2\/pages\/58\/revisions"}],"predecessor-version":[{"id":107,"href":"https:\/\/webs.uab.cat\/zonas-activistas\/wp-json\/wp\/v2\/pages\/58\/revisions\/107"}],"wp:attachment":[{"href":"https:\/\/webs.uab.cat\/zonas-activistas\/wp-json\/wp\/v2\/media?parent=58"}],"curies":[{"name":"wp","href":"https:\/\/api.w.org\/{rel}","templated":true}]}}