{"id":64,"date":"2025-04-03T10:01:26","date_gmt":"2025-04-03T08:01:26","guid":{"rendered":"https:\/\/webs.uab.cat\/zonas-activistas\/?page_id=64"},"modified":"2025-05-27T12:46:49","modified_gmt":"2025-05-27T10:46:49","slug":"activitats","status":"publish","type":"page","link":"https:\/\/webs.uab.cat\/zonas-activistas\/activitats\/","title":{"rendered":"ACTIVITATS"},"content":{"rendered":"\n<div class=\"wp-block-group alignfull\"><div class=\"wp-block-group__inner-container is-layout-constrained wp-block-group-is-layout-constrained\">\n<div class=\"wp-block-group alignfull is-content-justification-space-between is-layout-flex wp-container-core-group-is-layout-0b2df045 wp-block-group-is-layout-flex\" style=\"padding-top:var(--wp--preset--spacing--30);padding-right:var(--wp--preset--spacing--30);padding-bottom:var(--wp--preset--spacing--30);padding-left:var(--wp--preset--spacing--30)\">\n<div class=\"wp-block-group is-layout-flex wp-block-group-is-layout-flex\">\n<div class=\"wp-block-group is-vertical is-layout-flex wp-container-core-group-is-layout-5d5a54e7 wp-block-group-is-layout-flex\"><h1 class=\"has-link-color wp-elements-234e57400cf5587740bb7caa261d6fc4 wp-block-site-title has-medium-font-size\"><a href=\"https:\/\/webs.uab.cat\/zonas-activistas\" target=\"_self\" rel=\"home\">Activistas, movimientos populares y expertos, 1970s-1990s. Zonas de intercambio de resistencias epist\u00e9micas y alternativas en la innovaci\u00f3n.<\/a><\/h1><\/div>\n<\/div>\n<\/div>\n\n\n\n<p><\/p>\n<\/div><\/div>\n\n\n\n<h1 class=\"wp-block-heading\" style=\"font-size:38px;line-height:1.4\"><strong><strong>T\u00e0ndems de sabers per a la hist\u00f2ria \u00fatil i les mobilitats justes<\/strong><\/strong>, 23\/05\/2025, 12:30h<\/h1>\n\n\n\n<div class=\"wp-block-columns is-layout-flex wp-container-core-columns-is-layout-9d6595d7 wp-block-columns-is-layout-flex\">\n<div class=\"wp-block-column is-layout-flow wp-block-column-is-layout-flow\">\n<p style=\"font-size:18px\"><strong>Amb la participaci\u00f3 de:-Lu\u00edsa Sousa <\/strong>(Universidade NOVA Lisboa i editora de Cycling Cities Lisbon)<strong>-Xavier Prat<\/strong> (Factor\u00eda de Ciclistas i exmembre de Biciclot)<strong>-Txetxu Mart\u00ednez-Mara\u00f1\u00f3n <\/strong>(fundador d&#8217;Amics de la Bici)<strong>-Santiago Gorostiza <\/strong>(Lund University)-<strong>Pedro G\u00f3mez (<\/strong>mec\u00e0nic de VAIC-UAB).<\/p>\n\n\n\n<figure class=\"wp-block-image size-large\"><img loading=\"lazy\" decoding=\"async\" width=\"724\" height=\"1024\" src=\"https:\/\/webs.uab.cat\/zonas-activistas\/wp-content\/uploads\/sites\/651\/2025\/05\/tandems.sabers-724x1024.jpg\" alt=\"\" class=\"wp-image-110\" srcset=\"https:\/\/webs.uab.cat\/zonas-activistas\/wp-content\/uploads\/sites\/651\/2025\/05\/tandems.sabers-724x1024.jpg 724w, https:\/\/webs.uab.cat\/zonas-activistas\/wp-content\/uploads\/sites\/651\/2025\/05\/tandems.sabers-212x300.jpg 212w, https:\/\/webs.uab.cat\/zonas-activistas\/wp-content\/uploads\/sites\/651\/2025\/05\/tandems.sabers-768x1086.jpg 768w, https:\/\/webs.uab.cat\/zonas-activistas\/wp-content\/uploads\/sites\/651\/2025\/05\/tandems.sabers-1086x1536.jpg 1086w, https:\/\/webs.uab.cat\/zonas-activistas\/wp-content\/uploads\/sites\/651\/2025\/05\/tandems.sabers-1200x1697.jpg 1200w, https:\/\/webs.uab.cat\/zonas-activistas\/wp-content\/uploads\/sites\/651\/2025\/05\/tandems.sabers.jpg 1241w\" sizes=\"auto, (max-width: 724px) 100vw, 724px\" \/><\/figure>\n<\/div>\n\n\n\n<div class=\"wp-block-column is-layout-flow wp-block-column-is-layout-flow\">\n<p style=\"font-size:18px\">Despr\u00e9s d\u2019uns anys voltant per Portugal, el cicle \u00abCi\u00e8ncia, Tecnologia i Medicina a les Places\u00bb torna a Barcelona. Des del 2012, ha estat un espai de trobada d&#8217;activistes i acad\u00e8miques amb mirades afins i amb mires a la transformaci\u00f3 social (https:\/\/schct.iec.cat\/ciencia-a-les-places; https:\/\/schct.iec.cat\/sisena-sessio). S\u2019hi han abordat temes com la transsexualitat, les tecnologies antiimmigraci\u00f3, els transg\u00e8nics, l\u2019energia nuclear o la mineria de l\u2019urani. Les sessions volen servir per a compartir experi\u00e8ncies i entendre com els sabers comunitaris, ve\u00efnals i activistes dialoguen, es tensionen, es nodreixen amb els coneixements experts (inclosos els historiogr\u00e0fics) i s\u00f3n fonamentals per a produir just\u00edcia social (en particular, mobility justice, en termes de Mimi Sheller).&nbsp;<\/p>\n\n\n<ul class=\"wp-block-categories-list wp-block-categories\"><li class=\"cat-item-none\">Cap etiqueta<\/li><\/ul>\n\n\n<p>Aquesta sessi\u00f3 \u00e9s part del cicle \u00abCi\u00e8ncia, Tecnologia i Medicina a les Places\u00bb, un espai de trobada d&#8217;activistes i acad\u00e8miques amb mirades afins i amb mires a la transformaci\u00f3 social. Enguany, est\u00e0 dedicada a la bicicleta i les participants ens parlaran de tres eines claus per a afrontar els debats actuals sobre sostenibilitat, urbanisme i dret a la ciutat:<\/p>\n\n\n\n<p>1. Els&nbsp;<em>history labs<\/em>&nbsp;com a vies de co-creaci\u00f3 d&#8217;hist\u00f2ria i projecci\u00f3 de futur m\u00e9s enll\u00e0 de l&#8217;acad\u00e8mia<\/p>\n\n\n\n<p>2. Els&nbsp;<em>mobility studies<\/em>&nbsp;com a noves cru\u00eflles interdisciplin\u00e0ries de la hist\u00f2ria de la ci\u00e8ncia<\/p>\n\n\n\n<p>3. Els&nbsp;<em>sabers activistes<\/em>&nbsp;i la resist\u00e8ncia creativa de moviments socials que han confrontat la mirada experta mentre produ\u00efen nous imaginaris i realitats sociot\u00e8cniques. (una descripci\u00f3 m\u00e9s llarga, a baix)<\/p>\n<\/div>\n<\/div>\n\n\n\n<p><\/p>\n\n\n\n<h2 class=\"wp-block-heading\" style=\"font-size:38px;line-height:1.4\"><strong><strong>Grup&nbsp;de Lectura en Hist\u00f2ria de la Tecnologia<\/strong><\/strong>, 07\/05\/2025, 14h<\/h2>\n\n\n\n<div class=\"wp-block-columns is-layout-flex wp-container-core-columns-is-layout-9d6595d7 wp-block-columns-is-layout-flex\">\n<div class=\"wp-block-column is-layout-flow wp-block-column-is-layout-flow\">\n<p style=\"font-size:18px\">El Grup de Lectura en Hist\u00f2ria de la Tecnologia es va reunir el 7 de maig de 2025 per treballar la seg\u00fcent lectura: \u201c<strong>HSS, the FBI, and the Unabomber\u201d<\/strong>, de W. Patrick McCray i Jeffrey Mathias, <a href=\"https:\/\/www.journals.uchicago.edu\/doi\/10.1086\/731606\">The University of Chicago Press Journals<\/a><\/p>\n<\/div>\n\n\n\n<div class=\"wp-block-column is-layout-flow wp-block-column-is-layout-flow\">\n<p style=\"font-size:18px\">El Grup de Lectura en Hist\u00f2ria de la Tecnologia est\u00e0 organizat&nbsp;pels&nbsp;Doctors:&nbsp;Gemma Cirac-Claveras (UAB), E\u00f3in Phillips (URL), Jaume Sastre-Juan (UAB) i&nbsp;Jaume Valentines-\u00c1lvarez (UAB).<\/p>\n\n\n\n<p>Durant el curs 24-25, podeu enviar un correu electr\u00f2nic al Dr. Jaume Valentines, per dubtes i consultes:&nbsp;&nbsp;<a href=\"mailto:jaume.valentines.alvarez@uab.cat\" target=\"_blank\" rel=\"noreferrer noopener\">jaume.valentines.alvarez@uab.cat<\/a>&nbsp;&nbsp;<\/p>\n<\/div>\n<\/div>\n\n\n\n<h2 class=\"wp-block-heading\" style=\"font-size:38px;line-height:1.4\"><strong><strong>JORNADA: \u201cArxivant el patrimoni documental de la ci\u00e8ncia i els moviments socials\u201d<\/strong><\/strong>, 23 i 24 de gener 2025<\/h2>\n\n\n\n<div class=\"wp-block-columns is-layout-flex wp-container-core-columns-is-layout-9d6595d7 wp-block-columns-is-layout-flex\">\n<div class=\"wp-block-column is-layout-flow wp-block-column-is-layout-flow\">\n<p style=\"font-size:18px\"><img loading=\"lazy\" decoding=\"async\" width=\"87\" height=\"132\" class=\"wp-image-132\" style=\"width: 115px\" src=\"https:\/\/webs.uab.cat\/zonas-activistas\/wp-content\/uploads\/sites\/651\/2025\/05\/logo-institut-valencia-1.jpg\" alt=\"\"><\/p>\n<\/div>\n\n\n\n<div class=\"wp-block-column is-layout-flow wp-block-column-is-layout-flow\">\n<p style=\"font-size:18px\"><strong>23-24 de gener de 2025. Sal\u00f3 d&#8217;actes, Palau Cerver\u00f3<\/strong><\/p>\n\n\n\n<p><strong><a href=\"https:\/\/www.uv.es\/uvweb\/institut-universitari-historia-medicina-ciencia-lopez-pinero\/ca\/projectes-investigacio\/projectes-investigacio-1286223455565.html?p2=1286409938007&amp;p5=TC;8\">Institut Interuniversitari L\u00f3pez Pi\u00f1ero<\/a><\/strong><\/p>\n\n\n\n<p>Coordinaci\u00f3: &#8220;Francesca Antonelli (Universit\u00e0 di Bologna), Luz Narbona (IILP-UV) i Ximo Guillem (IILP-UV)&#8221;<\/p>\n\n\n\n<p>Presencial i en streaming<\/p>\n\n\n\n<p>Dijous 23 de gener 2025<\/p>\n\n\n\n<p>17:00 Confer\u00e8ncia inaugural Joan Boadas (<em>Emmett Leahy Award&nbsp;<\/em>2022)<\/p>\n\n\n\n<p><strong>Arxius: una mirada poli\u00e8drica en un entorn de canvi<\/strong><\/p>\n\n\n\n<p>Divendres 24 de gener 2025<\/p>\n\n\n\n<p>9:00&nbsp;<strong>Arxius de ci\u00e8ncia. Una mirada des de la hist\u00f2ria de la ci\u00e8ncia<\/strong><\/p>\n\n\n\n<p>Xavi Roqu\u00e9 (Institut d\u2019Hist\u00f2ria de la Ci\u00e8ncia &#8211; UAB). \u201cEls arxius de ci\u00e8ncia i la pr\u00e0ctica de la ci\u00e8ncia contempor\u00e0nia\u201d<\/p>\n\n\n\n<p>Marta Velasco (Departamento de Ciencias M\u00e9dicas &#8211; Universidad de Castilla La Mancha). \u201cMujeres y archivos biom\u00e9dicos: metodolog\u00edas para mirar y clasificar de otras formas\u201d.<\/p>\n\n\n\n<p>10:30 Descans<\/p>\n\n\n\n<p>11:00&nbsp;<strong>Arxius de ci\u00e8ncia. Una mirada des de l\u2019arxiu<\/strong><\/p>\n\n\n\n<p>Rebeca S\u00e1nchez (Unidad de Recursos de Informaci\u00f3n Cient\u00edfica para la Investigaci\u00f3n\u2013Delegaci\u00f3n CSIC en Comunidad Valenciana). \u201cArxius per a la Ci\u00e8ncia en el CSIC\u201d<\/p>\n\n\n\n<p>Irene Mancl\u00fas (Arxiu Hist\u00f2ric de la Universitat de Val\u00e8ncia). \u201cL&#8217;arxiu universitari i la investigaci\u00f3\u201d.<\/p>\n\n\n\n<p>11:30 Descans<\/p>\n\n\n\n<p>12:00&nbsp;<strong>Ci\u00e8ncia als arxius dels moviments socials<\/strong><\/p>\n\n\n\n<p>Alberto Berzosa (Universidad de Murcia \/ Universidad Aut\u00f3noma de Madrid)<\/p>\n\n\n\n<p>Jaume Valentines (Institut d\u2019Hist\u00f2ria de la Ci\u00e8ncia \u2013 UAB)<\/p>\n\n\n\n<p>13:30 dinar<\/p>\n\n\n\n<p>16:00 Irina Podgorny (Universidad Nacional de La Plata, Argentina).<\/p>\n\n\n\n<p><strong>Conocimiento, archivos y burocracia en el mundo tardo-colonial: de la administraci\u00f3n de los reinos al comercio de manuscritos y a las ciencias del siglo XIX<\/strong><\/p>\n\n\n\n<p>Projecte coordinat del Ministerio de Ciencia e Innovaci\u00f3n<\/p>\n\n\n\n<p><strong>PID-2023-150413NB-C22 i PID-2023-150413NB-C21<\/strong><\/p>\n<\/div>\n<\/div>\n\n\n\n<figure class=\"wp-block-image size-full\"><img loading=\"lazy\" decoding=\"async\" width=\"405\" height=\"124\" src=\"https:\/\/webs.uab.cat\/zonas-activistas\/wp-content\/uploads\/sites\/651\/2025\/05\/logo-ministerio-ciencia.png\" alt=\"\" class=\"wp-image-130\" srcset=\"https:\/\/webs.uab.cat\/zonas-activistas\/wp-content\/uploads\/sites\/651\/2025\/05\/logo-ministerio-ciencia.png 405w, https:\/\/webs.uab.cat\/zonas-activistas\/wp-content\/uploads\/sites\/651\/2025\/05\/logo-ministerio-ciencia-300x92.png 300w\" sizes=\"auto, (max-width: 405px) 100vw, 405px\" \/><\/figure>\n","protected":false},"excerpt":{"rendered":"<p>T\u00e0ndems de sabers per a la hist\u00f2ria \u00fatil i les mobilitats justes, 23\/05\/2025, 12:30h Amb la participaci\u00f3 de:-Lu\u00edsa Sousa (Universidade NOVA Lisboa i editora de Cycling Cities Lisbon)-Xavier Prat (Factor\u00eda de Ciclistas i exmembre de Biciclot)-Txetxu Mart\u00ednez-Mara\u00f1\u00f3n (fundador d&#8217;Amics de la Bici)-Santiago Gorostiza (Lund University)-Pedro G\u00f3mez (mec\u00e0nic de VAIC-UAB). Despr\u00e9s d\u2019uns anys voltant per Portugal, [&hellip;]<\/p>\n","protected":false},"author":3042,"featured_media":0,"parent":0,"menu_order":0,"comment_status":"closed","ping_status":"closed","template":"","meta":{"footnotes":""},"class_list":["post-64","page","type-page","status-publish","hentry"],"_links":{"self":[{"href":"https:\/\/webs.uab.cat\/zonas-activistas\/wp-json\/wp\/v2\/pages\/64","targetHints":{"allow":["GET"]}}],"collection":[{"href":"https:\/\/webs.uab.cat\/zonas-activistas\/wp-json\/wp\/v2\/pages"}],"about":[{"href":"https:\/\/webs.uab.cat\/zonas-activistas\/wp-json\/wp\/v2\/types\/page"}],"author":[{"embeddable":true,"href":"https:\/\/webs.uab.cat\/zonas-activistas\/wp-json\/wp\/v2\/users\/3042"}],"replies":[{"embeddable":true,"href":"https:\/\/webs.uab.cat\/zonas-activistas\/wp-json\/wp\/v2\/comments?post=64"}],"version-history":[{"count":7,"href":"https:\/\/webs.uab.cat\/zonas-activistas\/wp-json\/wp\/v2\/pages\/64\/revisions"}],"predecessor-version":[{"id":134,"href":"https:\/\/webs.uab.cat\/zonas-activistas\/wp-json\/wp\/v2\/pages\/64\/revisions\/134"}],"wp:attachment":[{"href":"https:\/\/webs.uab.cat\/zonas-activistas\/wp-json\/wp\/v2\/media?parent=64"}],"curies":[{"name":"wp","href":"https:\/\/api.w.org\/{rel}","templated":true}]}}