{"id":66,"date":"2025-04-03T10:02:01","date_gmt":"2025-04-03T08:02:01","guid":{"rendered":"https:\/\/webs.uab.cat\/zonas-activistas\/?page_id=66"},"modified":"2025-09-08T10:50:16","modified_gmt":"2025-09-08T08:50:16","slug":"outputs","status":"publish","type":"page","link":"https:\/\/webs.uab.cat\/zonas-activistas\/outputs\/","title":{"rendered":"OUTPUTS"},"content":{"rendered":"\n<div class=\"wp-block-group alignfull has-contrast-color has-text-color has-link-color wp-elements-f418a9bb175728d4e25da883d2507227 is-content-justification-space-between is-layout-flex wp-container-core-group-is-layout-fefaeca0 wp-block-group-is-layout-flex\" style=\"padding-top:var(--wp--preset--spacing--30);padding-right:var(--wp--preset--spacing--30);padding-bottom:var(--wp--preset--spacing--30);padding-left:var(--wp--preset--spacing--30)\"><\/div>\n\n\n\n<p><a href=\"https:\/\/ddd.uab.cat\/collection\/ihc?ln=ca&amp;as=1\">DDD iHC<\/a><\/p>\n\n\n\n<p><\/p>\n\n\n\n<h2 class=\"wp-block-heading\" style=\"font-size:38px;line-height:1.4\">New book: <strong>Cycling Cities: the Lisbon Experience<\/strong><\/h2>\n\n\n\n<div class=\"wp-block-columns is-layout-flex wp-container-core-columns-is-layout-9d6595d7 wp-block-columns-is-layout-flex\">\n<div class=\"wp-block-column is-layout-flow wp-block-column-is-layout-flow\">\n<p>O livro foi escrito no \u00e2mbito do projeto de investiga\u00e7\u00e3o\u00a0<a href=\"https:\/\/ciuhct.org\/investigacao\/hi-biclab-laboratorio-de-historia-para-mobilidades-urbanas-sustentaveis-politicas-ciclaveis-de-lisboa\" target=\"_blank\" rel=\"noreferrer noopener\">Hi-BicLab\u00a0&#8211;\u00a0<\/a>*<\/p>\n\n\n\n<figure class=\"wp-block-image size-full\"><img loading=\"lazy\" decoding=\"async\" width=\"794\" height=\"559\" src=\"https:\/\/webs.uab.cat\/zonas-activistas\/wp-content\/uploads\/sites\/651\/2025\/09\/image.png\" alt=\"\" class=\"wp-image-174\" srcset=\"https:\/\/webs.uab.cat\/zonas-activistas\/wp-content\/uploads\/sites\/651\/2025\/09\/image.png 794w, https:\/\/webs.uab.cat\/zonas-activistas\/wp-content\/uploads\/sites\/651\/2025\/09\/image-300x211.png 300w, https:\/\/webs.uab.cat\/zonas-activistas\/wp-content\/uploads\/sites\/651\/2025\/09\/image-768x541.png 768w\" sizes=\"auto, (max-width: 794px) 100vw, 794px\" \/><\/figure>\n\n\n\n<p><a href=\"https:\/\/ciuhct.org\/investigacao\/hi-biclab-laboratorio-de-historia-para-mobilidades-urbanas-sustentaveis-politicas-ciclaveis-de-lisboa\" target=\"_blank\" rel=\"noreferrer noopener\">Laborat\u00f3rio de Hist\u00f3ria para Mobilidades Urbanas Sustent\u00e1veis<\/a>, coordenado pelo Centro Interuniversit\u00e1rio de Hist\u00f3ria das Ci\u00eancias e da Tecnologia (CIUHCT) da Universidade de Lisboa e Universidade NOVA de Lisboa, e realizado em conjunto com as unidades de investiga\u00e7\u00e3o CIAUD &#8211;\u00a0Centro de Investiga\u00e7\u00e3o em Arquitectura, Urbanismo e Design,\u00a0da Faculdade de Arquitectura da Universidade de Lisboa, UECE &#8211;\u00a0Unidade de Estudos sobre Complexidade e Economia,\u00a0do ISEG, e GOVCOPP &#8211;\u00a0Unidade de Investiga\u00e7\u00e3o em Governa\u00e7\u00e3o, Competitividade e Pol\u00edticas P\u00fablicas,\u00a0da Universidade de Aveiro. O projeto foi financiado com fundos nacionais pela FCT\u2013 Funda\u00e7\u00e3o para a Ci\u00eancia e a Tecnologia, I.P., Portugal.<br>Nesta cerim\u00f3nia contamos a presen\u00e7a da Vice-Presidente\u00a0da Autoridade Nacional de Seguran\u00e7a Rodovi\u00e1ria, Ana Tomaz, da\u00a0Vice-Presidente da MUBi &#8211; Associa\u00e7\u00e3o pela Mobilidade Urbana em Bicicleta e co-autora do livro\u00a0<em>A Gloriosa Bicicleta<\/em>, Laura Alves, do consultor de mobilidade e\u00a0Secret\u00e1rio-Geral da IFP &#8211; Federa\u00e7\u00e3o Internacional de Pe\u00f5es, M\u00e1rio Alves, e da\u00a0Coordenadora da Estrat\u00e9gia Nacional para a Mobilidade Ativa do Instituto da Mobilidade e dos Transportes, I.P., Sofia Pires Bento\u00a0para assinalar a apresenta\u00e7\u00e3o do livro em papel.\u00a0<br>Este livro faz parte da s\u00e9rie de livros\u00a0<em>Cycling Cities<\/em>, que agora, com Lisboa, contar\u00e1 com uma an\u00e1lise hist\u00f3rica, social e de pol\u00edticas p\u00fablicas da utiliza\u00e7\u00e3o da bicicleta de 20 cidades em 11 pa\u00edses, no \u00e2mbito do projeto de investiga\u00e7\u00e3o\u00a0<a href=\"https:\/\/www.cyclingcities.info\/cycling-cities\/\" target=\"_blank\" rel=\"noreferrer noopener\">Sustainable Urban Mobility (SUM) project<\/a>\u00a0liderado\u00a0pela Funda\u00e7\u00e3o para a Hist\u00f3ria da Tecnologia da Universidade de Tecnologia de Eindhoven, nos Pa\u00edses Baixos.\u00a0<\/p>\n\n\n\n<p>O livro <strong><em>Cycling Cities: the Lisbon Experience<\/em><\/strong>\u00a0ser\u00e1\u00a0<strong>lan\u00e7ado no\u00a0<\/strong>\u00a0<a href=\"https:\/\/informacoeseservicos.lisboa.pt\/contactos\/diretorio-da-cidade\/centro-de-informacao-urbana-de-lisboa\" target=\"_blank\" rel=\"noreferrer noopener\"><strong>Centro de Informa\u00e7\u00e3o Urbana de Lisboa (CIUL)<\/strong>, na\u00a0Rua Viriato, 13 &#8211; Picoas Plaza, N\u00facleo 6-E, 1\u00ba, 1050-233 Lisboa<\/a>no pr\u00f3ximo dia\u00a0<strong>10 de Setembro, \u00e0s 18h<\/strong>. Desta vez, para vos informar que a inscri\u00e7\u00e3o gratuita, mas obrigat\u00f3ria, devido a restri\u00e7\u00f5es do espa\u00e7o, neste link:\u00a0<a href=\"https:\/\/forms.gle\/GPqYWuh41zzX4DyX7\" target=\"_blank\" rel=\"noreferrer noopener\">https:\/\/forms.gle\/GPqYWuh41zzX4DyX7<\/a>.<\/p>\n<\/div>\n<\/div>\n\n\n\n<p>*<strong>Hi-BicLab. Laborat\u00f3rio de Hist\u00f3ria para Mobilidades Urbanas Sustent\u00e1veis: Pol\u00edticas cicl\u00e1veis de Lisboa<\/strong>Financiado por fundos nacionais atrav\u00e9s da FCT\u2013 Funda\u00e7\u00e3o para a Ci\u00eancia e a Tecnologia, I.P., \u00abEXPL\/FER-HFC\/0847\/2021\u00bb (2022-2024). <a href=\"https:\/\/hibiclab.com\/pt\" target=\"_blank\" rel=\"noreferrer noopener\">http:\/\/hibiclab.ciuhct.org\/<\/a><\/p>\n\n\n\n<p><\/p>\n","protected":false},"excerpt":{"rendered":"<p>DDD iHC New book: Cycling Cities: the Lisbon Experience O livro foi escrito no \u00e2mbito do projeto de investiga\u00e7\u00e3o\u00a0Hi-BicLab\u00a0&#8211;\u00a0* Laborat\u00f3rio de Hist\u00f3ria para Mobilidades Urbanas Sustent\u00e1veis, coordenado pelo Centro Interuniversit\u00e1rio de Hist\u00f3ria das Ci\u00eancias e da Tecnologia (CIUHCT) da Universidade de Lisboa e Universidade NOVA de Lisboa, e realizado em conjunto com as unidades de [&hellip;]<\/p>\n","protected":false},"author":3042,"featured_media":0,"parent":0,"menu_order":0,"comment_status":"closed","ping_status":"closed","template":"","meta":{"footnotes":""},"class_list":["post-66","page","type-page","status-publish","hentry"],"_links":{"self":[{"href":"https:\/\/webs.uab.cat\/zonas-activistas\/wp-json\/wp\/v2\/pages\/66","targetHints":{"allow":["GET"]}}],"collection":[{"href":"https:\/\/webs.uab.cat\/zonas-activistas\/wp-json\/wp\/v2\/pages"}],"about":[{"href":"https:\/\/webs.uab.cat\/zonas-activistas\/wp-json\/wp\/v2\/types\/page"}],"author":[{"embeddable":true,"href":"https:\/\/webs.uab.cat\/zonas-activistas\/wp-json\/wp\/v2\/users\/3042"}],"replies":[{"embeddable":true,"href":"https:\/\/webs.uab.cat\/zonas-activistas\/wp-json\/wp\/v2\/comments?post=66"}],"version-history":[{"count":6,"href":"https:\/\/webs.uab.cat\/zonas-activistas\/wp-json\/wp\/v2\/pages\/66\/revisions"}],"predecessor-version":[{"id":175,"href":"https:\/\/webs.uab.cat\/zonas-activistas\/wp-json\/wp\/v2\/pages\/66\/revisions\/175"}],"wp:attachment":[{"href":"https:\/\/webs.uab.cat\/zonas-activistas\/wp-json\/wp\/v2\/media?parent=66"}],"curies":[{"name":"wp","href":"https:\/\/api.w.org\/{rel}","templated":true}]}}