{"id":70,"date":"2025-04-03T10:03:39","date_gmt":"2025-04-03T08:03:39","guid":{"rendered":"https:\/\/webs.uab.cat\/zonas-activistas\/?page_id=70"},"modified":"2025-05-27T09:43:15","modified_gmt":"2025-05-27T07:43:15","slug":"contacte","status":"publish","type":"page","link":"https:\/\/webs.uab.cat\/zonas-activistas\/contacte\/","title":{"rendered":"CONTACTE"},"content":{"rendered":"\n<div class=\"wp-block-columns alignwide is-layout-flex wp-container-core-columns-is-layout-9d6595d7 wp-block-columns-is-layout-flex\">\n<div class=\"wp-block-column is-layout-flow wp-block-column-is-layout-flow\">\n<div class=\"wp-block-group has-background\" style=\"background-color:#ffffff\"><div class=\"wp-block-group__inner-container is-layout-flow wp-block-group-is-layout-flow\">\n<h2 class=\"wp-block-heading has-text-align-center\">iHC<\/h2>\n\n\n\n<p class=\"has-text-align-center\"><a href=\"https:\/\/www.google.com\/maps\/place\/\/data=!4m2!3m1!1s0x12a4967f36a7d49b:0xb1369cb87461d658?sa=X&amp;ved=1t:8290&amp;ictx=111\">Universitat Aut\u00f2noma de Barcelona (UAB)<\/a><br><a href=\"https:\/\/www.google.com\/maps\/place\/\/data=!4m2!3m1!1s0x12a4967f36a7d49b:0xb1369cb87461d658?sa=X&amp;ved=1t:8290&amp;ictx=111\">M\u00f2dul de Recerca, Carrer de Can Magrans, s\/n, 08193 Bellaterra (Cerdanyola del Vall\u00e8s)<\/a><\/p>\n\n\n\n<div class=\"wp-block-buttons is-content-justification-center is-layout-flex wp-container-core-buttons-is-layout-16018d1d wp-block-buttons-is-layout-flex\">\n<div class=\"wp-block-button is-style-outline is-style-outline--1\"><a class=\"wp-block-button__link wp-element-button\" href=\"https:\/\/www.uab.cat\/web\/l-institut-1345823324201.html\">Visita la web de l&#8217;ihc aqu\u00ed<\/a><\/div>\n<\/div>\n<\/div><\/div>\n<\/div>\n\n\n\n<div class=\"wp-block-column is-layout-flow wp-block-column-is-layout-flow\">\n<div class=\"wp-block-group has-background\" style=\"background-color:#ffffff\"><div class=\"wp-block-group__inner-container is-layout-flow wp-block-group-is-layout-flow\">\n<h2 class=\"wp-block-heading has-text-align-center\">UAB<\/h2>\n\n\n\n<p class=\"has-text-align-center\"><a href=\"https:\/\/www.uab.cat\/web\/coneix-la-uab\/punt-d-informacio-1345671073930.html\"><strong>UABInfo &#8211; Punt d&#8217;informaci\u00f3<\/strong><\/a><br>Pla\u00e7a C\u00edvica, 08193 Bellaterra (Cerdanyola del Vall\u00e8s). Tel. + 34 93 581 11 11. \u00a0<a href=\"mailto:informacio@uab.cat\">informacio@uab.cat<\/a><\/p>\n\n\n\n<div class=\"wp-block-buttons is-content-justification-center is-layout-flex wp-container-core-buttons-is-layout-16018d1d wp-block-buttons-is-layout-flex\">\n<div class=\"wp-block-button is-style-outline is-style-outline--2\"><a class=\"wp-block-button__link wp-element-button\" href=\"https:\/\/www.uab.cat\/\">Visita la web de la uab aqu\u00ed<\/a><\/div>\n<\/div>\n<\/div><\/div>\n<\/div>\n<\/div>\n","protected":false},"excerpt":{"rendered":"<p>iHC Universitat Aut\u00f2noma de Barcelona (UAB)M\u00f2dul de Recerca, Carrer de Can Magrans, s\/n, 08193 Bellaterra (Cerdanyola del Vall\u00e8s) UAB UABInfo &#8211; Punt d&#8217;informaci\u00f3Pla\u00e7a C\u00edvica, 08193 Bellaterra (Cerdanyola del Vall\u00e8s). Tel. + 34 93 581 11 11. \u00a0informacio@uab.cat<\/p>\n","protected":false},"author":3042,"featured_media":0,"parent":0,"menu_order":0,"comment_status":"closed","ping_status":"closed","template":"","meta":{"footnotes":""},"class_list":["post-70","page","type-page","status-publish","hentry"],"_links":{"self":[{"href":"https:\/\/webs.uab.cat\/zonas-activistas\/wp-json\/wp\/v2\/pages\/70","targetHints":{"allow":["GET"]}}],"collection":[{"href":"https:\/\/webs.uab.cat\/zonas-activistas\/wp-json\/wp\/v2\/pages"}],"about":[{"href":"https:\/\/webs.uab.cat\/zonas-activistas\/wp-json\/wp\/v2\/types\/page"}],"author":[{"embeddable":true,"href":"https:\/\/webs.uab.cat\/zonas-activistas\/wp-json\/wp\/v2\/users\/3042"}],"replies":[{"embeddable":true,"href":"https:\/\/webs.uab.cat\/zonas-activistas\/wp-json\/wp\/v2\/comments?post=70"}],"version-history":[{"count":5,"href":"https:\/\/webs.uab.cat\/zonas-activistas\/wp-json\/wp\/v2\/pages\/70\/revisions"}],"predecessor-version":[{"id":123,"href":"https:\/\/webs.uab.cat\/zonas-activistas\/wp-json\/wp\/v2\/pages\/70\/revisions\/123"}],"wp:attachment":[{"href":"https:\/\/webs.uab.cat\/zonas-activistas\/wp-json\/wp\/v2\/media?parent=70"}],"curies":[{"name":"wp","href":"https:\/\/api.w.org\/{rel}","templated":true}]}}